{"id":4188,"date":"2024-05-24T07:08:31","date_gmt":"2024-05-24T07:08:31","guid":{"rendered":"https:\/\/dekodesignsystems.com\/shop\/deko-t-shirt-weiss\/"},"modified":"2026-01-14T14:42:40","modified_gmt":"2026-01-14T14:42:40","slug":"deko-t-shirt-weiss","status":"publish","type":"product","link":"https:\/\/dekodesignsystems.com\/de\/produkt\/deko-t-shirt-weiss\/","title":{"rendered":"Deko T-Shirt White"},"content":{"rendered":"<p>Das wei\u00dfe T-Shirt von Deko Design Systems ist mit unserem coolen Logo in leuchtendem Blau verziert, das die Innovation und Exzellenz symbolisiert, f\u00fcr die Deko Design Systems bekannt ist. Dieses T-Shirt ist aus hochwertigem, atmungsaktivem Stoff gefertigt und sorgt f\u00fcr ganzt\u00e4gigen Tragekomfort bei gleichzeitig elegantem Aussehen. Dieses vielseitige St\u00fcck eignet sich f\u00fcr jede Gelegenheit, von zwanglosen Ausfl\u00fcgen bis hin zu professionellen Veranstaltungen, und erm\u00f6glicht es Ihnen, Ihren Stolz auf Deko Design Systems mit m\u00fchelosem Stil zu zeigen.<\/p>\n","protected":false},"excerpt":{"rendered":"<p>Repr\u00e4sentieren Sie Ihr Lieblingsunternehmen f\u00fcr PU-B\u00f6den mit dem wei\u00dfen T-Shirt von Deko Design Systems! Dieses T-Shirt mit unserem leuchtend blauen Logo auf hochwertigem, atmungsaktivem Stoff vereint Komfort und Stil. Perfekt f\u00fcr jede Gelegenheit. Zeigen Sie m\u00fchelos Ihren Stolz auf Deko Design Systems.<\/p>\n","protected":false},"featured_media":4088,"template":"","meta":{"_acf_changed":false,"_uag_custom_page_level_css":"","site-sidebar-layout":"default","site-content-layout":"","ast-site-content-layout":"default","site-content-style":"default","site-sidebar-style":"default","ast-global-header-display":"","ast-banner-title-visibility":"","ast-main-header-display":"","ast-hfb-above-header-display":"","ast-hfb-below-header-display":"","ast-hfb-mobile-header-display":"","site-post-title":"","ast-breadcrumbs-content":"","ast-featured-img":"","footer-sml-layout":"","ast-disable-related-posts":"","theme-transparent-header-meta":"default","adv-header-id-meta":"","stick-header-meta":"default","header-above-stick-meta":"","header-main-stick-meta":"","header-below-stick-meta":"","astra-migrate-meta-layouts":"set","ast-page-background-enabled":"default","ast-page-background-meta":{"desktop":{"background-color":"var(--ast-global-color-4)","background-image":"","background-repeat":"repeat","background-position":"center center","background-size":"auto","background-attachment":"scroll","background-type":"","background-media":"","overlay-type":"","overlay-color":"","overlay-opacity":"","overlay-gradient":""},"tablet":{"background-color":"","background-image":"","background-repeat":"repeat","background-position":"center center","background-size":"auto","background-attachment":"scroll","background-type":"","background-media":"","overlay-type":"","overlay-color":"","overlay-opacity":"","overlay-gradient":""},"mobile":{"background-color":"","background-image":"","background-repeat":"repeat","background-position":"center center","background-size":"auto","background-attachment":"scroll","background-type":"","background-media":"","overlay-type":"","overlay-color":"","overlay-opacity":"","overlay-gradient":""}},"ast-content-background-meta":{"desktop":{"background-color":"var(--ast-global-color-5)","background-image":"","background-repeat":"repeat","background-position":"center center","background-size":"auto","background-attachment":"scroll","background-type":"","background-media":"","overlay-type":"","overlay-color":"","overlay-opacity":"","overlay-gradient":""},"tablet":{"background-color":"var(--ast-global-color-5)","background-image":"","background-repeat":"repeat","background-position":"center center","background-size":"auto","background-attachment":"scroll","background-type":"","background-media":"","overlay-type":"","overlay-color":"","overlay-opacity":"","overlay-gradient":""},"mobile":{"background-color":"var(--ast-global-color-5)","background-image":"","background-repeat":"repeat","background-position":"center center","background-size":"auto","background-attachment":"scroll","background-type":"","background-media":"","overlay-type":"","overlay-color":"","overlay-opacity":"","overlay-gradient":""}}},"product_brand":[],"product_cat":[131],"product_tag":[],"class_list":{"0":"post-4188","1":"product","2":"type-product","3":"status-publish","4":"has-post-thumbnail","6":"product_cat-handelswaren-de","7":"desktop-align-center","8":"tablet-align-left","9":"mobile-align-left","10":"ast-product-gallery-layout-horizontal-slider","11":"ast-magnify-disabled","12":"ast-product-single-variable","13":"ast-product-tabs-layout-accordion","15":"first","16":"instock","17":"taxable","18":"shipping-taxable","19":"purchasable","20":"product-type-variable","21":"has-default-attributes"},"acf":[],"yoast_head":"<!-- This site is optimized with the Yoast SEO plugin v26.9 - https:\/\/yoast.com\/product\/yoast-seo-wordpress\/ -->\n<title>Deko T-Shirt White | Deko Design Systems<\/title>\n<meta name=\"description\" content=\"Wei\u00dfes T-Shirt von Deko Design Systems mit unserem leuchtend blauen Logo. Dieses T-Shirt ist aus hochwertigem, atmungsaktivem Stoff gefertigt und bietet stilvollen Komfort f\u00fcr jede Gelegenheit.\" \/>\n<meta name=\"robots\" content=\"index, follow, max-snippet:-1, max-image-preview:large, max-video-preview:-1\" \/>\n<link rel=\"canonical\" href=\"https:\/\/dekodesignsystems.com\/de\/produkt\/deko-t-shirt-weiss\/\" \/>\n<meta property=\"og:locale\" content=\"de_DE\" \/>\n<meta property=\"og:type\" content=\"article\" \/>\n<meta property=\"og:title\" content=\"Deko T-Shirt White | Deko Design Systems\" \/>\n<meta property=\"og:description\" content=\"Wei\u00dfes T-Shirt von Deko Design Systems mit unserem leuchtend blauen Logo. Dieses T-Shirt ist aus hochwertigem, atmungsaktivem Stoff gefertigt und bietet stilvollen Komfort f\u00fcr jede Gelegenheit.\" \/>\n<meta property=\"og:url\" content=\"https:\/\/dekodesignsystems.com\/de\/produkt\/deko-t-shirt-weiss\/\" \/>\n<meta property=\"og:site_name\" content=\"Deko Design Systems\" \/>\n<meta property=\"article:modified_time\" content=\"2026-01-14T14:42:40+00:00\" \/>\n<meta property=\"og:image\" content=\"https:\/\/dekodesignsystems.com\/wp-content\/uploads\/2024\/05\/T-shirt-whiite.png\" \/>\n\t<meta property=\"og:image:width\" content=\"2560\" \/>\n\t<meta property=\"og:image:height\" content=\"2560\" \/>\n\t<meta property=\"og:image:type\" content=\"image\/png\" \/>\n<meta name=\"twitter:card\" content=\"summary_large_image\" \/>\n<meta name=\"twitter:label1\" content=\"Gesch\u00e4tzte Lesezeit\" \/>\n\t<meta name=\"twitter:data1\" content=\"1\u00a0Minute\" \/>\n<script type=\"application\/ld+json\" class=\"yoast-schema-graph\">{\"@context\":\"https:\/\/schema.org\",\"@graph\":[{\"@type\":\"WebPage\",\"@id\":\"https:\/\/dekodesignsystems.com\/de\/produkt\/deko-t-shirt-weiss\/\",\"url\":\"https:\/\/dekodesignsystems.com\/de\/produkt\/deko-t-shirt-weiss\/\",\"name\":\"Deko T-Shirt White | Deko Design Systems\",\"isPartOf\":{\"@id\":\"https:\/\/dekodesignsystems.com\/de\/#website\"},\"primaryImageOfPage\":{\"@id\":\"https:\/\/dekodesignsystems.com\/de\/produkt\/deko-t-shirt-weiss\/#primaryimage\"},\"image\":{\"@id\":\"https:\/\/dekodesignsystems.com\/de\/produkt\/deko-t-shirt-weiss\/#primaryimage\"},\"thumbnailUrl\":\"https:\/\/dekodesignsystems.com\/wp-content\/uploads\/2024\/05\/T-shirt-whiite.png\",\"datePublished\":\"2024-05-24T07:08:31+00:00\",\"dateModified\":\"2026-01-14T14:42:40+00:00\",\"description\":\"Wei\u00dfes T-Shirt von Deko Design Systems mit unserem leuchtend blauen Logo. Dieses T-Shirt ist aus hochwertigem, atmungsaktivem Stoff gefertigt und bietet stilvollen Komfort f\u00fcr jede Gelegenheit.\",\"breadcrumb\":{\"@id\":\"https:\/\/dekodesignsystems.com\/de\/produkt\/deko-t-shirt-weiss\/#breadcrumb\"},\"inLanguage\":\"de\",\"potentialAction\":[{\"@type\":\"ReadAction\",\"target\":[\"https:\/\/dekodesignsystems.com\/de\/produkt\/deko-t-shirt-weiss\/\"]}]},{\"@type\":\"ImageObject\",\"inLanguage\":\"de\",\"@id\":\"https:\/\/dekodesignsystems.com\/de\/produkt\/deko-t-shirt-weiss\/#primaryimage\",\"url\":\"https:\/\/dekodesignsystems.com\/wp-content\/uploads\/2024\/05\/T-shirt-whiite.png\",\"contentUrl\":\"https:\/\/dekodesignsystems.com\/wp-content\/uploads\/2024\/05\/T-shirt-whiite.png\",\"width\":2560,\"height\":2560},{\"@type\":\"BreadcrumbList\",\"@id\":\"https:\/\/dekodesignsystems.com\/de\/produkt\/deko-t-shirt-weiss\/#breadcrumb\",\"itemListElement\":[{\"@type\":\"ListItem\",\"position\":1,\"name\":\"Startseite\",\"item\":\"https:\/\/dekodesignsystems.com\/de\/\"},{\"@type\":\"ListItem\",\"position\":2,\"name\":\"Shop\",\"item\":\"https:\/\/dekodesignsystems.com\/de\/shop-2\/\"},{\"@type\":\"ListItem\",\"position\":3,\"name\":\"Deko T-Shirt White\"}]},{\"@type\":\"WebSite\",\"@id\":\"https:\/\/dekodesignsystems.com\/de\/#website\",\"url\":\"https:\/\/dekodesignsystems.com\/de\/\",\"name\":\"Deko Design Systems\",\"description\":\"\",\"publisher\":{\"@id\":\"https:\/\/dekodesignsystems.com\/de\/#organization\"},\"potentialAction\":[{\"@type\":\"SearchAction\",\"target\":{\"@type\":\"EntryPoint\",\"urlTemplate\":\"https:\/\/dekodesignsystems.com\/de\/?s={search_term_string}\"},\"query-input\":{\"@type\":\"PropertyValueSpecification\",\"valueRequired\":true,\"valueName\":\"search_term_string\"}}],\"inLanguage\":\"de\"},{\"@type\":\"Organization\",\"@id\":\"https:\/\/dekodesignsystems.com\/de\/#organization\",\"name\":\"Deko Design Systems ApS\",\"url\":\"https:\/\/dekodesignsystems.com\/de\/\",\"logo\":{\"@type\":\"ImageObject\",\"inLanguage\":\"de\",\"@id\":\"https:\/\/dekodesignsystems.com\/de\/#\/schema\/logo\/image\/\",\"url\":\"https:\/\/dekodesignsystems.com\/wp-content\/uploads\/2024\/02\/Deko-design-systems.svg\",\"contentUrl\":\"https:\/\/dekodesignsystems.com\/wp-content\/uploads\/2024\/02\/Deko-design-systems.svg\",\"width\":231,\"height\":102,\"caption\":\"Deko Design Systems ApS\"},\"image\":{\"@id\":\"https:\/\/dekodesignsystems.com\/de\/#\/schema\/logo\/image\/\"}}]}<\/script>\n<!-- \/ Yoast SEO plugin. -->","yoast_head_json":{"title":"Deko T-Shirt White | Deko Design Systems","description":"Wei\u00dfes T-Shirt von Deko Design Systems mit unserem leuchtend blauen Logo. Dieses T-Shirt ist aus hochwertigem, atmungsaktivem Stoff gefertigt und bietet stilvollen Komfort f\u00fcr jede Gelegenheit.","robots":{"index":"index","follow":"follow","max-snippet":"max-snippet:-1","max-image-preview":"max-image-preview:large","max-video-preview":"max-video-preview:-1"},"canonical":"https:\/\/dekodesignsystems.com\/de\/produkt\/deko-t-shirt-weiss\/","og_locale":"de_DE","og_type":"article","og_title":"Deko T-Shirt White | Deko Design Systems","og_description":"Wei\u00dfes T-Shirt von Deko Design Systems mit unserem leuchtend blauen Logo. Dieses T-Shirt ist aus hochwertigem, atmungsaktivem Stoff gefertigt und bietet stilvollen Komfort f\u00fcr jede Gelegenheit.","og_url":"https:\/\/dekodesignsystems.com\/de\/produkt\/deko-t-shirt-weiss\/","og_site_name":"Deko Design Systems","article_modified_time":"2026-01-14T14:42:40+00:00","og_image":[{"width":2560,"height":2560,"url":"https:\/\/dekodesignsystems.com\/wp-content\/uploads\/2024\/05\/T-shirt-whiite.png","type":"image\/png"}],"twitter_card":"summary_large_image","twitter_misc":{"Gesch\u00e4tzte Lesezeit":"1\u00a0Minute"},"schema":{"@context":"https:\/\/schema.org","@graph":[{"@type":"WebPage","@id":"https:\/\/dekodesignsystems.com\/de\/produkt\/deko-t-shirt-weiss\/","url":"https:\/\/dekodesignsystems.com\/de\/produkt\/deko-t-shirt-weiss\/","name":"Deko T-Shirt White | Deko Design Systems","isPartOf":{"@id":"https:\/\/dekodesignsystems.com\/de\/#website"},"primaryImageOfPage":{"@id":"https:\/\/dekodesignsystems.com\/de\/produkt\/deko-t-shirt-weiss\/#primaryimage"},"image":{"@id":"https:\/\/dekodesignsystems.com\/de\/produkt\/deko-t-shirt-weiss\/#primaryimage"},"thumbnailUrl":"https:\/\/dekodesignsystems.com\/wp-content\/uploads\/2024\/05\/T-shirt-whiite.png","datePublished":"2024-05-24T07:08:31+00:00","dateModified":"2026-01-14T14:42:40+00:00","description":"Wei\u00dfes T-Shirt von Deko Design Systems mit unserem leuchtend blauen Logo. Dieses T-Shirt ist aus hochwertigem, atmungsaktivem Stoff gefertigt und bietet stilvollen Komfort f\u00fcr jede Gelegenheit.","breadcrumb":{"@id":"https:\/\/dekodesignsystems.com\/de\/produkt\/deko-t-shirt-weiss\/#breadcrumb"},"inLanguage":"de","potentialAction":[{"@type":"ReadAction","target":["https:\/\/dekodesignsystems.com\/de\/produkt\/deko-t-shirt-weiss\/"]}]},{"@type":"ImageObject","inLanguage":"de","@id":"https:\/\/dekodesignsystems.com\/de\/produkt\/deko-t-shirt-weiss\/#primaryimage","url":"https:\/\/dekodesignsystems.com\/wp-content\/uploads\/2024\/05\/T-shirt-whiite.png","contentUrl":"https:\/\/dekodesignsystems.com\/wp-content\/uploads\/2024\/05\/T-shirt-whiite.png","width":2560,"height":2560},{"@type":"BreadcrumbList","@id":"https:\/\/dekodesignsystems.com\/de\/produkt\/deko-t-shirt-weiss\/#breadcrumb","itemListElement":[{"@type":"ListItem","position":1,"name":"Startseite","item":"https:\/\/dekodesignsystems.com\/de\/"},{"@type":"ListItem","position":2,"name":"Shop","item":"https:\/\/dekodesignsystems.com\/de\/shop-2\/"},{"@type":"ListItem","position":3,"name":"Deko T-Shirt White"}]},{"@type":"WebSite","@id":"https:\/\/dekodesignsystems.com\/de\/#website","url":"https:\/\/dekodesignsystems.com\/de\/","name":"Deko Design Systems","description":"","publisher":{"@id":"https:\/\/dekodesignsystems.com\/de\/#organization"},"potentialAction":[{"@type":"SearchAction","target":{"@type":"EntryPoint","urlTemplate":"https:\/\/dekodesignsystems.com\/de\/?s={search_term_string}"},"query-input":{"@type":"PropertyValueSpecification","valueRequired":true,"valueName":"search_term_string"}}],"inLanguage":"de"},{"@type":"Organization","@id":"https:\/\/dekodesignsystems.com\/de\/#organization","name":"Deko Design Systems ApS","url":"https:\/\/dekodesignsystems.com\/de\/","logo":{"@type":"ImageObject","inLanguage":"de","@id":"https:\/\/dekodesignsystems.com\/de\/#\/schema\/logo\/image\/","url":"https:\/\/dekodesignsystems.com\/wp-content\/uploads\/2024\/02\/Deko-design-systems.svg","contentUrl":"https:\/\/dekodesignsystems.com\/wp-content\/uploads\/2024\/02\/Deko-design-systems.svg","width":231,"height":102,"caption":"Deko Design Systems ApS"},"image":{"@id":"https:\/\/dekodesignsystems.com\/de\/#\/schema\/logo\/image\/"}}]}},"spectra_custom_meta":{"_backorders":["no"],"_download_limit":["-1"],"_download_expiry":["-1"],"_downloadable":["no"],"_stock_status":["instock"],"_sold_individually":["no"],"_tax_class":[""],"_tax_status":["taxable"],"_virtual":["no"],"total_sales":["0"],"stick-header-meta":["default"],"site-sidebar-layout":["default"],"theme-transparent-header-meta":["default"],"ast-site-content-layout":["default"],"site-content-style":["default"],"site-sidebar-style":["default"],"wcml_sync_hash":["a:1:{s:15:\"postmeta_fields\";s:32:\"577a23a66ac0c52693d4660e7dc3bb01\";}"],"attr_label_translations":["a:0:{}"],"_thumbnail_id":["4088"],"_product_image_gallery":["4084"],"_stock":[null],"_upsell_ids":["a:0:{}"],"_crosssell_ids":["a:0:{}"],"_children":["a:0:{}"],"_manage_stock":["no"],"_wpml_word_count":["154"],"_downloadable_files":[""],"_price":["36"],"_last_translation_edit_mode":["native-editor"],"_yoast_wpseo_metadesc":["Wei\u00dfes T-Shirt von Deko Design Systems mit unserem leuchtend blauen Logo. Dieses T-Shirt ist aus hochwertigem, atmungsaktivem Stoff gefertigt und bietet stilvollen Komfort f\u00fcr jede Gelegenheit."],"_edit_lock":["1768401762:4"],"_edit_last":["4"],"_is_partner_course":["no"],"_partner_name":[""],"_partner_phone":[""],"_partner_email":[""],"_product_location_label":[""],"_wcml_average_rating":[null],"_wcml_review_count":[null],"_wcml_rating_count":[null],"_wc_average_rating":[0],"_wc_review_count":["0"],"_product_version":["9.7.2"],"the_grid_item_custom_link_target":["_self"],"the_grid_item_col":["1"],"the_grid_item_row":["1"],"the_grid_item_content_color":["dark"],"the_grid_item_overlay_color":["light"],"the_grid_item_video_ratio":["4:3"],"the_grid_item_youtube_ratio":["4:3"],"the_grid_item_vimeo_ratio":["4:3"],"the_grid_item_wistia_ratio":["4:3"],"astra-migrate-meta-layouts":["set"],"_wpml_media_duplicate":["1"],"_wpml_media_featured":["1"],"_yoast_wpseo_primary_product_brand":[""],"_product_attributes":["a:1:{s:7:\"pa_size\";a:6:{s:4:\"name\";s:7:\"pa_size\";s:5:\"value\";s:0:\"\";s:8:\"position\";i:0;s:10:\"is_visible\";i:1;s:12:\"is_variation\";i:1;s:11:\"is_taxonomy\";i:1;}}"],"_default_attributes":["a:1:{s:7:\"pa_size\";s:4:\"m-de\";}"],"_yoast_wpseo_content_score":["90"],"_yoast_wpseo_estimated-reading-time-minutes":["1"],"_uag_page_assets":["a:9:{s:3:\"css\";s:263:\".uag-blocks-common-selector{z-index:var(--z-index-desktop) !important}@media (max-width: 976px){.uag-blocks-common-selector{z-index:var(--z-index-tablet) !important}}@media (max-width: 767px){.uag-blocks-common-selector{z-index:var(--z-index-mobile) !important}}\n\";s:2:\"js\";s:0:\"\";s:18:\"current_block_list\";a:19:{i:0;s:11:\"core\/search\";i:1;s:10:\"core\/group\";i:2;s:12:\"core\/heading\";i:3;s:17:\"core\/latest-posts\";i:4;s:20:\"core\/latest-comments\";i:5;s:13:\"core\/archives\";i:6;s:15:\"core\/categories\";i:7;s:10:\"core\/image\";i:8;s:14:\"core\/paragraph\";i:9;s:17:\"core\/social-links\";i:10;s:28:\"woocommerce\/customer-account\";i:11;s:12:\"core\/columns\";i:12;s:11:\"core\/column\";i:13;s:12:\"core\/buttons\";i:14;s:11:\"core\/button\";i:18;s:16:\"core\/social-link\";i:19;s:17:\"safe-svg\/svg-icon\";i:20;s:12:\"core\/gallery\";i:21;s:11:\"core\/spacer\";}s:8:\"uag_flag\";b:0;s:11:\"uag_version\";s:10:\"1778058952\";s:6:\"gfonts\";a:0:{}s:10:\"gfonts_url\";s:0:\"\";s:12:\"gfonts_files\";a:0:{}s:14:\"uag_faq_layout\";b:0;}"],"_yoast_wpseo_primary_product_cat":["57"],"_uag_css_file_name":["uag-css-4188.css"],"_max_variation_price":[""],"_max_variation_regular_price":[""],"_max_variation_sale_price":[""],"_min_variation_price":[""],"_min_variation_regular_price":[""],"_min_variation_sale_price":[""],"_regular_price":[""],"_sale_price":[""],"_wc_rating_count":[""]},"uagb_featured_image_src":{"full":["https:\/\/dekodesignsystems.com\/wp-content\/uploads\/2024\/05\/T-shirt-whiite.png",2560,2560,false],"thumbnail":["https:\/\/dekodesignsystems.com\/wp-content\/uploads\/2024\/05\/T-shirt-whiite-150x150.png",150,150,true],"medium":["https:\/\/dekodesignsystems.com\/wp-content\/uploads\/2024\/05\/T-shirt-whiite-300x300.png",300,300,true],"medium_large":["https:\/\/dekodesignsystems.com\/wp-content\/uploads\/2024\/05\/T-shirt-whiite-768x768.png",768,768,true],"large":["https:\/\/dekodesignsystems.com\/wp-content\/uploads\/2024\/05\/T-shirt-whiite-1024x1024.png",1024,1024,true],"1536x1536":["https:\/\/dekodesignsystems.com\/wp-content\/uploads\/2024\/05\/T-shirt-whiite-1536x1536.png",1536,1536,true],"2048x2048":["https:\/\/dekodesignsystems.com\/wp-content\/uploads\/2024\/05\/T-shirt-whiite-2048x2048.png",2048,2048,true],"the_grid_size1":["https:\/\/dekodesignsystems.com\/wp-content\/uploads\/2024\/05\/T-shirt-whiite-500x500.png",500,500,true],"the_grid_size2":["https:\/\/dekodesignsystems.com\/wp-content\/uploads\/2024\/05\/T-shirt-whiite-500x1000.png",500,1000,true],"the_grid_size3":["https:\/\/dekodesignsystems.com\/wp-content\/uploads\/2024\/05\/T-shirt-whiite-1000x500.png",1000,500,true],"the_grid_size4":["https:\/\/dekodesignsystems.com\/wp-content\/uploads\/2024\/05\/T-shirt-whiite-1000x1000.png",1000,1000,true],"the_grid_size5":["https:\/\/dekodesignsystems.com\/wp-content\/uploads\/2024\/05\/T-shirt-whiite-500x500.png",500,500,true],"woocommerce_thumbnail":["https:\/\/dekodesignsystems.com\/wp-content\/uploads\/2024\/05\/T-shirt-whiite-1000x1000.png",1000,1000,true],"woocommerce_single":["https:\/\/dekodesignsystems.com\/wp-content\/uploads\/2024\/05\/T-shirt-whiite-2000x2000.png",2000,2000,true],"woocommerce_gallery_thumbnail":["https:\/\/dekodesignsystems.com\/wp-content\/uploads\/2024\/05\/T-shirt-whiite-400x400.png",400,400,true]},"uagb_author_info":{"display_name":"Shermine","author_link":"https:\/\/dekodesignsystems.com\/de\/author\/"},"uagb_comment_info":0,"uagb_excerpt":"Repr\u00e4sentieren Sie Ihr Lieblingsunternehmen f\u00fcr PU-B\u00f6den mit dem wei\u00dfen T-Shirt von Deko Design Systems! Dieses T-Shirt mit unserem leuchtend blauen Logo auf hochwertigem, atmungsaktivem Stoff vereint Komfort und Stil. Perfekt f\u00fcr jede Gelegenheit. Zeigen Sie m\u00fchelos Ihren Stolz auf Deko Design Systems.","jetpack_sharing_enabled":true,"_links":{"self":[{"href":"https:\/\/dekodesignsystems.com\/de\/wp-json\/wp\/v2\/product\/4188","targetHints":{"allow":["GET"]}}],"collection":[{"href":"https:\/\/dekodesignsystems.com\/de\/wp-json\/wp\/v2\/product"}],"about":[{"href":"https:\/\/dekodesignsystems.com\/de\/wp-json\/wp\/v2\/types\/product"}],"wp:featuredmedia":[{"embeddable":true,"href":"https:\/\/dekodesignsystems.com\/de\/wp-json\/wp\/v2\/media\/4088"}],"wp:attachment":[{"href":"https:\/\/dekodesignsystems.com\/de\/wp-json\/wp\/v2\/media?parent=4188"}],"wp:term":[{"taxonomy":"product_brand","embeddable":true,"href":"https:\/\/dekodesignsystems.com\/de\/wp-json\/wp\/v2\/product_brand?post=4188"},{"taxonomy":"product_cat","embeddable":true,"href":"https:\/\/dekodesignsystems.com\/de\/wp-json\/wp\/v2\/product_cat?post=4188"},{"taxonomy":"product_tag","embeddable":true,"href":"https:\/\/dekodesignsystems.com\/de\/wp-json\/wp\/v2\/product_tag?post=4188"}],"curies":[{"name":"wp","href":"https:\/\/api.w.org\/{rel}","templated":true}]}}