{"id":2696,"date":"2024-03-11T11:24:40","date_gmt":"2024-03-11T11:24:40","guid":{"rendered":"https:\/\/dekodesignsystems.com\/shop\/deko-prime-schwarz\/"},"modified":"2025-12-17T18:46:03","modified_gmt":"2025-12-17T18:46:03","slug":"deko-prime-schwarz","status":"publish","type":"product","link":"https:\/\/dekodesignsystems.com\/de\/produkt\/deko-prime-schwarz\/","title":{"rendered":"Deko MetaFlow\u2122 Prime Black"},"content":{"rendered":"<p>Unsere schwarze Premium-Grundierung ist ein Muss f\u00fcr alle, die eine perfekte Grundlage f\u00fcr ihren Polyurethanboden schaffen wollen. Dieses Produkt bietet eine satte, dunkle Grundierung, die die nachfolgenden Schichten Ihres Bodensystems aufwertet. Und im Vergleich zu anderen Arten von Harzen ist es extrem einfach aufzutragen - so einfach und glatt wie das Streichen einer Wand.<\/p>\n<p>Diese Grundierung wurde f\u00fcr h\u00f6chste Qualit\u00e4t und Langlebigkeit entwickelt und sorgt f\u00fcr eine robuste Haftung, so dass Ihr Boden eine starke und stabile Basis erh\u00e4lt, die jahrelang halten wird. Die seidenmatte Oberfl\u00e4che der schwarz pigmentierten Emulsion bietet eine subtile Eleganz, die jedes Design erg\u00e4nzen wird.<\/p>\n<p>Eine der bemerkenswertesten Eigenschaften dieser Grundierung ist ihre Zusammensetzung auf Wasserbasis, die sie nicht nur geruchlos macht, sondern auch sch\u00e4dliche Emissionen minimiert. Das macht es zu einer besseren Wahl f\u00fcr Innenr\u00e4ume und tr\u00e4gt zu einem nachhaltigen und umweltfreundlichen Wohn- oder Gesch\u00e4ftsraum bei.<\/p>\n<p>Die Anwendung ist einfach und problemlos und wurde mit Blick auf den Benutzer entwickelt. Er verf\u00fcgt \u00fcber eine hohe Deckkraft, die sicherstellt, dass Sie bei jeder Anwendung eine gleichm\u00e4\u00dfige und konsistente Schicht erhalten. Au\u00dferdem trocknet es zu einer makellos glatten Oberfl\u00e4che, die sich problemlos mit der von Ihnen gew\u00e4hlten Designschicht verbinden l\u00e4sst.<\/p>\n<p>Unsere Schwarze Grundierung besitzt die ausgezeichnete EMICODE EC 1 Plus-Zertifizierung, die ihr ein sehr niedriges Emissionsprofil bescheinigt. Au\u00dferdem entspricht es dem GISCODE, der garantiert, dass es die Total Solid-Standards f\u00fcr Produkte auf Harzbasis erf\u00fcllt.<\/p>\n<p>W\u00e4hlen Sie unsere schwarze Grundierung f\u00fcr einen Boden, der leistungsstark und emissionsarm ist.<\/p>\n","protected":false},"excerpt":{"rendered":"<p>Erzielen Sie eine glatte und robuste Basis f\u00fcr Ihren Polyurethanboden mit unserer schwarzen Grundierung. Diese wasserbasierte, geruchsneutrale Formel sorgt f\u00fcr perfekte Haftung und ein gleichm\u00e4\u00dfiges, seidenmattes Finish. Es ist f\u00fcr Innenr\u00e4ume geeignet, emissionsarm, einfach anzuwenden und f\u00fcr die Qualit\u00e4t von Innenr\u00e4umen zertifiziert. Legen Sie den Grundstein f\u00fcr hervorragende Leistungen mit unserem robusten Black Primer.<\/p>\n[product-guide-button lang=\"en\"]\n<p>5m2 = 1.2kg<br \/>\n10m2 = 2.4kg<br \/>\n40m2 = 10kg<\/p>\n","protected":false},"featured_media":4317,"template":"","meta":{"_acf_changed":false,"_uag_custom_page_level_css":"","site-sidebar-layout":"default","site-content-layout":"","ast-site-content-layout":"default","site-content-style":"default","site-sidebar-style":"default","ast-global-header-display":"","ast-banner-title-visibility":"","ast-main-header-display":"","ast-hfb-above-header-display":"","ast-hfb-below-header-display":"","ast-hfb-mobile-header-display":"","site-post-title":"","ast-breadcrumbs-content":"","ast-featured-img":"","footer-sml-layout":"","ast-disable-related-posts":"","theme-transparent-header-meta":"default","adv-header-id-meta":"","stick-header-meta":"default","header-above-stick-meta":"","header-main-stick-meta":"","header-below-stick-meta":"","astra-migrate-meta-layouts":"set","ast-page-background-enabled":"default","ast-page-background-meta":{"desktop":{"background-color":"var(--ast-global-color-4)","background-image":"","background-repeat":"repeat","background-position":"center center","background-size":"auto","background-attachment":"scroll","background-type":"","background-media":"","overlay-type":"","overlay-color":"","overlay-opacity":"","overlay-gradient":""},"tablet":{"background-color":"","background-image":"","background-repeat":"repeat","background-position":"center center","background-size":"auto","background-attachment":"scroll","background-type":"","background-media":"","overlay-type":"","overlay-color":"","overlay-opacity":"","overlay-gradient":""},"mobile":{"background-color":"","background-image":"","background-repeat":"repeat","background-position":"center center","background-size":"auto","background-attachment":"scroll","background-type":"","background-media":"","overlay-type":"","overlay-color":"","overlay-opacity":"","overlay-gradient":""}},"ast-content-background-meta":{"desktop":{"background-color":"var(--ast-global-color-5)","background-image":"","background-repeat":"repeat","background-position":"center center","background-size":"auto","background-attachment":"scroll","background-type":"","background-media":"","overlay-type":"","overlay-color":"","overlay-opacity":"","overlay-gradient":""},"tablet":{"background-color":"var(--ast-global-color-5)","background-image":"","background-repeat":"repeat","background-position":"center center","background-size":"auto","background-attachment":"scroll","background-type":"","background-media":"","overlay-type":"","overlay-color":"","overlay-opacity":"","overlay-gradient":""},"mobile":{"background-color":"var(--ast-global-color-5)","background-image":"","background-repeat":"repeat","background-position":"center center","background-size":"auto","background-attachment":"scroll","background-type":"","background-media":"","overlay-type":"","overlay-color":"","overlay-opacity":"","overlay-gradient":""}}},"product_brand":[],"product_cat":[96],"product_tag":[],"class_list":{"0":"post-2696","1":"product","2":"type-product","3":"status-publish","4":"has-post-thumbnail","6":"product_cat-design-harze","7":"desktop-align-center","8":"tablet-align-left","9":"mobile-align-left","10":"ast-product-gallery-layout-horizontal-slider","11":"ast-product-gallery-with-no-image","12":"ast-magnify-disabled","13":"ast-product-single-variable","14":"ast-product-tabs-layout-accordion","16":"first","17":"instock","18":"taxable","19":"shipping-taxable","20":"purchasable","21":"product-type-variable","22":"has-default-attributes"},"acf":[],"yoast_head":"<!-- This site is optimized with the Yoast SEO plugin v26.9 - https:\/\/yoast.com\/product\/yoast-seo-wordpress\/ -->\n<title>Deko MetaFlow\u2122 Prime Black | Deko Design Systems<\/title>\n<meta name=\"robots\" content=\"index, follow, max-snippet:-1, max-image-preview:large, max-video-preview:-1\" \/>\n<link rel=\"canonical\" href=\"https:\/\/dekodesignsystems.com\/de\/produkt\/deko-prime-schwarz\/\" \/>\n<meta property=\"og:locale\" content=\"de_DE\" \/>\n<meta property=\"og:type\" content=\"article\" \/>\n<meta property=\"og:title\" content=\"Deko MetaFlow\u2122 Prime Black | Deko Design Systems\" \/>\n<meta property=\"og:description\" content=\"Erzielen Sie eine glatte und robuste Basis f\u00fcr Ihren Polyurethanboden mit unserer schwarzen Grundierung. Diese wasserbasierte, geruchsneutrale Formel sorgt f\u00fcr perfekte Haftung und ein gleichm\u00e4\u00dfiges, seidenmattes Finish. Es ist f\u00fcr Innenr\u00e4ume geeignet, emissionsarm, einfach anzuwenden und f\u00fcr die Qualit\u00e4t von Innenr\u00e4umen zertifiziert. Legen Sie den Grundstein f\u00fcr hervorragende Leistungen mit unserem robusten Black Primer.    5m2 = 1.2kg 10m2 = 2.4kg 40m2 = 10kg\" \/>\n<meta property=\"og:url\" content=\"https:\/\/dekodesignsystems.com\/de\/produkt\/deko-prime-schwarz\/\" \/>\n<meta property=\"og:site_name\" content=\"Deko Design Systems\" \/>\n<meta property=\"article:modified_time\" content=\"2025-12-17T18:46:03+00:00\" \/>\n<meta property=\"og:image\" content=\"https:\/\/dekodesignsystems.com\/wp-content\/uploads\/2024\/03\/unbenannt-7449-Bearbeitet-600px_web.jpg\" \/>\n\t<meta property=\"og:image:width\" content=\"600\" \/>\n\t<meta property=\"og:image:height\" content=\"600\" \/>\n\t<meta property=\"og:image:type\" content=\"image\/jpeg\" \/>\n<meta name=\"twitter:card\" content=\"summary_large_image\" \/>\n<meta name=\"twitter:label1\" content=\"Gesch\u00e4tzte Lesezeit\" \/>\n\t<meta name=\"twitter:data1\" content=\"2\u00a0Minute\" \/>\n<script type=\"application\/ld+json\" class=\"yoast-schema-graph\">{\"@context\":\"https:\/\/schema.org\",\"@graph\":[{\"@type\":\"WebPage\",\"@id\":\"https:\/\/dekodesignsystems.com\/de\/produkt\/deko-prime-schwarz\/\",\"url\":\"https:\/\/dekodesignsystems.com\/de\/produkt\/deko-prime-schwarz\/\",\"name\":\"Deko MetaFlow\u2122 Prime Black | Deko Design Systems\",\"isPartOf\":{\"@id\":\"https:\/\/dekodesignsystems.com\/de\/#website\"},\"primaryImageOfPage\":{\"@id\":\"https:\/\/dekodesignsystems.com\/de\/produkt\/deko-prime-schwarz\/#primaryimage\"},\"image\":{\"@id\":\"https:\/\/dekodesignsystems.com\/de\/produkt\/deko-prime-schwarz\/#primaryimage\"},\"thumbnailUrl\":\"https:\/\/dekodesignsystems.com\/wp-content\/uploads\/2024\/03\/unbenannt-7449-Bearbeitet-600px_web.jpg\",\"datePublished\":\"2024-03-11T11:24:40+00:00\",\"dateModified\":\"2025-12-17T18:46:03+00:00\",\"breadcrumb\":{\"@id\":\"https:\/\/dekodesignsystems.com\/de\/produkt\/deko-prime-schwarz\/#breadcrumb\"},\"inLanguage\":\"de\",\"potentialAction\":[{\"@type\":\"ReadAction\",\"target\":[\"https:\/\/dekodesignsystems.com\/de\/produkt\/deko-prime-schwarz\/\"]}]},{\"@type\":\"ImageObject\",\"inLanguage\":\"de\",\"@id\":\"https:\/\/dekodesignsystems.com\/de\/produkt\/deko-prime-schwarz\/#primaryimage\",\"url\":\"https:\/\/dekodesignsystems.com\/wp-content\/uploads\/2024\/03\/unbenannt-7449-Bearbeitet-600px_web.jpg\",\"contentUrl\":\"https:\/\/dekodesignsystems.com\/wp-content\/uploads\/2024\/03\/unbenannt-7449-Bearbeitet-600px_web.jpg\",\"width\":600,\"height\":600},{\"@type\":\"BreadcrumbList\",\"@id\":\"https:\/\/dekodesignsystems.com\/de\/produkt\/deko-prime-schwarz\/#breadcrumb\",\"itemListElement\":[{\"@type\":\"ListItem\",\"position\":1,\"name\":\"Startseite\",\"item\":\"https:\/\/dekodesignsystems.com\/de\/\"},{\"@type\":\"ListItem\",\"position\":2,\"name\":\"Shop\",\"item\":\"https:\/\/dekodesignsystems.com\/de\/shop-2\/\"},{\"@type\":\"ListItem\",\"position\":3,\"name\":\"Deko MetaFlow\u2122 Prime Black\"}]},{\"@type\":\"WebSite\",\"@id\":\"https:\/\/dekodesignsystems.com\/de\/#website\",\"url\":\"https:\/\/dekodesignsystems.com\/de\/\",\"name\":\"Deko Design Systems\",\"description\":\"\",\"publisher\":{\"@id\":\"https:\/\/dekodesignsystems.com\/de\/#organization\"},\"potentialAction\":[{\"@type\":\"SearchAction\",\"target\":{\"@type\":\"EntryPoint\",\"urlTemplate\":\"https:\/\/dekodesignsystems.com\/de\/?s={search_term_string}\"},\"query-input\":{\"@type\":\"PropertyValueSpecification\",\"valueRequired\":true,\"valueName\":\"search_term_string\"}}],\"inLanguage\":\"de\"},{\"@type\":\"Organization\",\"@id\":\"https:\/\/dekodesignsystems.com\/de\/#organization\",\"name\":\"Deko Design Systems ApS\",\"url\":\"https:\/\/dekodesignsystems.com\/de\/\",\"logo\":{\"@type\":\"ImageObject\",\"inLanguage\":\"de\",\"@id\":\"https:\/\/dekodesignsystems.com\/de\/#\/schema\/logo\/image\/\",\"url\":\"https:\/\/dekodesignsystems.com\/wp-content\/uploads\/2024\/02\/Deko-design-systems.svg\",\"contentUrl\":\"https:\/\/dekodesignsystems.com\/wp-content\/uploads\/2024\/02\/Deko-design-systems.svg\",\"width\":231,\"height\":102,\"caption\":\"Deko Design Systems ApS\"},\"image\":{\"@id\":\"https:\/\/dekodesignsystems.com\/de\/#\/schema\/logo\/image\/\"}}]}<\/script>\n<!-- \/ Yoast SEO plugin. -->","yoast_head_json":{"title":"Deko MetaFlow\u2122 Prime Black | Deko Design Systems","robots":{"index":"index","follow":"follow","max-snippet":"max-snippet:-1","max-image-preview":"max-image-preview:large","max-video-preview":"max-video-preview:-1"},"canonical":"https:\/\/dekodesignsystems.com\/de\/produkt\/deko-prime-schwarz\/","og_locale":"de_DE","og_type":"article","og_title":"Deko MetaFlow\u2122 Prime Black | Deko Design Systems","og_description":"Erzielen Sie eine glatte und robuste Basis f\u00fcr Ihren Polyurethanboden mit unserer schwarzen Grundierung. Diese wasserbasierte, geruchsneutrale Formel sorgt f\u00fcr perfekte Haftung und ein gleichm\u00e4\u00dfiges, seidenmattes Finish. Es ist f\u00fcr Innenr\u00e4ume geeignet, emissionsarm, einfach anzuwenden und f\u00fcr die Qualit\u00e4t von Innenr\u00e4umen zertifiziert. Legen Sie den Grundstein f\u00fcr hervorragende Leistungen mit unserem robusten Black Primer.    5m2 = 1.2kg 10m2 = 2.4kg 40m2 = 10kg","og_url":"https:\/\/dekodesignsystems.com\/de\/produkt\/deko-prime-schwarz\/","og_site_name":"Deko Design Systems","article_modified_time":"2025-12-17T18:46:03+00:00","og_image":[{"width":600,"height":600,"url":"https:\/\/dekodesignsystems.com\/wp-content\/uploads\/2024\/03\/unbenannt-7449-Bearbeitet-600px_web.jpg","type":"image\/jpeg"}],"twitter_card":"summary_large_image","twitter_misc":{"Gesch\u00e4tzte Lesezeit":"2\u00a0Minute"},"schema":{"@context":"https:\/\/schema.org","@graph":[{"@type":"WebPage","@id":"https:\/\/dekodesignsystems.com\/de\/produkt\/deko-prime-schwarz\/","url":"https:\/\/dekodesignsystems.com\/de\/produkt\/deko-prime-schwarz\/","name":"Deko MetaFlow\u2122 Prime Black | Deko Design Systems","isPartOf":{"@id":"https:\/\/dekodesignsystems.com\/de\/#website"},"primaryImageOfPage":{"@id":"https:\/\/dekodesignsystems.com\/de\/produkt\/deko-prime-schwarz\/#primaryimage"},"image":{"@id":"https:\/\/dekodesignsystems.com\/de\/produkt\/deko-prime-schwarz\/#primaryimage"},"thumbnailUrl":"https:\/\/dekodesignsystems.com\/wp-content\/uploads\/2024\/03\/unbenannt-7449-Bearbeitet-600px_web.jpg","datePublished":"2024-03-11T11:24:40+00:00","dateModified":"2025-12-17T18:46:03+00:00","breadcrumb":{"@id":"https:\/\/dekodesignsystems.com\/de\/produkt\/deko-prime-schwarz\/#breadcrumb"},"inLanguage":"de","potentialAction":[{"@type":"ReadAction","target":["https:\/\/dekodesignsystems.com\/de\/produkt\/deko-prime-schwarz\/"]}]},{"@type":"ImageObject","inLanguage":"de","@id":"https:\/\/dekodesignsystems.com\/de\/produkt\/deko-prime-schwarz\/#primaryimage","url":"https:\/\/dekodesignsystems.com\/wp-content\/uploads\/2024\/03\/unbenannt-7449-Bearbeitet-600px_web.jpg","contentUrl":"https:\/\/dekodesignsystems.com\/wp-content\/uploads\/2024\/03\/unbenannt-7449-Bearbeitet-600px_web.jpg","width":600,"height":600},{"@type":"BreadcrumbList","@id":"https:\/\/dekodesignsystems.com\/de\/produkt\/deko-prime-schwarz\/#breadcrumb","itemListElement":[{"@type":"ListItem","position":1,"name":"Startseite","item":"https:\/\/dekodesignsystems.com\/de\/"},{"@type":"ListItem","position":2,"name":"Shop","item":"https:\/\/dekodesignsystems.com\/de\/shop-2\/"},{"@type":"ListItem","position":3,"name":"Deko MetaFlow\u2122 Prime Black"}]},{"@type":"WebSite","@id":"https:\/\/dekodesignsystems.com\/de\/#website","url":"https:\/\/dekodesignsystems.com\/de\/","name":"Deko Design Systems","description":"","publisher":{"@id":"https:\/\/dekodesignsystems.com\/de\/#organization"},"potentialAction":[{"@type":"SearchAction","target":{"@type":"EntryPoint","urlTemplate":"https:\/\/dekodesignsystems.com\/de\/?s={search_term_string}"},"query-input":{"@type":"PropertyValueSpecification","valueRequired":true,"valueName":"search_term_string"}}],"inLanguage":"de"},{"@type":"Organization","@id":"https:\/\/dekodesignsystems.com\/de\/#organization","name":"Deko Design Systems ApS","url":"https:\/\/dekodesignsystems.com\/de\/","logo":{"@type":"ImageObject","inLanguage":"de","@id":"https:\/\/dekodesignsystems.com\/de\/#\/schema\/logo\/image\/","url":"https:\/\/dekodesignsystems.com\/wp-content\/uploads\/2024\/02\/Deko-design-systems.svg","contentUrl":"https:\/\/dekodesignsystems.com\/wp-content\/uploads\/2024\/02\/Deko-design-systems.svg","width":231,"height":102,"caption":"Deko Design Systems ApS"},"image":{"@id":"https:\/\/dekodesignsystems.com\/de\/#\/schema\/logo\/image\/"}}]}},"spectra_custom_meta":{"_backorders":["no"],"_download_limit":["-1"],"_download_expiry":["-1"],"_downloadable":["no"],"_manage_stock":["yes"],"_stock_status":["instock"],"_sold_individually":["no"],"_tax_class":[""],"_tax_status":["taxable"],"_virtual":["no"],"total_sales":["2"],"stick-header-meta":["default"],"site-sidebar-layout":["default"],"theme-transparent-header-meta":["default"],"ast-site-content-layout":["default"],"site-content-style":["default"],"site-sidebar-style":["default"],"wcml_sync_hash":["a:1:{s:15:\"postmeta_fields\";s:32:\"17b19f0f18ea1fe6fa0d4dd0b695765b\";}"],"attr_label_translations":["a:0:{}"],"_product_image_gallery":[""],"_upsell_ids":["a:0:{}"],"_crosssell_ids":["a:0:{}"],"_children":["a:0:{}"],"_stock":["20.000000"],"_thumbnail_id":["4317"],"_wpml_word_count":["390"],"_edit_lock":["1765997166:4"],"_price":["38.4","76.8","307.2"],"_wc_average_rating":[0],"_wc_review_count":["0"],"_product_version":["9.7.1"],"_downloadable_files":[""],"_last_translation_edit_mode":["native-editor"],"_edit_last":["4"],"_is_partner_course":["no"],"_partner_name":[""],"_partner_phone":[""],"_partner_email":[""],"_product_location_label":[""],"_wcml_average_rating":[null],"_wcml_review_count":[null],"_wcml_rating_count":[null],"the_grid_item_custom_link_target":["_self"],"the_grid_item_col":["1"],"the_grid_item_row":["1"],"the_grid_item_content_color":["dark"],"the_grid_item_overlay_color":["light"],"the_grid_item_video_ratio":["4:3"],"the_grid_item_youtube_ratio":["4:3"],"the_grid_item_vimeo_ratio":["4:3"],"the_grid_item_wistia_ratio":["4:3"],"astra-migrate-meta-layouts":["set"],"_wpml_media_duplicate":["1"],"_wpml_media_featured":["1"],"_product_attributes":["a:1:{s:11:\"pa_coverage\";a:6:{s:4:\"name\";s:11:\"pa_coverage\";s:5:\"value\";s:0:\"\";s:8:\"position\";i:0;s:10:\"is_visible\";i:1;s:12:\"is_variation\";i:1;s:11:\"is_taxonomy\";i:1;}}"],"_default_attributes":["a:1:{s:11:\"pa_coverage\";s:6:\"5m2-de\";}"],"_yoast_wpseo_primary_product_brand":[""],"_yoast_wpseo_content_score":["90"],"_yoast_wpseo_estimated-reading-time-minutes":["2"],"_yoast_wpseo_primary_product_cat":["56"],"_uag_page_assets":["a:9:{s:3:\"css\";s:263:\".uag-blocks-common-selector{z-index:var(--z-index-desktop) !important}@media (max-width: 976px){.uag-blocks-common-selector{z-index:var(--z-index-tablet) !important}}@media (max-width: 767px){.uag-blocks-common-selector{z-index:var(--z-index-mobile) !important}}\n\";s:2:\"js\";s:0:\"\";s:18:\"current_block_list\";a:19:{i:0;s:11:\"core\/search\";i:1;s:10:\"core\/group\";i:2;s:12:\"core\/heading\";i:3;s:17:\"core\/latest-posts\";i:4;s:20:\"core\/latest-comments\";i:5;s:13:\"core\/archives\";i:6;s:15:\"core\/categories\";i:7;s:10:\"core\/image\";i:8;s:14:\"core\/paragraph\";i:9;s:17:\"core\/social-links\";i:10;s:28:\"woocommerce\/customer-account\";i:11;s:12:\"core\/columns\";i:12;s:11:\"core\/column\";i:13;s:12:\"core\/buttons\";i:14;s:11:\"core\/button\";i:18;s:16:\"core\/social-link\";i:19;s:17:\"safe-svg\/svg-icon\";i:20;s:12:\"core\/gallery\";i:21;s:11:\"core\/spacer\";}s:8:\"uag_flag\";b:0;s:11:\"uag_version\";i:1778083269;s:6:\"gfonts\";a:0:{}s:10:\"gfonts_url\";s:0:\"\";s:12:\"gfonts_files\";a:0:{}s:14:\"uag_faq_layout\";b:0;}"],"_uag_css_file_name":["uag-css-2696.css"],"_max_variation_price":[""],"_max_variation_regular_price":[""],"_max_variation_sale_price":[""],"_min_variation_price":[""],"_min_variation_regular_price":[""],"_min_variation_sale_price":[""],"_regular_price":[""],"_sale_price":[""],"_wc_rating_count":[""]},"uagb_featured_image_src":{"full":["https:\/\/dekodesignsystems.com\/wp-content\/uploads\/2024\/03\/unbenannt-7449-Bearbeitet-600px_web.jpg",600,600,false],"thumbnail":["https:\/\/dekodesignsystems.com\/wp-content\/uploads\/2024\/03\/unbenannt-7449-Bearbeitet-600px_web-150x150.jpg",150,150,true],"medium":["https:\/\/dekodesignsystems.com\/wp-content\/uploads\/2024\/03\/unbenannt-7449-Bearbeitet-600px_web-300x300.jpg",300,300,true],"medium_large":["https:\/\/dekodesignsystems.com\/wp-content\/uploads\/2024\/03\/unbenannt-7449-Bearbeitet-600px_web.jpg",600,600,false],"large":["https:\/\/dekodesignsystems.com\/wp-content\/uploads\/2024\/03\/unbenannt-7449-Bearbeitet-600px_web.jpg",600,600,false],"1536x1536":["https:\/\/dekodesignsystems.com\/wp-content\/uploads\/2024\/03\/unbenannt-7449-Bearbeitet-600px_web.jpg",600,600,false],"2048x2048":["https:\/\/dekodesignsystems.com\/wp-content\/uploads\/2024\/03\/unbenannt-7449-Bearbeitet-600px_web.jpg",600,600,false],"the_grid_size1":["https:\/\/dekodesignsystems.com\/wp-content\/uploads\/2024\/03\/unbenannt-7449-Bearbeitet-600px_web-500x500.jpg",500,500,true],"the_grid_size2":["https:\/\/dekodesignsystems.com\/wp-content\/uploads\/2024\/03\/unbenannt-7449-Bearbeitet-600px_web-500x600.jpg",500,600,true],"the_grid_size3":["https:\/\/dekodesignsystems.com\/wp-content\/uploads\/2024\/03\/unbenannt-7449-Bearbeitet-600px_web-600x500.jpg",600,500,true],"the_grid_size4":["https:\/\/dekodesignsystems.com\/wp-content\/uploads\/2024\/03\/unbenannt-7449-Bearbeitet-600px_web.jpg",600,600,false],"the_grid_size5":["https:\/\/dekodesignsystems.com\/wp-content\/uploads\/2024\/03\/unbenannt-7449-Bearbeitet-600px_web-500x500.jpg",500,500,true],"woocommerce_thumbnail":["https:\/\/dekodesignsystems.com\/wp-content\/uploads\/2024\/03\/unbenannt-7449-Bearbeitet-600px_web.jpg",600,600,false],"woocommerce_single":["https:\/\/dekodesignsystems.com\/wp-content\/uploads\/2024\/03\/unbenannt-7449-Bearbeitet-600px_web.jpg",600,600,false],"woocommerce_gallery_thumbnail":["https:\/\/dekodesignsystems.com\/wp-content\/uploads\/2024\/03\/unbenannt-7449-Bearbeitet-600px_web-400x400.jpg",400,400,true]},"uagb_author_info":{"display_name":"michaelnoe","author_link":"https:\/\/dekodesignsystems.com\/de\/author\/"},"uagb_comment_info":0,"uagb_excerpt":"Erzielen Sie eine glatte und robuste Basis f\u00fcr Ihren Polyurethanboden mit unserer schwarzen Grundierung. Diese wasserbasierte, geruchsneutrale Formel sorgt f\u00fcr perfekte Haftung und ein gleichm\u00e4\u00dfiges, seidenmattes Finish. Es ist f\u00fcr Innenr\u00e4ume geeignet, emissionsarm, einfach anzuwenden und f\u00fcr die Qualit\u00e4t von Innenr\u00e4umen zertifiziert. Legen Sie den Grundstein f\u00fcr hervorragende Leistungen mit unserem robusten Black Primer. [product-guide-button&hellip;","jetpack_sharing_enabled":true,"_links":{"self":[{"href":"https:\/\/dekodesignsystems.com\/de\/wp-json\/wp\/v2\/product\/2696","targetHints":{"allow":["GET"]}}],"collection":[{"href":"https:\/\/dekodesignsystems.com\/de\/wp-json\/wp\/v2\/product"}],"about":[{"href":"https:\/\/dekodesignsystems.com\/de\/wp-json\/wp\/v2\/types\/product"}],"wp:featuredmedia":[{"embeddable":true,"href":"https:\/\/dekodesignsystems.com\/de\/wp-json\/wp\/v2\/media\/4317"}],"wp:attachment":[{"href":"https:\/\/dekodesignsystems.com\/de\/wp-json\/wp\/v2\/media?parent=2696"}],"wp:term":[{"taxonomy":"product_brand","embeddable":true,"href":"https:\/\/dekodesignsystems.com\/de\/wp-json\/wp\/v2\/product_brand?post=2696"},{"taxonomy":"product_cat","embeddable":true,"href":"https:\/\/dekodesignsystems.com\/de\/wp-json\/wp\/v2\/product_cat?post=2696"},{"taxonomy":"product_tag","embeddable":true,"href":"https:\/\/dekodesignsystems.com\/de\/wp-json\/wp\/v2\/product_tag?post=2696"}],"curies":[{"name":"wp","href":"https:\/\/api.w.org\/{rel}","templated":true}]}}