{"id":1709,"date":"2024-01-22T20:43:03","date_gmt":"2024-01-22T20:43:03","guid":{"rendered":"https:\/\/dekodesignsystems.com\/privacy-policy\/"},"modified":"2025-01-24T18:40:54","modified_gmt":"2025-01-24T18:40:54","slug":"cookie-und-datenschutzrichtlinie","status":"publish","type":"page","link":"https:\/\/dekodesignsystems.com\/de\/cookie-und-datenschutzrichtlinie\/","title":{"rendered":"Cookie- und Datenschutzrichtlinie"},"content":{"rendered":"\n<p><strong><u>Cookie- und Datenschutzrichtlinie bei Deko Design Systems ApS<\/u><\/strong><\/p>\n\n<p><strong>Einf\u00fchrung<\/strong><\/p>\n\n<p>Wenn Sie unsere Website besuchen, werden Ihre Daten gesammelt, damit wir unsere Inhalte anpassen und verbessern k\u00f6nnen und um den Wert der auf der Website angezeigten Werbung zu erh\u00f6hen. Wenn Sie nicht m\u00f6chten, dass Ihre Daten gesammelt werden, sollten Sie Ihre Cookies l\u00f6schen (siehe Anleitung) und die Website nicht weiter nutzen. In den folgenden Abschnitten haben wir erl\u00e4utert, welche Informationen gesammelt werden, zu welchem Zweck und welche Dritten Zugang zu diesen Informationen haben.<\/p>\n\n<p><strong>Cookies<\/strong><\/p>\n\n<p>Die Website verwendet &#8222;Cookies&#8220;, d.h. Textdateien, die auf Ihrem Computer, Mobiltelefon usw. gespeichert werden, um ihn wiederzuerkennen, sich an Einstellungen zu erinnern, Statistiken zu erstellen und Werbung zu schalten. Cookies k\u00f6nnen keinen sch\u00e4dlichen Code wie z.B. einen Virus enthalten.  <\/p>\n\n<p>Es ist m\u00f6glich, Cookies zu l\u00f6schen oder zu blockieren. Siehe Anweisungen: <a href=\"http:\/\/minecookies.org\/cookiehandtering\">http:\/\/minecookies.org\/cookiehandtering<\/a><\/p>\n\n<p>Wenn Sie Cookies l\u00f6schen oder blockieren, kann es sein, dass die Werbung f\u00fcr Sie weniger relevant ist und h\u00e4ufiger erscheint. Sie k\u00f6nnen auch riskieren, dass die Website nicht optimal funktioniert und dass Sie auf Inhalte nicht zugreifen k\u00f6nnen.<\/p>\n\n<p><strong>Pers\u00f6nliche Daten<\/strong><\/p>\n\n<p>Allgemein<\/p>\n\n<p>Pers\u00f6nliche Daten sind alle Arten von Informationen, die in irgendeiner Weise auf Sie zur\u00fcckgef\u00fchrt werden k\u00f6nnen. Wenn Sie unsere Website nutzen, sammeln und verarbeiten wir eine Reihe von Informationen. Dies geschieht z.B., wenn Sie sich f\u00fcr unseren Newsletter anmelden, an Wettbewerben oder Umfragen teilnehmen, sich als Benutzer oder Abonnent registrieren oder \u00fcber die Website einkaufen.<\/p>\n\n<p>Wir sammeln und verarbeiten in der Regel die folgenden Arten von Informationen: Eine eindeutige ID und technische Informationen \u00fcber Ihren Computer, Ihr Tablet oder Ihr Mobiltelefon, Ihre IP-Nummer, Ihren geografischen Standort und welche Seiten Sie anklicken (Interessen). Je nachdem, inwieweit Sie Ihre ausdr\u00fcckliche Zustimmung erteilen und die Daten selbst eingeben, werden auch die folgenden Daten verarbeitet: Name, Telefonnummer, E-Mail, Adresse und Zahlungsinformationen. Dies geschieht in der Regel im Zusammenhang mit der Erstellung eines Logins oder bei einem Kauf.<\/p>\n\n<p>Sicherheit<\/p>\n\n<p>Wir verarbeiten Ihre personenbezogenen Daten sicher und vertraulich in \u00dcbereinstimmung mit der geltenden Gesetzgebung, einschlie\u00dflich der Verordnung \u00fcber personenbezogene Daten und dem Data Protection Act. Ihre Daten werden nur f\u00fcr den Zweck verwendet, f\u00fcr den sie erhoben wurden, und werden gel\u00f6scht, wenn dieser Zweck erf\u00fcllt ist oder nicht mehr relevant ist. Wir haben technische und organisatorische Ma\u00dfnahmen ergriffen, um zu verhindern, dass Ihre Daten versehentlich oder unrechtm\u00e4\u00dfig gel\u00f6scht werden, ver\u00f6ffentlicht werden, verloren gehen, verschlechtert werden oder Unbefugten zur Kenntnis gelangen, missbraucht oder anderweitig gesetzeswidrig verarbeitet werden.<\/p>\n\n<p>Zeitraum der Lagerung<\/p>\n\n<p>Die Informationen werden f\u00fcr den gesetzlich zul\u00e4ssigen Zeitraum aufbewahrt und wir l\u00f6schen sie, wenn sie nicht mehr erforderlich sind. Der Zeitraum h\u00e4ngt von der Art der Informationen und dem Hintergrund f\u00fcr die Speicherung ab. Es ist daher nicht m\u00f6glich, einen allgemeinen Zeitrahmen f\u00fcr die L\u00f6schung von Informationen anzugeben.<\/p>\n\n<p>Offenlegung von Informationen<\/p>\n\n<p>Daten \u00fcber Ihre Nutzung der Website, welche Werbung Sie erhalten und m\u00f6glicherweise anklicken, geografischer Standort, Geschlecht und Alterssegment usw. werden an Dritte weitergegeben, soweit diese Informationen bekannt sind. Welche Dritten beteiligt sind, erfahren Sie im Abschnitt &#8222;Cookies&#8220; weiter oben. Die Informationen werden f\u00fcr das Targeting von Werbung verwendet.<\/p>\n\n<p>Wir nutzen auch eine Reihe von Drittanbietern, um Daten zu speichern und zu verarbeiten. Sie verarbeiten die Informationen nur in unserem Auftrag und d\u00fcrfen sie nicht f\u00fcr ihre eigenen Zwecke verwenden.<\/p>\n\n<p>Die Weitergabe von pers\u00f6nlichen Daten wie Name und E-Mail usw. erfolgt nur, wenn Sie dem zustimmen. Wir verwenden nur Datenverarbeiter in der EU oder in L\u00e4ndern, die Ihre Daten ausreichend sch\u00fctzen k\u00f6nnen.<\/p>\n\n<p>Einblicke und Beschwerden<\/p>\n\n<p>Sie haben das Recht, in einem g\u00e4ngigen Format dar\u00fcber informiert zu werden, welche personenbezogenen Daten wir \u00fcber Sie verarbeiten (Daten\u00fcbertragbarkeit). Sie k\u00f6nnen der Verwendung von Informationen auch jederzeit widersprechen. Sie k\u00f6nnen auch Ihre Zustimmung zur Verarbeitung von Informationen \u00fcber Sie widerrufen. Wenn die \u00fcber Sie verarbeiteten Informationen nicht korrekt sind, haben Sie das Recht, sie korrigieren oder l\u00f6schen zu lassen. Anfragen hierzu k\u00f6nnen Sie an folgende Adresse richten: <a href=\"mailto:info@dekodesignsystems.com\">info@dekodesignsystems.com<\/a> Wenn Sie sich \u00fcber die Verarbeitung Ihrer pers\u00f6nlichen Daten durch uns beschweren m\u00f6chten, haben Sie auch die M\u00f6glichkeit, sich an die d\u00e4nische Datenschutzbeh\u00f6rde zu wenden. Wenn Sie nicht mehr m\u00f6chten, dass wir Ihre personenbezogenen Daten verarbeiten oder dass wir die Verarbeitung Ihrer personenbezogenen Daten einschr\u00e4nken, k\u00f6nnen Sie uns auch eine entsprechende Anfrage an die oben genannte E-Mail-Adresse senden.<\/p>\n\n<p><strong>Herausgeber<\/strong><\/p>\n\n<p>Diese Website ist Eigentum und wird ver\u00f6ffentlicht von:<\/p>\n\n<p>Deko Design Systeme ApS<br\/>B\u00f8geskovvej 140<br\/>5540 Ullerslev<br\/>F\u00fcnen D\u00e4nemark<br\/>Telefon: +49 160 96528908<br\/>E-Mail: <a href=\"mailto:info@dekodesignsystems.com\">info@dekodesignsystems.com<\/a><\/p>\n","protected":false},"excerpt":{"rendered":"<p>Cookie- und Datenschutzrichtlinie bei Deko Design Systems ApS Einf\u00fchrung Wenn Sie unsere Website besuchen, werden Ihre Daten gesammelt, damit wir [&hellip;]<\/p>\n","protected":false},"author":1,"featured_media":0,"parent":0,"menu_order":0,"comment_status":"closed","ping_status":"open","template":"","meta":{"_acf_changed":false,"_uag_custom_page_level_css":"","site-sidebar-layout":"default","site-content-layout":"","ast-site-content-layout":"default","site-content-style":"default","site-sidebar-style":"default","ast-global-header-display":"","ast-banner-title-visibility":"","ast-main-header-display":"","ast-hfb-above-header-display":"","ast-hfb-below-header-display":"","ast-hfb-mobile-header-display":"","site-post-title":"","ast-breadcrumbs-content":"","ast-featured-img":"","footer-sml-layout":"","ast-disable-related-posts":"","theme-transparent-header-meta":"","adv-header-id-meta":"","stick-header-meta":"","header-above-stick-meta":"","header-main-stick-meta":"","header-below-stick-meta":"","astra-migrate-meta-layouts":"default","ast-page-background-enabled":"default","ast-page-background-meta":{"desktop":{"background-color":"var(--ast-global-color-4)","background-image":"","background-repeat":"repeat","background-position":"center center","background-size":"auto","background-attachment":"scroll","background-type":"","background-media":"","overlay-type":"","overlay-color":"","overlay-opacity":"","overlay-gradient":""},"tablet":{"background-color":"","background-image":"","background-repeat":"repeat","background-position":"center center","background-size":"auto","background-attachment":"scroll","background-type":"","background-media":"","overlay-type":"","overlay-color":"","overlay-opacity":"","overlay-gradient":""},"mobile":{"background-color":"","background-image":"","background-repeat":"repeat","background-position":"center center","background-size":"auto","background-attachment":"scroll","background-type":"","background-media":"","overlay-type":"","overlay-color":"","overlay-opacity":"","overlay-gradient":""}},"ast-content-background-meta":{"desktop":{"background-color":"var(--ast-global-color-5)","background-image":"","background-repeat":"repeat","background-position":"center center","background-size":"auto","background-attachment":"scroll","background-type":"","background-media":"","overlay-type":"","overlay-color":"","overlay-opacity":"","overlay-gradient":""},"tablet":{"background-color":"var(--ast-global-color-5)","background-image":"","background-repeat":"repeat","background-position":"center center","background-size":"auto","background-attachment":"scroll","background-type":"","background-media":"","overlay-type":"","overlay-color":"","overlay-opacity":"","overlay-gradient":""},"mobile":{"background-color":"var(--ast-global-color-5)","background-image":"","background-repeat":"repeat","background-position":"center center","background-size":"auto","background-attachment":"scroll","background-type":"","background-media":"","overlay-type":"","overlay-color":"","overlay-opacity":"","overlay-gradient":""}},"footnotes":""},"class_list":["post-1709","page","type-page","status-publish","hentry"],"acf":[],"yoast_head":"<!-- This site is optimized with the Yoast SEO plugin v26.9 - https:\/\/yoast.com\/product\/yoast-seo-wordpress\/ -->\n<title>Cookie- und Datenschutzrichtlinie | Deko Design Systems<\/title>\n<meta name=\"robots\" content=\"index, follow, max-snippet:-1, max-image-preview:large, max-video-preview:-1\" \/>\n<link rel=\"canonical\" href=\"https:\/\/dekodesignsystems.com\/de\/cookie-und-datenschutzrichtlinie\/\" \/>\n<meta property=\"og:locale\" content=\"de_DE\" \/>\n<meta property=\"og:type\" content=\"article\" \/>\n<meta property=\"og:title\" content=\"Cookie- und Datenschutzrichtlinie | Deko Design Systems\" \/>\n<meta property=\"og:description\" content=\"Cookie- und Datenschutzrichtlinie bei Deko Design Systems ApS Einf\u00fchrung Wenn Sie unsere Website besuchen, werden Ihre Daten gesammelt, damit wir [&hellip;]\" \/>\n<meta property=\"og:url\" content=\"https:\/\/dekodesignsystems.com\/de\/cookie-und-datenschutzrichtlinie\/\" \/>\n<meta property=\"og:site_name\" content=\"Deko Design Systems\" \/>\n<meta property=\"article:modified_time\" content=\"2025-01-24T18:40:54+00:00\" \/>\n<meta name=\"twitter:card\" content=\"summary_large_image\" \/>\n<meta name=\"twitter:label1\" content=\"Gesch\u00e4tzte Lesezeit\" \/>\n\t<meta name=\"twitter:data1\" content=\"3\u00a0Minute\" \/>\n<script type=\"application\/ld+json\" class=\"yoast-schema-graph\">{\"@context\":\"https:\/\/schema.org\",\"@graph\":[{\"@type\":\"WebPage\",\"@id\":\"https:\/\/dekodesignsystems.com\/de\/cookie-und-datenschutzrichtlinie\/\",\"url\":\"https:\/\/dekodesignsystems.com\/de\/cookie-und-datenschutzrichtlinie\/\",\"name\":\"Cookie- und Datenschutzrichtlinie | Deko Design Systems\",\"isPartOf\":{\"@id\":\"https:\/\/dekodesignsystems.com\/de\/#website\"},\"datePublished\":\"2024-01-22T20:43:03+00:00\",\"dateModified\":\"2025-01-24T18:40:54+00:00\",\"breadcrumb\":{\"@id\":\"https:\/\/dekodesignsystems.com\/de\/cookie-und-datenschutzrichtlinie\/#breadcrumb\"},\"inLanguage\":\"de\",\"potentialAction\":[{\"@type\":\"ReadAction\",\"target\":[\"https:\/\/dekodesignsystems.com\/de\/cookie-und-datenschutzrichtlinie\/\"]}]},{\"@type\":\"BreadcrumbList\",\"@id\":\"https:\/\/dekodesignsystems.com\/de\/cookie-und-datenschutzrichtlinie\/#breadcrumb\",\"itemListElement\":[{\"@type\":\"ListItem\",\"position\":1,\"name\":\"Startseite\",\"item\":\"https:\/\/dekodesignsystems.com\/de\/\"},{\"@type\":\"ListItem\",\"position\":2,\"name\":\"Cookie- und Datenschutzrichtlinie\"}]},{\"@type\":\"WebSite\",\"@id\":\"https:\/\/dekodesignsystems.com\/de\/#website\",\"url\":\"https:\/\/dekodesignsystems.com\/de\/\",\"name\":\"Deko Design Systems\",\"description\":\"\",\"publisher\":{\"@id\":\"https:\/\/dekodesignsystems.com\/de\/#organization\"},\"potentialAction\":[{\"@type\":\"SearchAction\",\"target\":{\"@type\":\"EntryPoint\",\"urlTemplate\":\"https:\/\/dekodesignsystems.com\/de\/?s={search_term_string}\"},\"query-input\":{\"@type\":\"PropertyValueSpecification\",\"valueRequired\":true,\"valueName\":\"search_term_string\"}}],\"inLanguage\":\"de\"},{\"@type\":\"Organization\",\"@id\":\"https:\/\/dekodesignsystems.com\/de\/#organization\",\"name\":\"Deko Design Systems ApS\",\"url\":\"https:\/\/dekodesignsystems.com\/de\/\",\"logo\":{\"@type\":\"ImageObject\",\"inLanguage\":\"de\",\"@id\":\"https:\/\/dekodesignsystems.com\/de\/#\/schema\/logo\/image\/\",\"url\":\"https:\/\/dekodesignsystems.com\/wp-content\/uploads\/2024\/02\/Deko-design-systems.svg\",\"contentUrl\":\"https:\/\/dekodesignsystems.com\/wp-content\/uploads\/2024\/02\/Deko-design-systems.svg\",\"width\":231,\"height\":102,\"caption\":\"Deko Design Systems ApS\"},\"image\":{\"@id\":\"https:\/\/dekodesignsystems.com\/de\/#\/schema\/logo\/image\/\"}}]}<\/script>\n<!-- \/ Yoast SEO plugin. -->","yoast_head_json":{"title":"Cookie- und Datenschutzrichtlinie | Deko Design Systems","robots":{"index":"index","follow":"follow","max-snippet":"max-snippet:-1","max-image-preview":"max-image-preview:large","max-video-preview":"max-video-preview:-1"},"canonical":"https:\/\/dekodesignsystems.com\/de\/cookie-und-datenschutzrichtlinie\/","og_locale":"de_DE","og_type":"article","og_title":"Cookie- und Datenschutzrichtlinie | Deko Design Systems","og_description":"Cookie- und Datenschutzrichtlinie bei Deko Design Systems ApS Einf\u00fchrung Wenn Sie unsere Website besuchen, werden Ihre Daten gesammelt, damit wir [&hellip;]","og_url":"https:\/\/dekodesignsystems.com\/de\/cookie-und-datenschutzrichtlinie\/","og_site_name":"Deko Design Systems","article_modified_time":"2025-01-24T18:40:54+00:00","twitter_card":"summary_large_image","twitter_misc":{"Gesch\u00e4tzte Lesezeit":"3\u00a0Minute"},"schema":{"@context":"https:\/\/schema.org","@graph":[{"@type":"WebPage","@id":"https:\/\/dekodesignsystems.com\/de\/cookie-und-datenschutzrichtlinie\/","url":"https:\/\/dekodesignsystems.com\/de\/cookie-und-datenschutzrichtlinie\/","name":"Cookie- und Datenschutzrichtlinie | Deko Design Systems","isPartOf":{"@id":"https:\/\/dekodesignsystems.com\/de\/#website"},"datePublished":"2024-01-22T20:43:03+00:00","dateModified":"2025-01-24T18:40:54+00:00","breadcrumb":{"@id":"https:\/\/dekodesignsystems.com\/de\/cookie-und-datenschutzrichtlinie\/#breadcrumb"},"inLanguage":"de","potentialAction":[{"@type":"ReadAction","target":["https:\/\/dekodesignsystems.com\/de\/cookie-und-datenschutzrichtlinie\/"]}]},{"@type":"BreadcrumbList","@id":"https:\/\/dekodesignsystems.com\/de\/cookie-und-datenschutzrichtlinie\/#breadcrumb","itemListElement":[{"@type":"ListItem","position":1,"name":"Startseite","item":"https:\/\/dekodesignsystems.com\/de\/"},{"@type":"ListItem","position":2,"name":"Cookie- und Datenschutzrichtlinie"}]},{"@type":"WebSite","@id":"https:\/\/dekodesignsystems.com\/de\/#website","url":"https:\/\/dekodesignsystems.com\/de\/","name":"Deko Design Systems","description":"","publisher":{"@id":"https:\/\/dekodesignsystems.com\/de\/#organization"},"potentialAction":[{"@type":"SearchAction","target":{"@type":"EntryPoint","urlTemplate":"https:\/\/dekodesignsystems.com\/de\/?s={search_term_string}"},"query-input":{"@type":"PropertyValueSpecification","valueRequired":true,"valueName":"search_term_string"}}],"inLanguage":"de"},{"@type":"Organization","@id":"https:\/\/dekodesignsystems.com\/de\/#organization","name":"Deko Design Systems ApS","url":"https:\/\/dekodesignsystems.com\/de\/","logo":{"@type":"ImageObject","inLanguage":"de","@id":"https:\/\/dekodesignsystems.com\/de\/#\/schema\/logo\/image\/","url":"https:\/\/dekodesignsystems.com\/wp-content\/uploads\/2024\/02\/Deko-design-systems.svg","contentUrl":"https:\/\/dekodesignsystems.com\/wp-content\/uploads\/2024\/02\/Deko-design-systems.svg","width":231,"height":102,"caption":"Deko Design Systems ApS"},"image":{"@id":"https:\/\/dekodesignsystems.com\/de\/#\/schema\/logo\/image\/"}}]}},"spectra_custom_meta":{"_wp_page_template":["default"],"_wpml_location_migration_done":["1"],"the_grid_item_custom_link_target":["_self"],"the_grid_item_col":["1"],"the_grid_item_row":["1"],"the_grid_item_content_color":["dark"],"the_grid_item_overlay_color":["light"],"the_grid_item_video_ratio":["4:3"],"the_grid_item_youtube_ratio":["4:3"],"the_grid_item_vimeo_ratio":["4:3"],"the_grid_item_wistia_ratio":["4:3"],"_wpml_media_duplicate":["1"],"_wpml_media_featured":["1"],"_yoast_wpseo_content_score":["30"],"_yoast_wpseo_estimated-reading-time-minutes":["3"],"_yoast_wpseo_wordproof_timestamp":[""],"_edit_lock":["1713359442:1"],"_last_translation_edit_mode":["translation-editor"],"_edit_last":["1"],"_wpml_word_count":["{\"total\":725,\"to_translate\":{\"da\":725,\"en\":725,\"at\":725}}"],"_uag_page_assets":["a:9:{s:3:\"css\";s:263:\".uag-blocks-common-selector{z-index:var(--z-index-desktop) !important}@media (max-width: 976px){.uag-blocks-common-selector{z-index:var(--z-index-tablet) !important}}@media (max-width: 767px){.uag-blocks-common-selector{z-index:var(--z-index-mobile) !important}}\n\";s:2:\"js\";s:0:\"\";s:18:\"current_block_list\";a:19:{i:0;s:14:\"core\/paragraph\";i:1;s:11:\"core\/search\";i:2;s:10:\"core\/group\";i:3;s:12:\"core\/heading\";i:4;s:17:\"core\/latest-posts\";i:5;s:20:\"core\/latest-comments\";i:6;s:13:\"core\/archives\";i:7;s:15:\"core\/categories\";i:8;s:10:\"core\/image\";i:9;s:17:\"core\/social-links\";i:10;s:28:\"woocommerce\/customer-account\";i:11;s:12:\"core\/columns\";i:12;s:11:\"core\/column\";i:13;s:12:\"core\/buttons\";i:14;s:11:\"core\/button\";i:18;s:16:\"core\/social-link\";i:19;s:17:\"safe-svg\/svg-icon\";i:20;s:12:\"core\/gallery\";i:21;s:11:\"core\/spacer\";}s:8:\"uag_flag\";b:0;s:11:\"uag_version\";i:1777992589;s:6:\"gfonts\";a:0:{}s:10:\"gfonts_url\";s:0:\"\";s:12:\"gfonts_files\";a:0:{}s:14:\"uag_faq_layout\";b:0;}"],"_uagb_previous_block_counts":["a:90:{s:21:\"uagb\/advanced-heading\";i:0;s:15:\"uagb\/blockquote\";i:0;s:12:\"uagb\/buttons\";i:0;s:18:\"uagb\/buttons-child\";i:0;s:19:\"uagb\/call-to-action\";i:0;s:15:\"uagb\/cf7-styler\";i:0;s:11:\"uagb\/column\";i:0;s:12:\"uagb\/columns\";i:0;s:14:\"uagb\/container\";i:0;s:21:\"uagb\/content-timeline\";i:0;s:27:\"uagb\/content-timeline-child\";i:0;s:14:\"uagb\/countdown\";i:0;s:12:\"uagb\/counter\";i:0;s:8:\"uagb\/faq\";i:0;s:14:\"uagb\/faq-child\";i:0;s:10:\"uagb\/forms\";i:0;s:17:\"uagb\/forms-accept\";i:0;s:19:\"uagb\/forms-checkbox\";i:0;s:15:\"uagb\/forms-date\";i:0;s:16:\"uagb\/forms-email\";i:0;s:17:\"uagb\/forms-hidden\";i:0;s:15:\"uagb\/forms-name\";i:0;s:16:\"uagb\/forms-phone\";i:0;s:16:\"uagb\/forms-radio\";i:0;s:17:\"uagb\/forms-select\";i:0;s:19:\"uagb\/forms-textarea\";i:0;s:17:\"uagb\/forms-toggle\";i:0;s:14:\"uagb\/forms-url\";i:0;s:14:\"uagb\/gf-styler\";i:0;s:15:\"uagb\/google-map\";i:0;s:11:\"uagb\/how-to\";i:0;s:16:\"uagb\/how-to-step\";i:0;s:9:\"uagb\/icon\";i:0;s:14:\"uagb\/icon-list\";i:0;s:20:\"uagb\/icon-list-child\";i:0;s:10:\"uagb\/image\";i:0;s:18:\"uagb\/image-gallery\";i:0;s:13:\"uagb\/info-box\";i:0;s:18:\"uagb\/inline-notice\";i:0;s:11:\"uagb\/lottie\";i:0;s:21:\"uagb\/marketing-button\";i:0;s:10:\"uagb\/modal\";i:0;s:18:\"uagb\/popup-builder\";i:0;s:16:\"uagb\/post-button\";i:0;s:18:\"uagb\/post-carousel\";i:0;s:17:\"uagb\/post-excerpt\";i:0;s:14:\"uagb\/post-grid\";i:0;s:15:\"uagb\/post-image\";i:0;s:17:\"uagb\/post-masonry\";i:0;s:14:\"uagb\/post-meta\";i:0;s:18:\"uagb\/post-taxonomy\";i:0;s:18:\"uagb\/post-timeline\";i:0;s:15:\"uagb\/post-title\";i:0;s:20:\"uagb\/restaurant-menu\";i:0;s:26:\"uagb\/restaurant-menu-child\";i:0;s:11:\"uagb\/review\";i:0;s:12:\"uagb\/section\";i:0;s:14:\"uagb\/separator\";i:0;s:11:\"uagb\/slider\";i:0;s:17:\"uagb\/slider-child\";i:0;s:17:\"uagb\/social-share\";i:0;s:23:\"uagb\/social-share-child\";i:0;s:16:\"uagb\/star-rating\";i:0;s:23:\"uagb\/sure-cart-checkout\";i:0;s:22:\"uagb\/sure-cart-product\";i:0;s:15:\"uagb\/sure-forms\";i:0;s:22:\"uagb\/table-of-contents\";i:0;s:9:\"uagb\/tabs\";i:0;s:15:\"uagb\/tabs-child\";i:0;s:18:\"uagb\/taxonomy-list\";i:0;s:9:\"uagb\/team\";i:0;s:16:\"uagb\/testimonial\";i:0;s:14:\"uagb\/wp-search\";i:0;s:19:\"uagb\/instagram-feed\";i:0;s:10:\"uagb\/login\";i:0;s:17:\"uagb\/loop-builder\";i:0;s:18:\"uagb\/loop-category\";i:0;s:20:\"uagb\/loop-pagination\";i:0;s:15:\"uagb\/loop-reset\";i:0;s:16:\"uagb\/loop-search\";i:0;s:14:\"uagb\/loop-sort\";i:0;s:17:\"uagb\/loop-wrapper\";i:0;s:13:\"uagb\/register\";i:0;s:19:\"uagb\/register-email\";i:0;s:24:\"uagb\/register-first-name\";i:0;s:23:\"uagb\/register-last-name\";i:0;s:22:\"uagb\/register-password\";i:0;s:30:\"uagb\/register-reenter-password\";i:0;s:19:\"uagb\/register-terms\";i:0;s:22:\"uagb\/register-username\";i:0;}"],"_uag_css_file_name":["uag-css-1709.css"]},"uagb_featured_image_src":{"full":false,"thumbnail":false,"medium":false,"medium_large":false,"large":false,"1536x1536":false,"2048x2048":false,"the_grid_size1":false,"the_grid_size2":false,"the_grid_size3":false,"the_grid_size4":false,"the_grid_size5":false,"woocommerce_thumbnail":false,"woocommerce_single":false,"woocommerce_gallery_thumbnail":false},"uagb_author_info":{"display_name":"michaelnoe","author_link":"https:\/\/dekodesignsystems.com\/de\/author\/michaelnoe\/"},"uagb_comment_info":0,"uagb_excerpt":"Cookie- und Datenschutzrichtlinie bei Deko Design Systems ApS Einf\u00fchrung Wenn Sie unsere Website besuchen, werden Ihre Daten gesammelt, damit wir [&hellip;]","jetpack_sharing_enabled":true,"_links":{"self":[{"href":"https:\/\/dekodesignsystems.com\/de\/wp-json\/wp\/v2\/pages\/1709","targetHints":{"allow":["GET"]}}],"collection":[{"href":"https:\/\/dekodesignsystems.com\/de\/wp-json\/wp\/v2\/pages"}],"about":[{"href":"https:\/\/dekodesignsystems.com\/de\/wp-json\/wp\/v2\/types\/page"}],"author":[{"embeddable":true,"href":"https:\/\/dekodesignsystems.com\/de\/wp-json\/wp\/v2\/users\/1"}],"replies":[{"embeddable":true,"href":"https:\/\/dekodesignsystems.com\/de\/wp-json\/wp\/v2\/comments?post=1709"}],"version-history":[{"count":7,"href":"https:\/\/dekodesignsystems.com\/de\/wp-json\/wp\/v2\/pages\/1709\/revisions"}],"predecessor-version":[{"id":10788,"href":"https:\/\/dekodesignsystems.com\/de\/wp-json\/wp\/v2\/pages\/1709\/revisions\/10788"}],"wp:attachment":[{"href":"https:\/\/dekodesignsystems.com\/de\/wp-json\/wp\/v2\/media?parent=1709"}],"curies":[{"name":"wp","href":"https:\/\/api.w.org\/{rel}","templated":true}]}}