{"id":2818,"date":"2024-03-11T11:24:38","date_gmt":"2024-03-11T11:24:38","guid":{"rendered":"https:\/\/dekodesignsystems.com\/shop\/deko-pu-design\/"},"modified":"2025-12-17T18:49:28","modified_gmt":"2025-12-17T18:49:28","slug":"deko-pu-design","status":"publish","type":"product","link":"https:\/\/dekodesignsystems.com\/da\/produkt\/deko-pu-design\/","title":{"rendered":"Deko MetaFlow\u2122 PU Design"},"content":{"rendered":"<p>Vores f\u00f8rsteklasses Deko MetaFlow\u2122 Polyurethan (PU) Design Coat er udviklet til at give dine gulve en slidst\u00e6rk, h\u00f8jtydende finish, der b\u00e5de er fantastisk og langtidsholdbar. Denne f\u00f8rsteklasses, tokomponent PU-resin er velegnet til et omr\u00e5de p\u00e5 5 m\u00b2 og er rygraden i enhver dekorativ metallisk gulvapplikation.<\/p>\n<p>Slip kreativiteten l\u00f8s ved at tilf\u00f8je vores livlige udvalg af metallic-pigmenter til denne ikke-pigmenterede, blanke og transparente base for at opn\u00e5 pr\u00e6cis den farve og de unikke effekter, du \u00f8nsker. Uanset om du g\u00e5r efter subtil elegance eller et dristigt statement, er mulighederne ubegr\u00e6nsede med denne alsidige Design Coat.<\/p>\n<p>Det giver ikke kun en imponerende \u00e6stetisk fleksibilitet, men vores PU Design Coat er ogs\u00e5 bygget til at modst\u00e5 tidens tand. Den UV-bestandige formulering sikrer, at dit gulvs farve og glans bevares, selv n\u00e5r det uds\u00e6ttes for konstant sollys. Desuden understreger dens lave emissionsprofil vores forpligtelse til at reducere emissioner, hvilket er i overensstemmelse med de Total Solid-standarder, der er fastsat af GISCODE.<\/p>\n<p>Produktets enest\u00e5ende holdbarhed betyder, at det effektivt modst\u00e5r vand og kemikalier, forhindrer pletter og g\u00f8r det nemt at vedligeholde. Denne modstandsdygtighed g\u00f8r det til et ideelt valg til rum med mange funktioner som garager, restauranter, saloner og hoteller samt til at forbedre opholdsomr\u00e5derne i hjemmet med et strejf af luksus.<\/p>\n<p>Den er alsidig i sin anvendelse og kan ogs\u00e5 bruges som en h\u00f8jkvalitetsforsegler til epoxygulve, bordplader, flodborde og forskellige kunstprojekter i resin, hvor den giver et blankt, beskyttende lag, der beskytter mod daglig slitage.<\/p>\n<p>V\u00e6lg vores PU Design Coat for at f\u00e5 en brugervenlig, alsidig l\u00f8sning, der f\u00e5r det bedste frem i dine gulve og meget mere.<\/p>\n","protected":false},"excerpt":{"rendered":"<p>Lav uds\u00f8gte, dekorative metalgulve med vores Polyurethan (PU) Design Coat til et omr\u00e5de p\u00e5 5 m\u00b2. Denne blanke og gennemsigtige 2-komponent resin af h\u00f8j kvalitet blandes fugefrit med vores metalpigmenter for at skabe tilpassede farver og effekter. Det er UV-bestandigt, har lave emissioner og giver fremragende modstandsdygtighed over for vand og kemikalier, hvilket g\u00f8r det perfekt til ethvert rum fra elegante opholdsrum til kommercielle milj\u00f8er med h\u00f8j trafik. Vores PU Design Coat er ogs\u00e5 ideel som forsegler og er det alsidige, holdbare valg til f\u00f8rsteklasses farveegenskaber og nem vedligeholdelse.<\/p>\n<p>[product-guide-button lang=\"en\"]<br \/>\n5 m2 = 5 kg<br \/>\n10 m2 = 10 kg<br \/>\n25 m2 = 25 kg<\/p>\n","protected":false},"featured_media":4128,"template":"","meta":{"_acf_changed":false,"_uag_custom_page_level_css":"","site-sidebar-layout":"default","site-content-layout":"","ast-site-content-layout":"default","site-content-style":"default","site-sidebar-style":"default","ast-global-header-display":"","ast-banner-title-visibility":"","ast-main-header-display":"","ast-hfb-above-header-display":"","ast-hfb-below-header-display":"","ast-hfb-mobile-header-display":"","site-post-title":"","ast-breadcrumbs-content":"","ast-featured-img":"","footer-sml-layout":"","ast-disable-related-posts":"","theme-transparent-header-meta":"default","adv-header-id-meta":"","stick-header-meta":"default","header-above-stick-meta":"","header-main-stick-meta":"","header-below-stick-meta":"","astra-migrate-meta-layouts":"default","ast-page-background-enabled":"default","ast-page-background-meta":{"desktop":{"background-color":"var(--ast-global-color-4)","background-image":"","background-repeat":"repeat","background-position":"center center","background-size":"auto","background-attachment":"scroll","background-type":"","background-media":"","overlay-type":"","overlay-color":"","overlay-opacity":"","overlay-gradient":""},"tablet":{"background-color":"","background-image":"","background-repeat":"repeat","background-position":"center center","background-size":"auto","background-attachment":"scroll","background-type":"","background-media":"","overlay-type":"","overlay-color":"","overlay-opacity":"","overlay-gradient":""},"mobile":{"background-color":"","background-image":"","background-repeat":"repeat","background-position":"center center","background-size":"auto","background-attachment":"scroll","background-type":"","background-media":"","overlay-type":"","overlay-color":"","overlay-opacity":"","overlay-gradient":""}},"ast-content-background-meta":{"desktop":{"background-color":"var(--ast-global-color-5)","background-image":"","background-repeat":"repeat","background-position":"center center","background-size":"auto","background-attachment":"scroll","background-type":"","background-media":"","overlay-type":"","overlay-color":"","overlay-opacity":"","overlay-gradient":""},"tablet":{"background-color":"var(--ast-global-color-5)","background-image":"","background-repeat":"repeat","background-position":"center center","background-size":"auto","background-attachment":"scroll","background-type":"","background-media":"","overlay-type":"","overlay-color":"","overlay-opacity":"","overlay-gradient":""},"mobile":{"background-color":"var(--ast-global-color-5)","background-image":"","background-repeat":"repeat","background-position":"center center","background-size":"auto","background-attachment":"scroll","background-type":"","background-media":"","overlay-type":"","overlay-color":"","overlay-opacity":"","overlay-gradient":""}}},"product_brand":[],"product_cat":[95],"product_tag":[],"class_list":{"0":"post-2818","1":"product","2":"type-product","3":"status-publish","4":"has-post-thumbnail","6":"product_cat-design-resin","7":"desktop-align-center","8":"tablet-align-left","9":"mobile-align-left","10":"ast-product-gallery-layout-horizontal-slider","11":"ast-product-gallery-with-no-image","12":"ast-magnify-disabled","13":"ast-product-single-variable","14":"ast-product-tabs-layout-accordion","16":"first","17":"instock","18":"taxable","19":"shipping-taxable","20":"purchasable","21":"product-type-variable","22":"has-default-attributes"},"acf":[],"yoast_head":"<!-- This site is optimized with the Yoast SEO plugin v26.9 - https:\/\/yoast.com\/product\/yoast-seo-wordpress\/ -->\n<title>Deko MetaFlow\u2122 PU Design | Deko Design Systems<\/title>\n<meta name=\"robots\" content=\"index, follow, max-snippet:-1, max-image-preview:large, max-video-preview:-1\" \/>\n<link rel=\"canonical\" href=\"https:\/\/dekodesignsystems.com\/da\/produkt\/deko-pu-design\/\" \/>\n<meta property=\"og:locale\" content=\"da_DK\" \/>\n<meta property=\"og:type\" content=\"article\" \/>\n<meta property=\"og:title\" content=\"Deko MetaFlow\u2122 PU Design | Deko Design Systems\" \/>\n<meta property=\"og:description\" content=\"Lav uds\u00f8gte, dekorative metalgulve med vores Polyurethan (PU) Design Coat til et omr\u00e5de p\u00e5 5 m\u00b2. Denne blanke og gennemsigtige 2-komponent resin af h\u00f8j kvalitet blandes fugefrit med vores metalpigmenter for at skabe tilpassede farver og effekter. Det er UV-bestandigt, har lave emissioner og giver fremragende modstandsdygtighed over for vand og kemikalier, hvilket g\u00f8r det perfekt til ethvert rum fra elegante opholdsrum til kommercielle milj\u00f8er med h\u00f8j trafik. Vores PU Design Coat er ogs\u00e5 ideel som forsegler og er det alsidige, holdbare valg til f\u00f8rsteklasses farveegenskaber og nem vedligeholdelse.  5 m2 = 5 kg 10 m2 = 10 kg 25 m2 = 25 kg\" \/>\n<meta property=\"og:url\" content=\"https:\/\/dekodesignsystems.com\/da\/produkt\/deko-pu-design\/\" \/>\n<meta property=\"og:site_name\" content=\"Deko Design Systems\" \/>\n<meta property=\"article:modified_time\" content=\"2025-12-17T18:49:28+00:00\" \/>\n<meta property=\"og:image\" content=\"https:\/\/dekodesignsystems.com\/wp-content\/uploads\/2024\/03\/Deko-PU-Design_25kg.jpg\" \/>\n\t<meta property=\"og:image:width\" content=\"600\" \/>\n\t<meta property=\"og:image:height\" content=\"600\" \/>\n\t<meta property=\"og:image:type\" content=\"image\/jpeg\" \/>\n<meta name=\"twitter:card\" content=\"summary_large_image\" \/>\n<meta name=\"twitter:label1\" content=\"Estimeret l\u00e6setid\" \/>\n\t<meta name=\"twitter:data1\" content=\"1 minut\" \/>\n<script type=\"application\/ld+json\" class=\"yoast-schema-graph\">{\"@context\":\"https:\/\/schema.org\",\"@graph\":[{\"@type\":\"WebPage\",\"@id\":\"https:\/\/dekodesignsystems.com\/da\/produkt\/deko-pu-design\/\",\"url\":\"https:\/\/dekodesignsystems.com\/da\/produkt\/deko-pu-design\/\",\"name\":\"Deko MetaFlow\u2122 PU Design | Deko Design Systems\",\"isPartOf\":{\"@id\":\"https:\/\/dekodesignsystems.com\/da\/#website\"},\"primaryImageOfPage\":{\"@id\":\"https:\/\/dekodesignsystems.com\/da\/produkt\/deko-pu-design\/#primaryimage\"},\"image\":{\"@id\":\"https:\/\/dekodesignsystems.com\/da\/produkt\/deko-pu-design\/#primaryimage\"},\"thumbnailUrl\":\"https:\/\/dekodesignsystems.com\/wp-content\/uploads\/2024\/03\/Deko-PU-Design_25kg.jpg\",\"datePublished\":\"2024-03-11T11:24:38+00:00\",\"dateModified\":\"2025-12-17T18:49:28+00:00\",\"breadcrumb\":{\"@id\":\"https:\/\/dekodesignsystems.com\/da\/produkt\/deko-pu-design\/#breadcrumb\"},\"inLanguage\":\"da-DK\",\"potentialAction\":[{\"@type\":\"ReadAction\",\"target\":[\"https:\/\/dekodesignsystems.com\/da\/produkt\/deko-pu-design\/\"]}]},{\"@type\":\"ImageObject\",\"inLanguage\":\"da-DK\",\"@id\":\"https:\/\/dekodesignsystems.com\/da\/produkt\/deko-pu-design\/#primaryimage\",\"url\":\"https:\/\/dekodesignsystems.com\/wp-content\/uploads\/2024\/03\/Deko-PU-Design_25kg.jpg\",\"contentUrl\":\"https:\/\/dekodesignsystems.com\/wp-content\/uploads\/2024\/03\/Deko-PU-Design_25kg.jpg\",\"width\":600,\"height\":600},{\"@type\":\"BreadcrumbList\",\"@id\":\"https:\/\/dekodesignsystems.com\/da\/produkt\/deko-pu-design\/#breadcrumb\",\"itemListElement\":[{\"@type\":\"ListItem\",\"position\":1,\"name\":\"Hjem\",\"item\":\"https:\/\/dekodesignsystems.com\/da\/\"},{\"@type\":\"ListItem\",\"position\":2,\"name\":\"Shop\",\"item\":\"https:\/\/dekodesignsystems.com\/da\/butik\/\"},{\"@type\":\"ListItem\",\"position\":3,\"name\":\"Deko MetaFlow\u2122 PU Design\"}]},{\"@type\":\"WebSite\",\"@id\":\"https:\/\/dekodesignsystems.com\/da\/#website\",\"url\":\"https:\/\/dekodesignsystems.com\/da\/\",\"name\":\"Deko Design Systems\",\"description\":\"\",\"publisher\":{\"@id\":\"https:\/\/dekodesignsystems.com\/da\/#organization\"},\"potentialAction\":[{\"@type\":\"SearchAction\",\"target\":{\"@type\":\"EntryPoint\",\"urlTemplate\":\"https:\/\/dekodesignsystems.com\/da\/?s={search_term_string}\"},\"query-input\":{\"@type\":\"PropertyValueSpecification\",\"valueRequired\":true,\"valueName\":\"search_term_string\"}}],\"inLanguage\":\"da-DK\"},{\"@type\":\"Organization\",\"@id\":\"https:\/\/dekodesignsystems.com\/da\/#organization\",\"name\":\"Deko Design Systems ApS\",\"url\":\"https:\/\/dekodesignsystems.com\/da\/\",\"logo\":{\"@type\":\"ImageObject\",\"inLanguage\":\"da-DK\",\"@id\":\"https:\/\/dekodesignsystems.com\/da\/#\/schema\/logo\/image\/\",\"url\":\"https:\/\/dekodesignsystems.com\/wp-content\/uploads\/2024\/02\/Deko-design-systems.svg\",\"contentUrl\":\"https:\/\/dekodesignsystems.com\/wp-content\/uploads\/2024\/02\/Deko-design-systems.svg\",\"width\":231,\"height\":102,\"caption\":\"Deko Design Systems ApS\"},\"image\":{\"@id\":\"https:\/\/dekodesignsystems.com\/da\/#\/schema\/logo\/image\/\"}}]}<\/script>\n<!-- \/ Yoast SEO plugin. -->","yoast_head_json":{"title":"Deko MetaFlow\u2122 PU Design | Deko Design Systems","robots":{"index":"index","follow":"follow","max-snippet":"max-snippet:-1","max-image-preview":"max-image-preview:large","max-video-preview":"max-video-preview:-1"},"canonical":"https:\/\/dekodesignsystems.com\/da\/produkt\/deko-pu-design\/","og_locale":"da_DK","og_type":"article","og_title":"Deko MetaFlow\u2122 PU Design | Deko Design Systems","og_description":"Lav uds\u00f8gte, dekorative metalgulve med vores Polyurethan (PU) Design Coat til et omr\u00e5de p\u00e5 5 m\u00b2. Denne blanke og gennemsigtige 2-komponent resin af h\u00f8j kvalitet blandes fugefrit med vores metalpigmenter for at skabe tilpassede farver og effekter. Det er UV-bestandigt, har lave emissioner og giver fremragende modstandsdygtighed over for vand og kemikalier, hvilket g\u00f8r det perfekt til ethvert rum fra elegante opholdsrum til kommercielle milj\u00f8er med h\u00f8j trafik. Vores PU Design Coat er ogs\u00e5 ideel som forsegler og er det alsidige, holdbare valg til f\u00f8rsteklasses farveegenskaber og nem vedligeholdelse.  5 m2 = 5 kg 10 m2 = 10 kg 25 m2 = 25 kg","og_url":"https:\/\/dekodesignsystems.com\/da\/produkt\/deko-pu-design\/","og_site_name":"Deko Design Systems","article_modified_time":"2025-12-17T18:49:28+00:00","og_image":[{"width":600,"height":600,"url":"https:\/\/dekodesignsystems.com\/wp-content\/uploads\/2024\/03\/Deko-PU-Design_25kg.jpg","type":"image\/jpeg"}],"twitter_card":"summary_large_image","twitter_misc":{"Estimeret l\u00e6setid":"1 minut"},"schema":{"@context":"https:\/\/schema.org","@graph":[{"@type":"WebPage","@id":"https:\/\/dekodesignsystems.com\/da\/produkt\/deko-pu-design\/","url":"https:\/\/dekodesignsystems.com\/da\/produkt\/deko-pu-design\/","name":"Deko MetaFlow\u2122 PU Design | Deko Design Systems","isPartOf":{"@id":"https:\/\/dekodesignsystems.com\/da\/#website"},"primaryImageOfPage":{"@id":"https:\/\/dekodesignsystems.com\/da\/produkt\/deko-pu-design\/#primaryimage"},"image":{"@id":"https:\/\/dekodesignsystems.com\/da\/produkt\/deko-pu-design\/#primaryimage"},"thumbnailUrl":"https:\/\/dekodesignsystems.com\/wp-content\/uploads\/2024\/03\/Deko-PU-Design_25kg.jpg","datePublished":"2024-03-11T11:24:38+00:00","dateModified":"2025-12-17T18:49:28+00:00","breadcrumb":{"@id":"https:\/\/dekodesignsystems.com\/da\/produkt\/deko-pu-design\/#breadcrumb"},"inLanguage":"da-DK","potentialAction":[{"@type":"ReadAction","target":["https:\/\/dekodesignsystems.com\/da\/produkt\/deko-pu-design\/"]}]},{"@type":"ImageObject","inLanguage":"da-DK","@id":"https:\/\/dekodesignsystems.com\/da\/produkt\/deko-pu-design\/#primaryimage","url":"https:\/\/dekodesignsystems.com\/wp-content\/uploads\/2024\/03\/Deko-PU-Design_25kg.jpg","contentUrl":"https:\/\/dekodesignsystems.com\/wp-content\/uploads\/2024\/03\/Deko-PU-Design_25kg.jpg","width":600,"height":600},{"@type":"BreadcrumbList","@id":"https:\/\/dekodesignsystems.com\/da\/produkt\/deko-pu-design\/#breadcrumb","itemListElement":[{"@type":"ListItem","position":1,"name":"Hjem","item":"https:\/\/dekodesignsystems.com\/da\/"},{"@type":"ListItem","position":2,"name":"Shop","item":"https:\/\/dekodesignsystems.com\/da\/butik\/"},{"@type":"ListItem","position":3,"name":"Deko MetaFlow\u2122 PU Design"}]},{"@type":"WebSite","@id":"https:\/\/dekodesignsystems.com\/da\/#website","url":"https:\/\/dekodesignsystems.com\/da\/","name":"Deko Design Systems","description":"","publisher":{"@id":"https:\/\/dekodesignsystems.com\/da\/#organization"},"potentialAction":[{"@type":"SearchAction","target":{"@type":"EntryPoint","urlTemplate":"https:\/\/dekodesignsystems.com\/da\/?s={search_term_string}"},"query-input":{"@type":"PropertyValueSpecification","valueRequired":true,"valueName":"search_term_string"}}],"inLanguage":"da-DK"},{"@type":"Organization","@id":"https:\/\/dekodesignsystems.com\/da\/#organization","name":"Deko Design Systems ApS","url":"https:\/\/dekodesignsystems.com\/da\/","logo":{"@type":"ImageObject","inLanguage":"da-DK","@id":"https:\/\/dekodesignsystems.com\/da\/#\/schema\/logo\/image\/","url":"https:\/\/dekodesignsystems.com\/wp-content\/uploads\/2024\/02\/Deko-design-systems.svg","contentUrl":"https:\/\/dekodesignsystems.com\/wp-content\/uploads\/2024\/02\/Deko-design-systems.svg","width":231,"height":102,"caption":"Deko Design Systems ApS"},"image":{"@id":"https:\/\/dekodesignsystems.com\/da\/#\/schema\/logo\/image\/"}}]}},"spectra_custom_meta":{"_wcml_average_rating":[null],"_wcml_review_count":[null],"_wcml_rating_count":[null],"_yoast_wpseo_primary_product_cat":["56"],"_backorders":["no"],"_download_limit":["-1"],"_download_expiry":["-1"],"_downloadable":["no"],"_manage_stock":["no"],"_stock_status":["instock"],"_sold_individually":["no"],"_tax_class":[""],"_tax_status":["taxable"],"_virtual":["no"],"total_sales":["6"],"stick-header-meta":["default"],"site-sidebar-layout":["default"],"theme-transparent-header-meta":["default"],"ast-site-content-layout":["default"],"site-content-style":["default"],"site-sidebar-style":["default"],"wcml_sync_hash":["a:1:{s:15:\"postmeta_fields\";s:32:\"43dcfcc27f75d85ad04acf2ecfec1e4d\";}"],"attr_label_translations":["a:0:{}"],"_product_attributes":["a:1:{s:11:\"pa_coverage\";a:6:{s:4:\"name\";s:11:\"pa_coverage\";s:5:\"value\";s:0:\"\";s:8:\"position\";i:0;s:10:\"is_visible\";i:1;s:12:\"is_variation\";i:1;s:11:\"is_taxonomy\";i:1;}}"],"_product_image_gallery":[""],"_default_attributes":["a:1:{s:11:\"pa_coverage\";s:6:\"5m2-da\";}"],"_upsell_ids":["a:0:{}"],"_crosssell_ids":["a:0:{}"],"_children":["a:0:{}"],"_edit_lock":["1716811457:8"],"_wpml_word_count":["418"],"_thumbnail_id":["4128"],"_last_translation_edit_mode":["translation-editor"],"_price":[213.3,"1066.30","426.60"],"_stock":[null],"_wc_average_rating":[0],"_wc_review_count":["0"],"_product_version":["9.7.1"],"_downloadable_files":[""],"_uag_page_assets":["a:9:{s:3:\"css\";s:263:\".uag-blocks-common-selector{z-index:var(--z-index-desktop) !important}@media (max-width: 976px){.uag-blocks-common-selector{z-index:var(--z-index-tablet) !important}}@media (max-width: 767px){.uag-blocks-common-selector{z-index:var(--z-index-mobile) !important}}\n\";s:2:\"js\";s:0:\"\";s:18:\"current_block_list\";a:19:{i:0;s:11:\"core\/search\";i:1;s:10:\"core\/group\";i:2;s:12:\"core\/heading\";i:3;s:17:\"core\/latest-posts\";i:4;s:20:\"core\/latest-comments\";i:5;s:13:\"core\/archives\";i:6;s:15:\"core\/categories\";i:7;s:10:\"core\/image\";i:8;s:14:\"core\/paragraph\";i:9;s:17:\"core\/social-links\";i:10;s:28:\"woocommerce\/customer-account\";i:11;s:12:\"core\/columns\";i:12;s:11:\"core\/column\";i:13;s:12:\"core\/buttons\";i:14;s:11:\"core\/button\";i:18;s:16:\"core\/social-link\";i:19;s:17:\"safe-svg\/svg-icon\";i:20;s:12:\"core\/gallery\";i:21;s:11:\"core\/spacer\";}s:8:\"uag_flag\";b:0;s:11:\"uag_version\";i:1778083269;s:6:\"gfonts\";a:0:{}s:10:\"gfonts_url\";s:0:\"\";s:12:\"gfonts_files\";a:0:{}s:14:\"uag_faq_layout\";b:0;}"],"_uag_css_file_name":["uag-css-2818.css"],"_max_variation_price":[""],"_max_variation_regular_price":[""],"_max_variation_sale_price":[""],"_min_variation_price":[""],"_min_variation_regular_price":[""],"_min_variation_sale_price":[""],"_regular_price":[""],"_sale_price":[""],"_wc_rating_count":[""]},"uagb_featured_image_src":{"full":["https:\/\/dekodesignsystems.com\/wp-content\/uploads\/2024\/03\/Deko-PU-Design_25kg.jpg",600,600,false],"thumbnail":["https:\/\/dekodesignsystems.com\/wp-content\/uploads\/2024\/03\/Deko-PU-Design_25kg-150x150.jpg",150,150,true],"medium":["https:\/\/dekodesignsystems.com\/wp-content\/uploads\/2024\/03\/Deko-PU-Design_25kg-300x300.jpg",300,300,true],"medium_large":["https:\/\/dekodesignsystems.com\/wp-content\/uploads\/2024\/03\/Deko-PU-Design_25kg.jpg",600,600,false],"large":["https:\/\/dekodesignsystems.com\/wp-content\/uploads\/2024\/03\/Deko-PU-Design_25kg.jpg",600,600,false],"1536x1536":["https:\/\/dekodesignsystems.com\/wp-content\/uploads\/2024\/03\/Deko-PU-Design_25kg.jpg",600,600,false],"2048x2048":["https:\/\/dekodesignsystems.com\/wp-content\/uploads\/2024\/03\/Deko-PU-Design_25kg.jpg",600,600,false],"the_grid_size1":["https:\/\/dekodesignsystems.com\/wp-content\/uploads\/2024\/03\/Deko-PU-Design_25kg-500x500.jpg",500,500,true],"the_grid_size2":["https:\/\/dekodesignsystems.com\/wp-content\/uploads\/2024\/03\/Deko-PU-Design_25kg-500x600.jpg",500,600,true],"the_grid_size3":["https:\/\/dekodesignsystems.com\/wp-content\/uploads\/2024\/03\/Deko-PU-Design_25kg-600x500.jpg",600,500,true],"the_grid_size4":["https:\/\/dekodesignsystems.com\/wp-content\/uploads\/2024\/03\/Deko-PU-Design_25kg.jpg",600,600,false],"the_grid_size5":["https:\/\/dekodesignsystems.com\/wp-content\/uploads\/2024\/03\/Deko-PU-Design_25kg-500x500.jpg",500,500,true],"woocommerce_thumbnail":["https:\/\/dekodesignsystems.com\/wp-content\/uploads\/2024\/03\/Deko-PU-Design_25kg.jpg",600,600,false],"woocommerce_single":["https:\/\/dekodesignsystems.com\/wp-content\/uploads\/2024\/03\/Deko-PU-Design_25kg.jpg",600,600,false],"woocommerce_gallery_thumbnail":["https:\/\/dekodesignsystems.com\/wp-content\/uploads\/2024\/03\/Deko-PU-Design_25kg-400x400.jpg",400,400,true]},"uagb_author_info":{"display_name":"michaelnoe","author_link":"https:\/\/dekodesignsystems.com\/da\/author\/"},"uagb_comment_info":0,"uagb_excerpt":"Lav uds\u00f8gte, dekorative metalgulve med vores Polyurethan (PU) Design Coat til et omr\u00e5de p\u00e5 5 m\u00b2. Denne blanke og gennemsigtige 2-komponent resin af h\u00f8j kvalitet blandes fugefrit med vores metalpigmenter for at skabe tilpassede farver og effekter. Det er UV-bestandigt, har lave emissioner og giver fremragende modstandsdygtighed over for vand og kemikalier, hvilket g\u00f8r det&hellip;","jetpack_sharing_enabled":true,"_links":{"self":[{"href":"https:\/\/dekodesignsystems.com\/da\/wp-json\/wp\/v2\/product\/2818","targetHints":{"allow":["GET"]}}],"collection":[{"href":"https:\/\/dekodesignsystems.com\/da\/wp-json\/wp\/v2\/product"}],"about":[{"href":"https:\/\/dekodesignsystems.com\/da\/wp-json\/wp\/v2\/types\/product"}],"wp:featuredmedia":[{"embeddable":true,"href":"https:\/\/dekodesignsystems.com\/da\/wp-json\/wp\/v2\/media\/4128"}],"wp:attachment":[{"href":"https:\/\/dekodesignsystems.com\/da\/wp-json\/wp\/v2\/media?parent=2818"}],"wp:term":[{"taxonomy":"product_brand","embeddable":true,"href":"https:\/\/dekodesignsystems.com\/da\/wp-json\/wp\/v2\/product_brand?post=2818"},{"taxonomy":"product_cat","embeddable":true,"href":"https:\/\/dekodesignsystems.com\/da\/wp-json\/wp\/v2\/product_cat?post=2818"},{"taxonomy":"product_tag","embeddable":true,"href":"https:\/\/dekodesignsystems.com\/da\/wp-json\/wp\/v2\/product_tag?post=2818"}],"curies":[{"name":"wp","href":"https:\/\/api.w.org\/{rel}","templated":true}]}}