{"id":2817,"date":"2024-03-11T11:24:37","date_gmt":"2024-03-11T11:24:37","guid":{"rendered":"https:\/\/dekodesignsystems.com\/shop\/startpakke\/"},"modified":"2025-03-23T16:25:10","modified_gmt":"2025-03-23T16:25:10","slug":"startpakke","status":"publish","type":"product","link":"https:\/\/dekodesignsystems.com\/da\/produkt\/startpakke\/","title":{"rendered":"Startpakke"},"content":{"rendered":"<p>Dyk ned i en verden af luksuri\u00f8se gulve med vores Deko Design Systems Starter Kit - den altomfattende pakke til nybegyndere, der er ivrige efter at mestre kunsten at lave dekorative metalliske polyuretangulve (PU). Uanset om du forbereder dig p\u00e5 et g\u00f8r-det-selv-projekt eller planl\u00e6gger at give dit rum et professionelt pr\u00e6g, indeholder vores s\u00e6t alt, hvad du beh\u00f8ver for at \u00f8ve dig og perfektionere din teknik, f\u00f8r du g\u00e5r videre til st\u00f8rre omr\u00e5der.<\/p>\n<p><strong>Hvad er der i s\u00e6ttet?<\/strong><\/p>\n<p>- <strong>Deko Prime Black (5m2 = 1,2 kg<\/strong> ): En silkemat, farvet 2-komponent epoxyresinemulsionsgrunder med lave emissioner, der giver et robust og j\u00e6vnt basislag.<\/p>\n<p>- <strong>Deko PU-Design (5m2 = 5 kg<\/strong>): En gennemsigtig og lysbestandig 2K PU-designbel\u00e6gning, der lader dig slippe din kreativitet l\u00f8s med dekorative metalleffekter. V\u00e6lg at forsegle den for at f\u00e5 en mat finish med Deko PU-Seal eller bevar den uds\u00f8gte h\u00f8jglans. Hvis du vil have en forbedret overflade, kan du bruge vores Deko Design Systems PU Design Plus additiv.<\/p>\n<p>- <strong>Deko PU-Seal (5m2 = 1kg<\/strong> ): En farvel\u00f8s, milj\u00f8venlig 2-komponent PU-forsegler. Det er lavemissions, lysstabilt og giver fremragende modstandsdygtighed over for pletter samt en meget flot, mat finish.<\/p>\n<p>- <strong>5 x 50 g pigmenter<\/strong>: Farverne omfatter Silver Grey, Satin Grey, Peacock Green, Apple Green og Blue Green, hvilket giver et bredt spektrum af muligheder.<\/p>\n<p>- <strong>V\u00e6rkt\u00f8j<\/strong>: En skraber til j\u00e6vn p\u00e5f\u00f8ring, ti allround-scootere (10 cm) til detaljeret arbejde og et rulleh\u00e5ndtag (10 cm) til at sikre j\u00e6vne bel\u00e6gninger.<\/p>\n<p>Vores Starter Kit er det f\u00f8rste skridt mod at forvandle gulve til unikke l\u00e6rreder af farve og glans. Med komponenter, der er sk\u00e5nsomme mod emissioner og designet til at v\u00e6re nemme at bruge, er du rustet til at skabe et miniaturemesterv\u00e6rk, der er lige s\u00e5 modstandsdygtigt, som det er str\u00e5lende.<\/p>\n","protected":false},"excerpt":{"rendered":"<p>Begynd din gulvrejse med vores Deko Design Systems Starter Kit. Dette s\u00e6t er skr\u00e6ddersyet til begyndere og indeholder alt, hvad der er n\u00f8dvendigt for at \u00f8ve sig i at skabe dekorative metalliske PU-gulve: 1,2 kg Deko Prime Black, 5 kg transparent Deko PU-Design, 1 kg farvel\u00f8s Deko PU-Seal, fem 50 g pigmenter i forskellige farver og vigtige v\u00e6rkt\u00f8jer. Den er nem at bruge og perfekt til at finpudse dine f\u00e6rdigheder, f\u00f8r du g\u00e5r i gang med st\u00f8rre projekter. G\u00f8r dig klar til at tilf\u00f8je et strejf af luksus til ethvert rum med selvtillid og kreativitet.<\/p>\n","protected":false},"featured_media":880,"template":"","meta":{"_acf_changed":false,"_uag_custom_page_level_css":"","site-sidebar-layout":"default","site-content-layout":"","ast-site-content-layout":"default","site-content-style":"default","site-sidebar-style":"default","ast-global-header-display":"","ast-banner-title-visibility":"","ast-main-header-display":"","ast-hfb-above-header-display":"","ast-hfb-below-header-display":"","ast-hfb-mobile-header-display":"","site-post-title":"","ast-breadcrumbs-content":"","ast-featured-img":"","footer-sml-layout":"","ast-disable-related-posts":"","theme-transparent-header-meta":"default","adv-header-id-meta":"","stick-header-meta":"default","header-above-stick-meta":"","header-main-stick-meta":"","header-below-stick-meta":"","astra-migrate-meta-layouts":"set","ast-page-background-enabled":"default","ast-page-background-meta":{"desktop":{"background-color":"var(--ast-global-color-4)","background-image":"","background-repeat":"repeat","background-position":"center center","background-size":"auto","background-attachment":"scroll","background-type":"","background-media":"","overlay-type":"","overlay-color":"","overlay-opacity":"","overlay-gradient":""},"tablet":{"background-color":"","background-image":"","background-repeat":"repeat","background-position":"center center","background-size":"auto","background-attachment":"scroll","background-type":"","background-media":"","overlay-type":"","overlay-color":"","overlay-opacity":"","overlay-gradient":""},"mobile":{"background-color":"","background-image":"","background-repeat":"repeat","background-position":"center center","background-size":"auto","background-attachment":"scroll","background-type":"","background-media":"","overlay-type":"","overlay-color":"","overlay-opacity":"","overlay-gradient":""}},"ast-content-background-meta":{"desktop":{"background-color":"var(--ast-global-color-5)","background-image":"","background-repeat":"repeat","background-position":"center center","background-size":"auto","background-attachment":"scroll","background-type":"","background-media":"","overlay-type":"","overlay-color":"","overlay-opacity":"","overlay-gradient":""},"tablet":{"background-color":"var(--ast-global-color-5)","background-image":"","background-repeat":"repeat","background-position":"center center","background-size":"auto","background-attachment":"scroll","background-type":"","background-media":"","overlay-type":"","overlay-color":"","overlay-opacity":"","overlay-gradient":""},"mobile":{"background-color":"var(--ast-global-color-5)","background-image":"","background-repeat":"repeat","background-position":"center center","background-size":"auto","background-attachment":"scroll","background-type":"","background-media":"","overlay-type":"","overlay-color":"","overlay-opacity":"","overlay-gradient":""}}},"product_brand":[],"product_cat":[101],"product_tag":[],"class_list":{"0":"post-2817","1":"product","2":"type-product","3":"status-publish","4":"has-post-thumbnail","6":"product_cat-startpakke","7":"desktop-align-center","8":"tablet-align-left","9":"mobile-align-left","10":"ast-product-gallery-layout-horizontal-slider","11":"ast-product-gallery-with-no-image","12":"ast-magnify-disabled","13":"ast-product-tabs-layout-accordion","15":"first","16":"instock","17":"taxable","18":"shipping-taxable","19":"purchasable","20":"product-type-simple"},"acf":[],"yoast_head":"<!-- This site is optimized with the Yoast SEO plugin v26.9 - https:\/\/yoast.com\/product\/yoast-seo-wordpress\/ -->\n<title>Starter Kit | Pakke til metalliske gulve | Deko Design Systems<\/title>\n<meta name=\"description\" content=\"Start dit gulvprojekt med vores Starter Kit, designet til begyndere inden for dekorative metalliske polyuretan-gulve. Indeholder kvalitetsmaterialer og v\u00e6rkt\u00f8j \u2013 perfekt til g\u00f8r-det-selv entusiaster og professionelle.\" \/>\n<meta name=\"robots\" content=\"index, follow, max-snippet:-1, max-image-preview:large, max-video-preview:-1\" \/>\n<link rel=\"canonical\" href=\"https:\/\/dekodesignsystems.com\/da\/produkt\/startpakke\/\" \/>\n<meta property=\"og:locale\" content=\"da_DK\" \/>\n<meta property=\"og:type\" content=\"article\" \/>\n<meta property=\"og:title\" content=\"Starter Kit | Pakke til metalliske gulve | Deko Design Systems\" \/>\n<meta property=\"og:description\" content=\"Start dit gulvprojekt med vores Starter Kit, designet til begyndere inden for dekorative metalliske polyuretan-gulve. Indeholder kvalitetsmaterialer og v\u00e6rkt\u00f8j \u2013 perfekt til g\u00f8r-det-selv entusiaster og professionelle.\" \/>\n<meta property=\"og:url\" content=\"https:\/\/dekodesignsystems.com\/da\/produkt\/startpakke\/\" \/>\n<meta property=\"og:site_name\" content=\"Deko Design Systems\" \/>\n<meta property=\"article:modified_time\" content=\"2025-03-23T16:25:10+00:00\" \/>\n<meta property=\"og:image\" content=\"https:\/\/dekodesignsystems.com\/wp-content\/uploads\/2024\/03\/IMG_20210630_105746_610.jpg\" \/>\n\t<meta property=\"og:image:width\" content=\"1152\" \/>\n\t<meta property=\"og:image:height\" content=\"1152\" \/>\n\t<meta property=\"og:image:type\" content=\"image\/jpeg\" \/>\n<meta name=\"twitter:card\" content=\"summary_large_image\" \/>\n<meta name=\"twitter:label1\" content=\"Estimeret l\u00e6setid\" \/>\n\t<meta name=\"twitter:data1\" content=\"2 minut\" \/>\n<script type=\"application\/ld+json\" class=\"yoast-schema-graph\">{\"@context\":\"https:\/\/schema.org\",\"@graph\":[{\"@type\":\"WebPage\",\"@id\":\"https:\/\/dekodesignsystems.com\/da\/produkt\/startpakke\/\",\"url\":\"https:\/\/dekodesignsystems.com\/da\/produkt\/startpakke\/\",\"name\":\"Starter Kit | Pakke til metalliske gulve | Deko Design Systems\",\"isPartOf\":{\"@id\":\"https:\/\/dekodesignsystems.com\/da\/#website\"},\"primaryImageOfPage\":{\"@id\":\"https:\/\/dekodesignsystems.com\/da\/produkt\/startpakke\/#primaryimage\"},\"image\":{\"@id\":\"https:\/\/dekodesignsystems.com\/da\/produkt\/startpakke\/#primaryimage\"},\"thumbnailUrl\":\"https:\/\/dekodesignsystems.com\/wp-content\/uploads\/2024\/03\/IMG_20210630_105746_610.jpg\",\"datePublished\":\"2024-03-11T11:24:37+00:00\",\"dateModified\":\"2025-03-23T16:25:10+00:00\",\"description\":\"Start dit gulvprojekt med vores Starter Kit, designet til begyndere inden for dekorative metalliske polyuretan-gulve. Indeholder kvalitetsmaterialer og v\u00e6rkt\u00f8j \u2013 perfekt til g\u00f8r-det-selv entusiaster og professionelle.\",\"breadcrumb\":{\"@id\":\"https:\/\/dekodesignsystems.com\/da\/produkt\/startpakke\/#breadcrumb\"},\"inLanguage\":\"da-DK\",\"potentialAction\":[{\"@type\":\"ReadAction\",\"target\":[\"https:\/\/dekodesignsystems.com\/da\/produkt\/startpakke\/\"]}]},{\"@type\":\"ImageObject\",\"inLanguage\":\"da-DK\",\"@id\":\"https:\/\/dekodesignsystems.com\/da\/produkt\/startpakke\/#primaryimage\",\"url\":\"https:\/\/dekodesignsystems.com\/wp-content\/uploads\/2024\/03\/IMG_20210630_105746_610.jpg\",\"contentUrl\":\"https:\/\/dekodesignsystems.com\/wp-content\/uploads\/2024\/03\/IMG_20210630_105746_610.jpg\",\"width\":1152,\"height\":1152},{\"@type\":\"BreadcrumbList\",\"@id\":\"https:\/\/dekodesignsystems.com\/da\/produkt\/startpakke\/#breadcrumb\",\"itemListElement\":[{\"@type\":\"ListItem\",\"position\":1,\"name\":\"Hjem\",\"item\":\"https:\/\/dekodesignsystems.com\/da\/\"},{\"@type\":\"ListItem\",\"position\":2,\"name\":\"Shop\",\"item\":\"https:\/\/dekodesignsystems.com\/da\/butik\/\"},{\"@type\":\"ListItem\",\"position\":3,\"name\":\"Startpakke\"}]},{\"@type\":\"WebSite\",\"@id\":\"https:\/\/dekodesignsystems.com\/da\/#website\",\"url\":\"https:\/\/dekodesignsystems.com\/da\/\",\"name\":\"Deko Design Systems\",\"description\":\"\",\"publisher\":{\"@id\":\"https:\/\/dekodesignsystems.com\/da\/#organization\"},\"potentialAction\":[{\"@type\":\"SearchAction\",\"target\":{\"@type\":\"EntryPoint\",\"urlTemplate\":\"https:\/\/dekodesignsystems.com\/da\/?s={search_term_string}\"},\"query-input\":{\"@type\":\"PropertyValueSpecification\",\"valueRequired\":true,\"valueName\":\"search_term_string\"}}],\"inLanguage\":\"da-DK\"},{\"@type\":\"Organization\",\"@id\":\"https:\/\/dekodesignsystems.com\/da\/#organization\",\"name\":\"Deko Design Systems ApS\",\"url\":\"https:\/\/dekodesignsystems.com\/da\/\",\"logo\":{\"@type\":\"ImageObject\",\"inLanguage\":\"da-DK\",\"@id\":\"https:\/\/dekodesignsystems.com\/da\/#\/schema\/logo\/image\/\",\"url\":\"https:\/\/dekodesignsystems.com\/wp-content\/uploads\/2024\/02\/Deko-design-systems.svg\",\"contentUrl\":\"https:\/\/dekodesignsystems.com\/wp-content\/uploads\/2024\/02\/Deko-design-systems.svg\",\"width\":231,\"height\":102,\"caption\":\"Deko Design Systems ApS\"},\"image\":{\"@id\":\"https:\/\/dekodesignsystems.com\/da\/#\/schema\/logo\/image\/\"}}]}<\/script>\n<!-- \/ Yoast SEO plugin. -->","yoast_head_json":{"title":"Starter Kit | Pakke til metalliske gulve | Deko Design Systems","description":"Start dit gulvprojekt med vores Starter Kit, designet til begyndere inden for dekorative metalliske polyuretan-gulve. Indeholder kvalitetsmaterialer og v\u00e6rkt\u00f8j \u2013 perfekt til g\u00f8r-det-selv entusiaster og professionelle.","robots":{"index":"index","follow":"follow","max-snippet":"max-snippet:-1","max-image-preview":"max-image-preview:large","max-video-preview":"max-video-preview:-1"},"canonical":"https:\/\/dekodesignsystems.com\/da\/produkt\/startpakke\/","og_locale":"da_DK","og_type":"article","og_title":"Starter Kit | Pakke til metalliske gulve | Deko Design Systems","og_description":"Start dit gulvprojekt med vores Starter Kit, designet til begyndere inden for dekorative metalliske polyuretan-gulve. Indeholder kvalitetsmaterialer og v\u00e6rkt\u00f8j \u2013 perfekt til g\u00f8r-det-selv entusiaster og professionelle.","og_url":"https:\/\/dekodesignsystems.com\/da\/produkt\/startpakke\/","og_site_name":"Deko Design Systems","article_modified_time":"2025-03-23T16:25:10+00:00","og_image":[{"width":1152,"height":1152,"url":"https:\/\/dekodesignsystems.com\/wp-content\/uploads\/2024\/03\/IMG_20210630_105746_610.jpg","type":"image\/jpeg"}],"twitter_card":"summary_large_image","twitter_misc":{"Estimeret l\u00e6setid":"2 minut"},"schema":{"@context":"https:\/\/schema.org","@graph":[{"@type":"WebPage","@id":"https:\/\/dekodesignsystems.com\/da\/produkt\/startpakke\/","url":"https:\/\/dekodesignsystems.com\/da\/produkt\/startpakke\/","name":"Starter Kit | Pakke til metalliske gulve | Deko Design Systems","isPartOf":{"@id":"https:\/\/dekodesignsystems.com\/da\/#website"},"primaryImageOfPage":{"@id":"https:\/\/dekodesignsystems.com\/da\/produkt\/startpakke\/#primaryimage"},"image":{"@id":"https:\/\/dekodesignsystems.com\/da\/produkt\/startpakke\/#primaryimage"},"thumbnailUrl":"https:\/\/dekodesignsystems.com\/wp-content\/uploads\/2024\/03\/IMG_20210630_105746_610.jpg","datePublished":"2024-03-11T11:24:37+00:00","dateModified":"2025-03-23T16:25:10+00:00","description":"Start dit gulvprojekt med vores Starter Kit, designet til begyndere inden for dekorative metalliske polyuretan-gulve. Indeholder kvalitetsmaterialer og v\u00e6rkt\u00f8j \u2013 perfekt til g\u00f8r-det-selv entusiaster og professionelle.","breadcrumb":{"@id":"https:\/\/dekodesignsystems.com\/da\/produkt\/startpakke\/#breadcrumb"},"inLanguage":"da-DK","potentialAction":[{"@type":"ReadAction","target":["https:\/\/dekodesignsystems.com\/da\/produkt\/startpakke\/"]}]},{"@type":"ImageObject","inLanguage":"da-DK","@id":"https:\/\/dekodesignsystems.com\/da\/produkt\/startpakke\/#primaryimage","url":"https:\/\/dekodesignsystems.com\/wp-content\/uploads\/2024\/03\/IMG_20210630_105746_610.jpg","contentUrl":"https:\/\/dekodesignsystems.com\/wp-content\/uploads\/2024\/03\/IMG_20210630_105746_610.jpg","width":1152,"height":1152},{"@type":"BreadcrumbList","@id":"https:\/\/dekodesignsystems.com\/da\/produkt\/startpakke\/#breadcrumb","itemListElement":[{"@type":"ListItem","position":1,"name":"Hjem","item":"https:\/\/dekodesignsystems.com\/da\/"},{"@type":"ListItem","position":2,"name":"Shop","item":"https:\/\/dekodesignsystems.com\/da\/butik\/"},{"@type":"ListItem","position":3,"name":"Startpakke"}]},{"@type":"WebSite","@id":"https:\/\/dekodesignsystems.com\/da\/#website","url":"https:\/\/dekodesignsystems.com\/da\/","name":"Deko Design Systems","description":"","publisher":{"@id":"https:\/\/dekodesignsystems.com\/da\/#organization"},"potentialAction":[{"@type":"SearchAction","target":{"@type":"EntryPoint","urlTemplate":"https:\/\/dekodesignsystems.com\/da\/?s={search_term_string}"},"query-input":{"@type":"PropertyValueSpecification","valueRequired":true,"valueName":"search_term_string"}}],"inLanguage":"da-DK"},{"@type":"Organization","@id":"https:\/\/dekodesignsystems.com\/da\/#organization","name":"Deko Design Systems ApS","url":"https:\/\/dekodesignsystems.com\/da\/","logo":{"@type":"ImageObject","inLanguage":"da-DK","@id":"https:\/\/dekodesignsystems.com\/da\/#\/schema\/logo\/image\/","url":"https:\/\/dekodesignsystems.com\/wp-content\/uploads\/2024\/02\/Deko-design-systems.svg","contentUrl":"https:\/\/dekodesignsystems.com\/wp-content\/uploads\/2024\/02\/Deko-design-systems.svg","width":231,"height":102,"caption":"Deko Design Systems ApS"},"image":{"@id":"https:\/\/dekodesignsystems.com\/da\/#\/schema\/logo\/image\/"}}]}},"spectra_custom_meta":{"_backorders":["no"],"_download_limit":["-1"],"_download_expiry":["-1"],"_downloadable":["no"],"_manage_stock":["yes"],"_sku":["DSK5"],"_stock_status":["instock"],"_sold_individually":["no"],"_tax_class":[""],"_tax_status":["taxable"],"_virtual":["no"],"total_sales":["2"],"_regular_price":["2768"],"_price":["2768"],"stick-header-meta":["default"],"site-sidebar-layout":["default"],"theme-transparent-header-meta":["default"],"ast-site-content-layout":["default"],"site-content-style":["default"],"site-sidebar-style":["default"],"wcml_sync_hash":["a:1:{s:15:\"postmeta_fields\";s:32:\"b63d056fffe59a5e33e94d0fa7ae7eb8\";}"],"attr_label_translations":["a:0:{}"],"_product_image_gallery":[""],"_crosssell_ids":["a:0:{}"],"_stock":["8"],"_wpml_word_count":["{\"total\":395,\"to_translate\":{\"en\":395,\"de\":395,\"at\":395}}"],"_weight":["12"],"_wc_average_rating":[0],"_wc_review_count":["0"],"_product_version":["9.7.1"],"_edit_lock":["1771150395:4"],"_edit_last":["1"],"_is_partner_course":["no"],"_partner_name":[""],"_partner_phone":[""],"_partner_email":[""],"_wcml_average_rating":[null],"_wcml_review_count":[null],"_wcml_rating_count":[null],"the_grid_item_custom_link_target":["_self"],"the_grid_item_col":["1"],"the_grid_item_row":["1"],"the_grid_item_content_color":["dark"],"the_grid_item_overlay_color":["light"],"the_grid_item_video_ratio":["4:3"],"the_grid_item_youtube_ratio":["4:3"],"the_grid_item_vimeo_ratio":["4:3"],"the_grid_item_wistia_ratio":["4:3"],"astra-migrate-meta-layouts":["set"],"_wpml_media_duplicate":["1"],"_wpml_media_featured":["1"],"_last_translation_edit_mode":["native-editor"],"_yoast_wpseo_primary_product_brand":[""],"_yoast_wpseo_title":["Starter Kit | Pakke til metalliske gulve | Deko Design Systems"],"_yoast_wpseo_metadesc":["Start dit gulvprojekt med vores Starter Kit, designet til begyndere inden for dekorative metalliske polyuretan-gulve. Indeholder kvalitetsmaterialer og v\u00e6rkt\u00f8j \u2013 perfekt til g\u00f8r-det-selv entusiaster og professionelle."],"_yoast_wpseo_content_score":["60"],"_yoast_wpseo_estimated-reading-time-minutes":["2"],"_yoast_wpseo_primary_product_cat":["54"],"_uag_page_assets":["a:9:{s:3:\"css\";s:263:\".uag-blocks-common-selector{z-index:var(--z-index-desktop) !important}@media (max-width: 976px){.uag-blocks-common-selector{z-index:var(--z-index-tablet) !important}}@media (max-width: 767px){.uag-blocks-common-selector{z-index:var(--z-index-mobile) !important}}\n\";s:2:\"js\";s:0:\"\";s:18:\"current_block_list\";a:19:{i:0;s:11:\"core\/search\";i:1;s:10:\"core\/group\";i:2;s:12:\"core\/heading\";i:3;s:17:\"core\/latest-posts\";i:4;s:20:\"core\/latest-comments\";i:5;s:13:\"core\/archives\";i:6;s:15:\"core\/categories\";i:7;s:10:\"core\/image\";i:8;s:14:\"core\/paragraph\";i:9;s:17:\"core\/social-links\";i:10;s:28:\"woocommerce\/customer-account\";i:11;s:12:\"core\/columns\";i:12;s:11:\"core\/column\";i:13;s:12:\"core\/buttons\";i:14;s:11:\"core\/button\";i:18;s:16:\"core\/social-link\";i:19;s:17:\"safe-svg\/svg-icon\";i:20;s:12:\"core\/gallery\";i:21;s:11:\"core\/spacer\";}s:8:\"uag_flag\";b:0;s:11:\"uag_version\";s:10:\"1778058952\";s:6:\"gfonts\";a:0:{}s:10:\"gfonts_url\";s:0:\"\";s:12:\"gfonts_files\";a:0:{}s:14:\"uag_faq_layout\";b:0;}"],"_downloadable_files":[""],"_uag_css_file_name":["uag-css-2817.css"],"_max_variation_price":[""],"_max_variation_regular_price":[""],"_max_variation_sale_price":[""],"_min_variation_price":[""],"_min_variation_regular_price":[""],"_min_variation_sale_price":[""],"_sale_price":[""],"_wc_rating_count":[""],"_thumbnail_id":["880"]},"uagb_featured_image_src":{"full":["https:\/\/dekodesignsystems.com\/wp-content\/uploads\/2024\/03\/IMG_20210630_105746_610.jpg",1152,1152,false],"thumbnail":["https:\/\/dekodesignsystems.com\/wp-content\/uploads\/2024\/03\/IMG_20210630_105746_610-150x150.jpg",150,150,true],"medium":["https:\/\/dekodesignsystems.com\/wp-content\/uploads\/2024\/03\/IMG_20210630_105746_610-300x300.jpg",300,300,true],"medium_large":["https:\/\/dekodesignsystems.com\/wp-content\/uploads\/2024\/03\/IMG_20210630_105746_610-768x768.jpg",768,768,true],"large":["https:\/\/dekodesignsystems.com\/wp-content\/uploads\/2024\/03\/IMG_20210630_105746_610-1024x1024.jpg",1024,1024,true],"1536x1536":["https:\/\/dekodesignsystems.com\/wp-content\/uploads\/2024\/03\/IMG_20210630_105746_610.jpg",1152,1152,false],"2048x2048":["https:\/\/dekodesignsystems.com\/wp-content\/uploads\/2024\/03\/IMG_20210630_105746_610.jpg",1152,1152,false],"the_grid_size1":["https:\/\/dekodesignsystems.com\/wp-content\/uploads\/2024\/03\/IMG_20210630_105746_610-500x500.jpg",500,500,true],"the_grid_size2":["https:\/\/dekodesignsystems.com\/wp-content\/uploads\/2024\/03\/IMG_20210630_105746_610-500x1000.jpg",500,1000,true],"the_grid_size3":["https:\/\/dekodesignsystems.com\/wp-content\/uploads\/2024\/03\/IMG_20210630_105746_610-1000x500.jpg",1000,500,true],"the_grid_size4":["https:\/\/dekodesignsystems.com\/wp-content\/uploads\/2024\/03\/IMG_20210630_105746_610-1000x1000.jpg",1000,1000,true],"the_grid_size5":["https:\/\/dekodesignsystems.com\/wp-content\/uploads\/2024\/03\/IMG_20210630_105746_610-500x500.jpg",500,500,true],"woocommerce_thumbnail":["https:\/\/dekodesignsystems.com\/wp-content\/uploads\/2024\/03\/IMG_20210630_105746_610.jpg",1000,1000,false],"woocommerce_single":["https:\/\/dekodesignsystems.com\/wp-content\/uploads\/2024\/03\/IMG_20210630_105746_610.jpg",1152,1152,false],"woocommerce_gallery_thumbnail":["https:\/\/dekodesignsystems.com\/wp-content\/uploads\/2024\/03\/IMG_20210630_105746_610-500x500.jpg",400,400,true]},"uagb_author_info":{"display_name":"michaelnoe","author_link":"https:\/\/dekodesignsystems.com\/da\/author\/"},"uagb_comment_info":0,"uagb_excerpt":"Begynd din gulvrejse med vores Deko Design Systems Starter Kit. Dette s\u00e6t er skr\u00e6ddersyet til begyndere og indeholder alt, hvad der er n\u00f8dvendigt for at \u00f8ve sig i at skabe dekorative metalliske PU-gulve: 1,2 kg Deko Prime Black, 5 kg transparent Deko PU-Design, 1 kg farvel\u00f8s Deko PU-Seal, fem 50 g pigmenter i forskellige farver&hellip;","jetpack_sharing_enabled":true,"_links":{"self":[{"href":"https:\/\/dekodesignsystems.com\/da\/wp-json\/wp\/v2\/product\/2817","targetHints":{"allow":["GET"]}}],"collection":[{"href":"https:\/\/dekodesignsystems.com\/da\/wp-json\/wp\/v2\/product"}],"about":[{"href":"https:\/\/dekodesignsystems.com\/da\/wp-json\/wp\/v2\/types\/product"}],"wp:featuredmedia":[{"embeddable":true,"href":"https:\/\/dekodesignsystems.com\/da\/wp-json\/wp\/v2\/media\/880"}],"wp:attachment":[{"href":"https:\/\/dekodesignsystems.com\/da\/wp-json\/wp\/v2\/media?parent=2817"}],"wp:term":[{"taxonomy":"product_brand","embeddable":true,"href":"https:\/\/dekodesignsystems.com\/da\/wp-json\/wp\/v2\/product_brand?post=2817"},{"taxonomy":"product_cat","embeddable":true,"href":"https:\/\/dekodesignsystems.com\/da\/wp-json\/wp\/v2\/product_cat?post=2817"},{"taxonomy":"product_tag","embeddable":true,"href":"https:\/\/dekodesignsystems.com\/da\/wp-json\/wp\/v2\/product_tag?post=2817"}],"curies":[{"name":"wp","href":"https:\/\/api.w.org\/{rel}","templated":true}]}}