{"id":2671,"date":"2024-03-11T11:24:40","date_gmt":"2024-03-11T11:24:40","guid":{"rendered":"https:\/\/dekodesignsystems.com\/shop\/deko-prime-sort\/"},"modified":"2025-12-17T18:45:47","modified_gmt":"2025-12-17T18:45:47","slug":"deko-prime-sort","status":"publish","type":"product","link":"https:\/\/dekodesignsystems.com\/da\/produkt\/deko-prime-sort\/","title":{"rendered":"Deko MetaFlow\u2122 Prime Black"},"content":{"rendered":"<p>Vores f\u00f8rsteklasses Black Primer er et must-have for dem, der \u00f8nsker at l\u00e6gge det perfekte fundament for deres polyuretangulv. Dette produkt giver en fyldig, m\u00f8rk underlak, der fremh\u00e6ver de efterf\u00f8lgende lag i dit gulvsystem. Og det er ekstremt nemt at p\u00e5f\u00f8re i forhold til andre typer resin - lige s\u00e5 nemt og glat som at male p\u00e5 en v\u00e6g.<\/p>\n<p>Denne primerformel er fremstillet med henblik p\u00e5 den h\u00f8jeste kvalitet og holdbarhed og sikrer robust vedh\u00e6ftning, hvilket giver dit gulv en st\u00e6rk og stabil base, der vil holde i \u00e5revis. Den silkematte finish p\u00e5 den sortpigmenterede emulsion giver en subtil elegance, der vil komplementere ethvert design.<\/p>\n<p>En af de mest bem\u00e6rkelsesv\u00e6rdige egenskaber ved denne primer er dens vandbaserede sammens\u00e6tning, som ikke kun g\u00f8r den lugtfri, men ogs\u00e5 minimerer skadelige emissioner. Det g\u00f8r det til et bedre valg til indend\u00f8rsmilj\u00f8er og bidrager til et b\u00e6redygtigt og milj\u00f8venligt bolig- eller forretningsomr\u00e5de.<\/p>\n<p>Programmet er ligetil og problemfrit, designet med brugeren i tankerne. Den har en h\u00f8j d\u00e6kkeevne, som sikrer, at du f\u00e5r et j\u00e6vnt og ensartet lag ved hver p\u00e5f\u00f8ring. Desuden t\u00f8rrer den og giver en perfekt glat overflade, der er klar til at binde sig til den valgte designcoat uden problemer.<\/p>\n<p>Vores Black Primer har den fornemme EMICODE EC 1 Plus-certificering, som vidner om dens meget lave emissionsprofil. Det er ogs\u00e5 i overensstemmelse med GISCODE, hvilket garanterer, at det opfylder Total Solid-standarderne for produkter baseret p\u00e5 resin.<\/p>\n<p>V\u00e6lg vores Black Primer for at f\u00e5 et gulv med h\u00f8j ydeevne og lave emissioner.<\/p>\n","protected":false},"excerpt":{"rendered":"<p>Opn\u00e5 en elegant og robust base for dit polyuretangulv med vores Black Primer. Denne vandbaserede, lugtfri formel sikrer perfekt vedh\u00e6ftning og en j\u00e6vn, silkemat finish. Den er sikker indend\u00f8rs, har lave emissioner, er nem at p\u00e5f\u00f8re og er certificeret til indend\u00f8rs kvalitet. L\u00e6g grunden til fremragende resultater med vores robuste Black Primer.<\/p>\n[product-guide-button lang=\"en\"]\n<p>5m2 = 1,2kg<br \/>\n10m2 = 2,4kg<br \/>\n40m2 = 10kg<\/p>\n","protected":false},"featured_media":4316,"template":"","meta":{"_acf_changed":false,"_uag_custom_page_level_css":"","site-sidebar-layout":"default","site-content-layout":"","ast-site-content-layout":"default","site-content-style":"default","site-sidebar-style":"default","ast-global-header-display":"","ast-banner-title-visibility":"","ast-main-header-display":"","ast-hfb-above-header-display":"","ast-hfb-below-header-display":"","ast-hfb-mobile-header-display":"","site-post-title":"","ast-breadcrumbs-content":"","ast-featured-img":"","footer-sml-layout":"","ast-disable-related-posts":"","theme-transparent-header-meta":"default","adv-header-id-meta":"","stick-header-meta":"default","header-above-stick-meta":"","header-main-stick-meta":"","header-below-stick-meta":"","astra-migrate-meta-layouts":"set","ast-page-background-enabled":"default","ast-page-background-meta":{"desktop":{"background-color":"var(--ast-global-color-4)","background-image":"","background-repeat":"repeat","background-position":"center center","background-size":"auto","background-attachment":"scroll","background-type":"","background-media":"","overlay-type":"","overlay-color":"","overlay-opacity":"","overlay-gradient":""},"tablet":{"background-color":"","background-image":"","background-repeat":"repeat","background-position":"center center","background-size":"auto","background-attachment":"scroll","background-type":"","background-media":"","overlay-type":"","overlay-color":"","overlay-opacity":"","overlay-gradient":""},"mobile":{"background-color":"","background-image":"","background-repeat":"repeat","background-position":"center center","background-size":"auto","background-attachment":"scroll","background-type":"","background-media":"","overlay-type":"","overlay-color":"","overlay-opacity":"","overlay-gradient":""}},"ast-content-background-meta":{"desktop":{"background-color":"var(--ast-global-color-5)","background-image":"","background-repeat":"repeat","background-position":"center center","background-size":"auto","background-attachment":"scroll","background-type":"","background-media":"","overlay-type":"","overlay-color":"","overlay-opacity":"","overlay-gradient":""},"tablet":{"background-color":"var(--ast-global-color-5)","background-image":"","background-repeat":"repeat","background-position":"center center","background-size":"auto","background-attachment":"scroll","background-type":"","background-media":"","overlay-type":"","overlay-color":"","overlay-opacity":"","overlay-gradient":""},"mobile":{"background-color":"var(--ast-global-color-5)","background-image":"","background-repeat":"repeat","background-position":"center center","background-size":"auto","background-attachment":"scroll","background-type":"","background-media":"","overlay-type":"","overlay-color":"","overlay-opacity":"","overlay-gradient":""}}},"product_brand":[],"product_cat":[95],"product_tag":[],"class_list":{"0":"post-2671","1":"product","2":"type-product","3":"status-publish","4":"has-post-thumbnail","6":"product_cat-design-resin","7":"desktop-align-center","8":"tablet-align-left","9":"mobile-align-left","10":"ast-product-gallery-layout-horizontal-slider","11":"ast-product-gallery-with-no-image","12":"ast-magnify-disabled","13":"ast-product-single-variable","14":"ast-product-tabs-layout-accordion","16":"first","17":"instock","18":"taxable","19":"shipping-taxable","20":"purchasable","21":"product-type-variable","22":"has-default-attributes"},"acf":[],"yoast_head":"<!-- This site is optimized with the Yoast SEO plugin v26.9 - https:\/\/yoast.com\/product\/yoast-seo-wordpress\/ -->\n<title>Deko MetaFlow\u2122 Prime Black | Deko Design Systems<\/title>\n<meta name=\"robots\" content=\"index, follow, max-snippet:-1, max-image-preview:large, max-video-preview:-1\" \/>\n<link rel=\"canonical\" href=\"https:\/\/dekodesignsystems.com\/da\/produkt\/deko-prime-sort\/\" \/>\n<meta property=\"og:locale\" content=\"da_DK\" \/>\n<meta property=\"og:type\" content=\"article\" \/>\n<meta property=\"og:title\" content=\"Deko MetaFlow\u2122 Prime Black | Deko Design Systems\" \/>\n<meta property=\"og:description\" content=\"Opn\u00e5 en elegant og robust base for dit polyuretangulv med vores Black Primer. Denne vandbaserede, lugtfri formel sikrer perfekt vedh\u00e6ftning og en j\u00e6vn, silkemat finish. Den er sikker indend\u00f8rs, har lave emissioner, er nem at p\u00e5f\u00f8re og er certificeret til indend\u00f8rs kvalitet. L\u00e6g grunden til fremragende resultater med vores robuste Black Primer.    5m2 = 1,2kg 10m2 = 2,4kg 40m2 = 10kg\" \/>\n<meta property=\"og:url\" content=\"https:\/\/dekodesignsystems.com\/da\/produkt\/deko-prime-sort\/\" \/>\n<meta property=\"og:site_name\" content=\"Deko Design Systems\" \/>\n<meta property=\"article:modified_time\" content=\"2025-12-17T18:45:47+00:00\" \/>\n<meta property=\"og:image\" content=\"https:\/\/dekodesignsystems.com\/wp-content\/uploads\/2024\/03\/unbenannt-7449-Bearbeitet-600px_web.jpg\" \/>\n\t<meta property=\"og:image:width\" content=\"600\" \/>\n\t<meta property=\"og:image:height\" content=\"600\" \/>\n\t<meta property=\"og:image:type\" content=\"image\/jpeg\" \/>\n<meta name=\"twitter:card\" content=\"summary_large_image\" \/>\n<meta name=\"twitter:label1\" content=\"Estimeret l\u00e6setid\" \/>\n\t<meta name=\"twitter:data1\" content=\"2 minut\" \/>\n<script type=\"application\/ld+json\" class=\"yoast-schema-graph\">{\"@context\":\"https:\/\/schema.org\",\"@graph\":[{\"@type\":\"WebPage\",\"@id\":\"https:\/\/dekodesignsystems.com\/da\/produkt\/deko-prime-sort\/\",\"url\":\"https:\/\/dekodesignsystems.com\/da\/produkt\/deko-prime-sort\/\",\"name\":\"Deko MetaFlow\u2122 Prime Black | Deko Design Systems\",\"isPartOf\":{\"@id\":\"https:\/\/dekodesignsystems.com\/da\/#website\"},\"primaryImageOfPage\":{\"@id\":\"https:\/\/dekodesignsystems.com\/da\/produkt\/deko-prime-sort\/#primaryimage\"},\"image\":{\"@id\":\"https:\/\/dekodesignsystems.com\/da\/produkt\/deko-prime-sort\/#primaryimage\"},\"thumbnailUrl\":\"https:\/\/dekodesignsystems.com\/wp-content\/uploads\/2024\/03\/unbenannt-7449-Bearbeitet-600px_web.jpg\",\"datePublished\":\"2024-03-11T11:24:40+00:00\",\"dateModified\":\"2025-12-17T18:45:47+00:00\",\"breadcrumb\":{\"@id\":\"https:\/\/dekodesignsystems.com\/da\/produkt\/deko-prime-sort\/#breadcrumb\"},\"inLanguage\":\"da-DK\",\"potentialAction\":[{\"@type\":\"ReadAction\",\"target\":[\"https:\/\/dekodesignsystems.com\/da\/produkt\/deko-prime-sort\/\"]}]},{\"@type\":\"ImageObject\",\"inLanguage\":\"da-DK\",\"@id\":\"https:\/\/dekodesignsystems.com\/da\/produkt\/deko-prime-sort\/#primaryimage\",\"url\":\"https:\/\/dekodesignsystems.com\/wp-content\/uploads\/2024\/03\/unbenannt-7449-Bearbeitet-600px_web.jpg\",\"contentUrl\":\"https:\/\/dekodesignsystems.com\/wp-content\/uploads\/2024\/03\/unbenannt-7449-Bearbeitet-600px_web.jpg\",\"width\":600,\"height\":600},{\"@type\":\"BreadcrumbList\",\"@id\":\"https:\/\/dekodesignsystems.com\/da\/produkt\/deko-prime-sort\/#breadcrumb\",\"itemListElement\":[{\"@type\":\"ListItem\",\"position\":1,\"name\":\"Hjem\",\"item\":\"https:\/\/dekodesignsystems.com\/da\/\"},{\"@type\":\"ListItem\",\"position\":2,\"name\":\"Shop\",\"item\":\"https:\/\/dekodesignsystems.com\/da\/butik\/\"},{\"@type\":\"ListItem\",\"position\":3,\"name\":\"Deko MetaFlow\u2122 Prime Black\"}]},{\"@type\":\"WebSite\",\"@id\":\"https:\/\/dekodesignsystems.com\/da\/#website\",\"url\":\"https:\/\/dekodesignsystems.com\/da\/\",\"name\":\"Deko Design Systems\",\"description\":\"\",\"publisher\":{\"@id\":\"https:\/\/dekodesignsystems.com\/da\/#organization\"},\"potentialAction\":[{\"@type\":\"SearchAction\",\"target\":{\"@type\":\"EntryPoint\",\"urlTemplate\":\"https:\/\/dekodesignsystems.com\/da\/?s={search_term_string}\"},\"query-input\":{\"@type\":\"PropertyValueSpecification\",\"valueRequired\":true,\"valueName\":\"search_term_string\"}}],\"inLanguage\":\"da-DK\"},{\"@type\":\"Organization\",\"@id\":\"https:\/\/dekodesignsystems.com\/da\/#organization\",\"name\":\"Deko Design Systems ApS\",\"url\":\"https:\/\/dekodesignsystems.com\/da\/\",\"logo\":{\"@type\":\"ImageObject\",\"inLanguage\":\"da-DK\",\"@id\":\"https:\/\/dekodesignsystems.com\/da\/#\/schema\/logo\/image\/\",\"url\":\"https:\/\/dekodesignsystems.com\/wp-content\/uploads\/2024\/02\/Deko-design-systems.svg\",\"contentUrl\":\"https:\/\/dekodesignsystems.com\/wp-content\/uploads\/2024\/02\/Deko-design-systems.svg\",\"width\":231,\"height\":102,\"caption\":\"Deko Design Systems ApS\"},\"image\":{\"@id\":\"https:\/\/dekodesignsystems.com\/da\/#\/schema\/logo\/image\/\"}}]}<\/script>\n<!-- \/ Yoast SEO plugin. -->","yoast_head_json":{"title":"Deko MetaFlow\u2122 Prime Black | Deko Design Systems","robots":{"index":"index","follow":"follow","max-snippet":"max-snippet:-1","max-image-preview":"max-image-preview:large","max-video-preview":"max-video-preview:-1"},"canonical":"https:\/\/dekodesignsystems.com\/da\/produkt\/deko-prime-sort\/","og_locale":"da_DK","og_type":"article","og_title":"Deko MetaFlow\u2122 Prime Black | Deko Design Systems","og_description":"Opn\u00e5 en elegant og robust base for dit polyuretangulv med vores Black Primer. Denne vandbaserede, lugtfri formel sikrer perfekt vedh\u00e6ftning og en j\u00e6vn, silkemat finish. Den er sikker indend\u00f8rs, har lave emissioner, er nem at p\u00e5f\u00f8re og er certificeret til indend\u00f8rs kvalitet. L\u00e6g grunden til fremragende resultater med vores robuste Black Primer.    5m2 = 1,2kg 10m2 = 2,4kg 40m2 = 10kg","og_url":"https:\/\/dekodesignsystems.com\/da\/produkt\/deko-prime-sort\/","og_site_name":"Deko Design Systems","article_modified_time":"2025-12-17T18:45:47+00:00","og_image":[{"width":600,"height":600,"url":"https:\/\/dekodesignsystems.com\/wp-content\/uploads\/2024\/03\/unbenannt-7449-Bearbeitet-600px_web.jpg","type":"image\/jpeg"}],"twitter_card":"summary_large_image","twitter_misc":{"Estimeret l\u00e6setid":"2 minut"},"schema":{"@context":"https:\/\/schema.org","@graph":[{"@type":"WebPage","@id":"https:\/\/dekodesignsystems.com\/da\/produkt\/deko-prime-sort\/","url":"https:\/\/dekodesignsystems.com\/da\/produkt\/deko-prime-sort\/","name":"Deko MetaFlow\u2122 Prime Black | Deko Design Systems","isPartOf":{"@id":"https:\/\/dekodesignsystems.com\/da\/#website"},"primaryImageOfPage":{"@id":"https:\/\/dekodesignsystems.com\/da\/produkt\/deko-prime-sort\/#primaryimage"},"image":{"@id":"https:\/\/dekodesignsystems.com\/da\/produkt\/deko-prime-sort\/#primaryimage"},"thumbnailUrl":"https:\/\/dekodesignsystems.com\/wp-content\/uploads\/2024\/03\/unbenannt-7449-Bearbeitet-600px_web.jpg","datePublished":"2024-03-11T11:24:40+00:00","dateModified":"2025-12-17T18:45:47+00:00","breadcrumb":{"@id":"https:\/\/dekodesignsystems.com\/da\/produkt\/deko-prime-sort\/#breadcrumb"},"inLanguage":"da-DK","potentialAction":[{"@type":"ReadAction","target":["https:\/\/dekodesignsystems.com\/da\/produkt\/deko-prime-sort\/"]}]},{"@type":"ImageObject","inLanguage":"da-DK","@id":"https:\/\/dekodesignsystems.com\/da\/produkt\/deko-prime-sort\/#primaryimage","url":"https:\/\/dekodesignsystems.com\/wp-content\/uploads\/2024\/03\/unbenannt-7449-Bearbeitet-600px_web.jpg","contentUrl":"https:\/\/dekodesignsystems.com\/wp-content\/uploads\/2024\/03\/unbenannt-7449-Bearbeitet-600px_web.jpg","width":600,"height":600},{"@type":"BreadcrumbList","@id":"https:\/\/dekodesignsystems.com\/da\/produkt\/deko-prime-sort\/#breadcrumb","itemListElement":[{"@type":"ListItem","position":1,"name":"Hjem","item":"https:\/\/dekodesignsystems.com\/da\/"},{"@type":"ListItem","position":2,"name":"Shop","item":"https:\/\/dekodesignsystems.com\/da\/butik\/"},{"@type":"ListItem","position":3,"name":"Deko MetaFlow\u2122 Prime Black"}]},{"@type":"WebSite","@id":"https:\/\/dekodesignsystems.com\/da\/#website","url":"https:\/\/dekodesignsystems.com\/da\/","name":"Deko Design Systems","description":"","publisher":{"@id":"https:\/\/dekodesignsystems.com\/da\/#organization"},"potentialAction":[{"@type":"SearchAction","target":{"@type":"EntryPoint","urlTemplate":"https:\/\/dekodesignsystems.com\/da\/?s={search_term_string}"},"query-input":{"@type":"PropertyValueSpecification","valueRequired":true,"valueName":"search_term_string"}}],"inLanguage":"da-DK"},{"@type":"Organization","@id":"https:\/\/dekodesignsystems.com\/da\/#organization","name":"Deko Design Systems ApS","url":"https:\/\/dekodesignsystems.com\/da\/","logo":{"@type":"ImageObject","inLanguage":"da-DK","@id":"https:\/\/dekodesignsystems.com\/da\/#\/schema\/logo\/image\/","url":"https:\/\/dekodesignsystems.com\/wp-content\/uploads\/2024\/02\/Deko-design-systems.svg","contentUrl":"https:\/\/dekodesignsystems.com\/wp-content\/uploads\/2024\/02\/Deko-design-systems.svg","width":231,"height":102,"caption":"Deko Design Systems ApS"},"image":{"@id":"https:\/\/dekodesignsystems.com\/da\/#\/schema\/logo\/image\/"}}]}},"spectra_custom_meta":{"_backorders":["no"],"_download_limit":["-1"],"_download_expiry":["-1"],"_downloadable":["no"],"_manage_stock":["yes"],"_stock_status":["instock"],"_sold_individually":["no"],"_tax_class":[""],"_tax_status":["taxable"],"_virtual":["no"],"total_sales":["2"],"stick-header-meta":["default"],"site-sidebar-layout":["default"],"theme-transparent-header-meta":["default"],"ast-site-content-layout":["default"],"site-content-style":["default"],"site-sidebar-style":["default"],"wcml_sync_hash":["a:1:{s:15:\"postmeta_fields\";s:32:\"17b19f0f18ea1fe6fa0d4dd0b695765b\";}"],"attr_label_translations":["a:0:{}"],"_product_image_gallery":[""],"_upsell_ids":["a:0:{}"],"_crosssell_ids":["a:0:{}"],"_children":["a:0:{}"],"_stock":["20.000000"],"_wpml_word_count":["338"],"_thumbnail_id":["4316"],"_edit_lock":["1765997012:4"],"_price":[38.4,"76.8","307.2"],"_wc_average_rating":[0],"_wc_review_count":["0"],"_product_version":["9.7.1"],"_downloadable_files":[""],"_last_translation_edit_mode":["native-editor"],"_edit_last":["4"],"_is_partner_course":["no"],"_partner_name":[""],"_partner_phone":[""],"_partner_email":[""],"_product_location_label":[""],"_wcml_average_rating":[null],"_wcml_review_count":[null],"_wcml_rating_count":[null],"the_grid_item_custom_link_target":["_self"],"the_grid_item_col":["1"],"the_grid_item_row":["1"],"the_grid_item_content_color":["dark"],"the_grid_item_overlay_color":["light"],"the_grid_item_video_ratio":["4:3"],"the_grid_item_youtube_ratio":["4:3"],"the_grid_item_vimeo_ratio":["4:3"],"the_grid_item_wistia_ratio":["4:3"],"astra-migrate-meta-layouts":["set"],"_wpml_media_duplicate":["1"],"_wpml_media_featured":["1"],"_product_attributes":["a:1:{s:11:\"pa_coverage\";a:6:{s:4:\"name\";s:11:\"pa_coverage\";s:5:\"value\";s:0:\"\";s:8:\"position\";i:0;s:10:\"is_visible\";i:1;s:12:\"is_variation\";i:1;s:11:\"is_taxonomy\";i:1;}}"],"_default_attributes":["a:1:{s:11:\"pa_coverage\";s:6:\"5m2-da\";}"],"_yoast_wpseo_primary_product_brand":[""],"_yoast_wpseo_content_score":["60"],"_yoast_wpseo_estimated-reading-time-minutes":["2"],"_yoast_wpseo_primary_product_cat":["56"],"_uag_page_assets":["a:9:{s:3:\"css\";s:263:\".uag-blocks-common-selector{z-index:var(--z-index-desktop) !important}@media (max-width: 976px){.uag-blocks-common-selector{z-index:var(--z-index-tablet) !important}}@media (max-width: 767px){.uag-blocks-common-selector{z-index:var(--z-index-mobile) !important}}\n\";s:2:\"js\";s:0:\"\";s:18:\"current_block_list\";a:19:{i:0;s:11:\"core\/search\";i:1;s:10:\"core\/group\";i:2;s:12:\"core\/heading\";i:3;s:17:\"core\/latest-posts\";i:4;s:20:\"core\/latest-comments\";i:5;s:13:\"core\/archives\";i:6;s:15:\"core\/categories\";i:7;s:10:\"core\/image\";i:8;s:14:\"core\/paragraph\";i:9;s:17:\"core\/social-links\";i:10;s:28:\"woocommerce\/customer-account\";i:11;s:12:\"core\/columns\";i:12;s:11:\"core\/column\";i:13;s:12:\"core\/buttons\";i:14;s:11:\"core\/button\";i:18;s:16:\"core\/social-link\";i:19;s:17:\"safe-svg\/svg-icon\";i:20;s:12:\"core\/gallery\";i:21;s:11:\"core\/spacer\";}s:8:\"uag_flag\";b:0;s:11:\"uag_version\";i:1778083269;s:6:\"gfonts\";a:0:{}s:10:\"gfonts_url\";s:0:\"\";s:12:\"gfonts_files\";a:0:{}s:14:\"uag_faq_layout\";b:0;}"],"_max_variation_price":[""],"_max_variation_regular_price":[""],"_max_variation_sale_price":[""],"_min_variation_price":[""],"_min_variation_regular_price":[""],"_min_variation_sale_price":[""],"_regular_price":[""],"_sale_price":[""],"_wc_rating_count":[""]},"uagb_featured_image_src":{"full":["https:\/\/dekodesignsystems.com\/wp-content\/uploads\/2024\/03\/unbenannt-7449-Bearbeitet-600px_web.jpg",600,600,false],"thumbnail":["https:\/\/dekodesignsystems.com\/wp-content\/uploads\/2024\/03\/unbenannt-7449-Bearbeitet-600px_web-150x150.jpg",150,150,true],"medium":["https:\/\/dekodesignsystems.com\/wp-content\/uploads\/2024\/03\/unbenannt-7449-Bearbeitet-600px_web-300x300.jpg",300,300,true],"medium_large":["https:\/\/dekodesignsystems.com\/wp-content\/uploads\/2024\/03\/unbenannt-7449-Bearbeitet-600px_web.jpg",600,600,false],"large":["https:\/\/dekodesignsystems.com\/wp-content\/uploads\/2024\/03\/unbenannt-7449-Bearbeitet-600px_web.jpg",600,600,false],"1536x1536":["https:\/\/dekodesignsystems.com\/wp-content\/uploads\/2024\/03\/unbenannt-7449-Bearbeitet-600px_web.jpg",600,600,false],"2048x2048":["https:\/\/dekodesignsystems.com\/wp-content\/uploads\/2024\/03\/unbenannt-7449-Bearbeitet-600px_web.jpg",600,600,false],"the_grid_size1":["https:\/\/dekodesignsystems.com\/wp-content\/uploads\/2024\/03\/unbenannt-7449-Bearbeitet-600px_web-500x500.jpg",500,500,true],"the_grid_size2":["https:\/\/dekodesignsystems.com\/wp-content\/uploads\/2024\/03\/unbenannt-7449-Bearbeitet-600px_web-500x600.jpg",500,600,true],"the_grid_size3":["https:\/\/dekodesignsystems.com\/wp-content\/uploads\/2024\/03\/unbenannt-7449-Bearbeitet-600px_web-600x500.jpg",600,500,true],"the_grid_size4":["https:\/\/dekodesignsystems.com\/wp-content\/uploads\/2024\/03\/unbenannt-7449-Bearbeitet-600px_web.jpg",600,600,false],"the_grid_size5":["https:\/\/dekodesignsystems.com\/wp-content\/uploads\/2024\/03\/unbenannt-7449-Bearbeitet-600px_web-500x500.jpg",500,500,true],"woocommerce_thumbnail":["https:\/\/dekodesignsystems.com\/wp-content\/uploads\/2024\/03\/unbenannt-7449-Bearbeitet-600px_web.jpg",600,600,false],"woocommerce_single":["https:\/\/dekodesignsystems.com\/wp-content\/uploads\/2024\/03\/unbenannt-7449-Bearbeitet-600px_web.jpg",600,600,false],"woocommerce_gallery_thumbnail":["https:\/\/dekodesignsystems.com\/wp-content\/uploads\/2024\/03\/unbenannt-7449-Bearbeitet-600px_web-400x400.jpg",400,400,true]},"uagb_author_info":{"display_name":"michaelnoe","author_link":"https:\/\/dekodesignsystems.com\/da\/author\/"},"uagb_comment_info":0,"uagb_excerpt":"Opn\u00e5 en elegant og robust base for dit polyuretangulv med vores Black Primer. Denne vandbaserede, lugtfri formel sikrer perfekt vedh\u00e6ftning og en j\u00e6vn, silkemat finish. Den er sikker indend\u00f8rs, har lave emissioner, er nem at p\u00e5f\u00f8re og er certificeret til indend\u00f8rs kvalitet. L\u00e6g grunden til fremragende resultater med vores robuste Black Primer. [product-guide-button lang=\"en\"] 5m2&hellip;","jetpack_sharing_enabled":true,"_links":{"self":[{"href":"https:\/\/dekodesignsystems.com\/da\/wp-json\/wp\/v2\/product\/2671","targetHints":{"allow":["GET"]}}],"collection":[{"href":"https:\/\/dekodesignsystems.com\/da\/wp-json\/wp\/v2\/product"}],"about":[{"href":"https:\/\/dekodesignsystems.com\/da\/wp-json\/wp\/v2\/types\/product"}],"wp:featuredmedia":[{"embeddable":true,"href":"https:\/\/dekodesignsystems.com\/da\/wp-json\/wp\/v2\/media\/4316"}],"wp:attachment":[{"href":"https:\/\/dekodesignsystems.com\/da\/wp-json\/wp\/v2\/media?parent=2671"}],"wp:term":[{"taxonomy":"product_brand","embeddable":true,"href":"https:\/\/dekodesignsystems.com\/da\/wp-json\/wp\/v2\/product_brand?post=2671"},{"taxonomy":"product_cat","embeddable":true,"href":"https:\/\/dekodesignsystems.com\/da\/wp-json\/wp\/v2\/product_cat?post=2671"},{"taxonomy":"product_tag","embeddable":true,"href":"https:\/\/dekodesignsystems.com\/da\/wp-json\/wp\/v2\/product_tag?post=2671"}],"curies":[{"name":"wp","href":"https:\/\/api.w.org\/{rel}","templated":true}]}}