{"id":2509,"date":"2024-03-11T11:24:48","date_gmt":"2024-03-11T11:24:48","guid":{"rendered":"https:\/\/dekodesignsystems.com\/shop\/peacock-green-pigment\/"},"modified":"2026-02-15T14:43:44","modified_gmt":"2026-02-15T14:43:44","slug":"peacock-green-pigment","status":"publish","type":"product","link":"https:\/\/dekodesignsystems.com\/da\/produkt\/peacock-green-pigment\/","title":{"rendered":"Peacock green metallic pigment"},"content":{"rendered":"<p>Oplev den f\u00e6ngslende charme ved vores <strong>Peacock Green Metallic Pigment<\/strong>, en fyldig p\u00e5fuglefarve, der giver et unikt og levende pr\u00e6g til ethvert polyuretangulv. Dette pigment skinner med dybe bl\u00e5gr\u00f8nne nuancer, der minder om en p\u00e5fugls majest\u00e6tiske fjer, og giver en eksotisk og luksuri\u00f8s fornemmelse til dine indvendige rum.<\/p>\n<p>Vores Peacock Green Metallic Pigment er designet til fugefri integration med vores polyuretangulvsystemer og blander sig glat for at give en fejlfri, j\u00e6vn bel\u00e6gning. Dens enest\u00e5ende formulering sikrer holdbarhed og slidstyrke, hvilket g\u00f8r den ideel til b\u00e5de kommercielle og private anvendelser, is\u00e6r i omr\u00e5der med meget trafik.<\/p>\n<p>Dette pigment bl\u00e6nder ikke kun med sin dybe, glitrende farve, men har ogs\u00e5 en ikke-giftig sammens\u00e6tning, som g\u00f8r det sikkert at bruge i alle milj\u00f8er. Den genlukkelige beholder holder pigmentet friskt og effektivt, hvilket sikrer ensartede resultater ved hver p\u00e5f\u00f8ring.<\/p>\n<p>Uanset om du vil puste nyt liv i et forretningslokale, en butik eller bare give dit hjem et st\u00e6nk af farve, s\u00e5 er vores Peacock Green Metallic Pigment den perfekte blanding af holdbarhed og dramatisk flair. L\u00f8ft dine gulve med denne fantastiske, p\u00e5fugleinspirerede nuance for en virkelig transformerende effekt.<\/p>\n<p>Kompatibel med epoxy, polyuretan (PU), akryl og mikrocement. N\u00e5r det bruges sammen med Deko MetaFlow PU resin, skal der bruges 15 g pigment til 1 m2 gulvareal. Kan bruges til dekorative metalliske gulve, flodborde, k\u00f8kkenbordplader og hobbykunst, dvs. malerier, ure, smykkeskrin osv.<\/p>\n","protected":false},"excerpt":{"rendered":"<p>Peacock Green er en unik og individuel farve. Den er gr\u00f8n med en rig, bl\u00e5 undertone og har en lidt mystisk og majest\u00e6tisk fornemmelse. I et rum skaber det en smuk luksusfornemmelse. N\u00e5r det bruges sammen med Deko MetaFlow PU resin, skal der bruges 15 g pigment til 1 m2 gulvareal.<\/p>\n","protected":false},"featured_media":2292,"template":"","meta":{"_acf_changed":false,"_uag_custom_page_level_css":"","site-sidebar-layout":"default","site-content-layout":"","ast-site-content-layout":"default","site-content-style":"default","site-sidebar-style":"default","ast-global-header-display":"","ast-banner-title-visibility":"","ast-main-header-display":"","ast-hfb-above-header-display":"","ast-hfb-below-header-display":"","ast-hfb-mobile-header-display":"","site-post-title":"","ast-breadcrumbs-content":"","ast-featured-img":"","footer-sml-layout":"","ast-disable-related-posts":"","theme-transparent-header-meta":"default","adv-header-id-meta":"","stick-header-meta":"default","header-above-stick-meta":"","header-main-stick-meta":"","header-below-stick-meta":"","astra-migrate-meta-layouts":"set","ast-page-background-enabled":"default","ast-page-background-meta":{"desktop":{"background-color":"var(--ast-global-color-4)","background-image":"","background-repeat":"repeat","background-position":"center center","background-size":"auto","background-attachment":"scroll","background-type":"","background-media":"","overlay-type":"","overlay-color":"","overlay-opacity":"","overlay-gradient":""},"tablet":{"background-color":"","background-image":"","background-repeat":"repeat","background-position":"center center","background-size":"auto","background-attachment":"scroll","background-type":"","background-media":"","overlay-type":"","overlay-color":"","overlay-opacity":"","overlay-gradient":""},"mobile":{"background-color":"","background-image":"","background-repeat":"repeat","background-position":"center center","background-size":"auto","background-attachment":"scroll","background-type":"","background-media":"","overlay-type":"","overlay-color":"","overlay-opacity":"","overlay-gradient":""}},"ast-content-background-meta":{"desktop":{"background-color":"var(--ast-global-color-5)","background-image":"","background-repeat":"repeat","background-position":"center center","background-size":"auto","background-attachment":"scroll","background-type":"","background-media":"","overlay-type":"","overlay-color":"","overlay-opacity":"","overlay-gradient":""},"tablet":{"background-color":"var(--ast-global-color-5)","background-image":"","background-repeat":"repeat","background-position":"center center","background-size":"auto","background-attachment":"scroll","background-type":"","background-media":"","overlay-type":"","overlay-color":"","overlay-opacity":"","overlay-gradient":""},"mobile":{"background-color":"var(--ast-global-color-5)","background-image":"","background-repeat":"repeat","background-position":"center center","background-size":"auto","background-attachment":"scroll","background-type":"","background-media":"","overlay-type":"","overlay-color":"","overlay-opacity":"","overlay-gradient":""}}},"product_brand":[],"product_cat":[48],"product_tag":[],"class_list":{"0":"post-2509","1":"product","2":"type-product","3":"status-publish","4":"has-post-thumbnail","6":"product_cat-pigmenter","7":"desktop-align-center","8":"tablet-align-left","9":"mobile-align-left","10":"ast-product-gallery-layout-horizontal-slider","11":"ast-product-gallery-with-no-image","12":"ast-magnify-disabled","13":"ast-product-single-variable","14":"ast-product-tabs-layout-accordion","16":"first","17":"instock","18":"taxable","19":"shipping-taxable","20":"purchasable","21":"product-type-variable","22":"has-default-attributes"},"acf":[],"yoast_head":"<!-- This site is optimized with the Yoast SEO plugin v26.9 - https:\/\/yoast.com\/product\/yoast-seo-wordpress\/ -->\n<title>Peacock green metallic pigment | Deko Design Systems<\/title>\n<meta name=\"robots\" content=\"index, follow, max-snippet:-1, max-image-preview:large, max-video-preview:-1\" \/>\n<link rel=\"canonical\" href=\"https:\/\/dekodesignsystems.com\/da\/produkt\/peacock-green-pigment\/\" \/>\n<meta property=\"og:locale\" content=\"da_DK\" \/>\n<meta property=\"og:type\" content=\"article\" \/>\n<meta property=\"og:title\" content=\"Peacock green metallic pigment | Deko Design Systems\" \/>\n<meta property=\"og:description\" content=\"Peacock Green er en unik og individuel farve. Den er gr\u00f8n med en rig, bl\u00e5 undertone og har en lidt mystisk og majest\u00e6tisk fornemmelse. I et rum skaber det en smuk luksusfornemmelse. N\u00e5r det bruges sammen med Deko MetaFlow PU resin, skal der bruges 15 g pigment til 1 m2 gulvareal.\" \/>\n<meta property=\"og:url\" content=\"https:\/\/dekodesignsystems.com\/da\/produkt\/peacock-green-pigment\/\" \/>\n<meta property=\"og:site_name\" content=\"Deko Design Systems\" \/>\n<meta property=\"article:modified_time\" content=\"2026-02-15T14:43:44+00:00\" \/>\n<meta property=\"og:image\" content=\"https:\/\/dekodesignsystems.com\/wp-content\/uploads\/2024\/04\/Peacock-Green.jpg\" \/>\n\t<meta property=\"og:image:width\" content=\"2001\" \/>\n\t<meta property=\"og:image:height\" content=\"2000\" \/>\n\t<meta property=\"og:image:type\" content=\"image\/jpeg\" \/>\n<meta name=\"twitter:card\" content=\"summary_large_image\" \/>\n<meta name=\"twitter:label1\" content=\"Estimeret l\u00e6setid\" \/>\n\t<meta name=\"twitter:data1\" content=\"2 minut\" \/>\n<script type=\"application\/ld+json\" class=\"yoast-schema-graph\">{\"@context\":\"https:\/\/schema.org\",\"@graph\":[{\"@type\":\"WebPage\",\"@id\":\"https:\/\/dekodesignsystems.com\/da\/produkt\/peacock-green-pigment\/\",\"url\":\"https:\/\/dekodesignsystems.com\/da\/produkt\/peacock-green-pigment\/\",\"name\":\"Peacock green metallic pigment | Deko Design Systems\",\"isPartOf\":{\"@id\":\"https:\/\/dekodesignsystems.com\/da\/#website\"},\"primaryImageOfPage\":{\"@id\":\"https:\/\/dekodesignsystems.com\/da\/produkt\/peacock-green-pigment\/#primaryimage\"},\"image\":{\"@id\":\"https:\/\/dekodesignsystems.com\/da\/produkt\/peacock-green-pigment\/#primaryimage\"},\"thumbnailUrl\":\"https:\/\/dekodesignsystems.com\/wp-content\/uploads\/2024\/04\/Peacock-Green.jpg\",\"datePublished\":\"2024-03-11T11:24:48+00:00\",\"dateModified\":\"2026-02-15T14:43:44+00:00\",\"breadcrumb\":{\"@id\":\"https:\/\/dekodesignsystems.com\/da\/produkt\/peacock-green-pigment\/#breadcrumb\"},\"inLanguage\":\"da-DK\",\"potentialAction\":[{\"@type\":\"ReadAction\",\"target\":[\"https:\/\/dekodesignsystems.com\/da\/produkt\/peacock-green-pigment\/\"]}]},{\"@type\":\"ImageObject\",\"inLanguage\":\"da-DK\",\"@id\":\"https:\/\/dekodesignsystems.com\/da\/produkt\/peacock-green-pigment\/#primaryimage\",\"url\":\"https:\/\/dekodesignsystems.com\/wp-content\/uploads\/2024\/04\/Peacock-Green.jpg\",\"contentUrl\":\"https:\/\/dekodesignsystems.com\/wp-content\/uploads\/2024\/04\/Peacock-Green.jpg\",\"width\":2001,\"height\":2000},{\"@type\":\"BreadcrumbList\",\"@id\":\"https:\/\/dekodesignsystems.com\/da\/produkt\/peacock-green-pigment\/#breadcrumb\",\"itemListElement\":[{\"@type\":\"ListItem\",\"position\":1,\"name\":\"Hjem\",\"item\":\"https:\/\/dekodesignsystems.com\/da\/\"},{\"@type\":\"ListItem\",\"position\":2,\"name\":\"Shop\",\"item\":\"https:\/\/dekodesignsystems.com\/da\/butik\/\"},{\"@type\":\"ListItem\",\"position\":3,\"name\":\"Peacock green metallic pigment\"}]},{\"@type\":\"WebSite\",\"@id\":\"https:\/\/dekodesignsystems.com\/da\/#website\",\"url\":\"https:\/\/dekodesignsystems.com\/da\/\",\"name\":\"Deko Design Systems\",\"description\":\"\",\"publisher\":{\"@id\":\"https:\/\/dekodesignsystems.com\/da\/#organization\"},\"potentialAction\":[{\"@type\":\"SearchAction\",\"target\":{\"@type\":\"EntryPoint\",\"urlTemplate\":\"https:\/\/dekodesignsystems.com\/da\/?s={search_term_string}\"},\"query-input\":{\"@type\":\"PropertyValueSpecification\",\"valueRequired\":true,\"valueName\":\"search_term_string\"}}],\"inLanguage\":\"da-DK\"},{\"@type\":\"Organization\",\"@id\":\"https:\/\/dekodesignsystems.com\/da\/#organization\",\"name\":\"Deko Design Systems ApS\",\"url\":\"https:\/\/dekodesignsystems.com\/da\/\",\"logo\":{\"@type\":\"ImageObject\",\"inLanguage\":\"da-DK\",\"@id\":\"https:\/\/dekodesignsystems.com\/da\/#\/schema\/logo\/image\/\",\"url\":\"https:\/\/dekodesignsystems.com\/wp-content\/uploads\/2024\/02\/Deko-design-systems.svg\",\"contentUrl\":\"https:\/\/dekodesignsystems.com\/wp-content\/uploads\/2024\/02\/Deko-design-systems.svg\",\"width\":231,\"height\":102,\"caption\":\"Deko Design Systems ApS\"},\"image\":{\"@id\":\"https:\/\/dekodesignsystems.com\/da\/#\/schema\/logo\/image\/\"}}]}<\/script>\n<!-- \/ Yoast SEO plugin. -->","yoast_head_json":{"title":"Peacock green metallic pigment | Deko Design Systems","robots":{"index":"index","follow":"follow","max-snippet":"max-snippet:-1","max-image-preview":"max-image-preview:large","max-video-preview":"max-video-preview:-1"},"canonical":"https:\/\/dekodesignsystems.com\/da\/produkt\/peacock-green-pigment\/","og_locale":"da_DK","og_type":"article","og_title":"Peacock green metallic pigment | Deko Design Systems","og_description":"Peacock Green er en unik og individuel farve. Den er gr\u00f8n med en rig, bl\u00e5 undertone og har en lidt mystisk og majest\u00e6tisk fornemmelse. I et rum skaber det en smuk luksusfornemmelse. N\u00e5r det bruges sammen med Deko MetaFlow PU resin, skal der bruges 15 g pigment til 1 m2 gulvareal.","og_url":"https:\/\/dekodesignsystems.com\/da\/produkt\/peacock-green-pigment\/","og_site_name":"Deko Design Systems","article_modified_time":"2026-02-15T14:43:44+00:00","og_image":[{"width":2001,"height":2000,"url":"https:\/\/dekodesignsystems.com\/wp-content\/uploads\/2024\/04\/Peacock-Green.jpg","type":"image\/jpeg"}],"twitter_card":"summary_large_image","twitter_misc":{"Estimeret l\u00e6setid":"2 minut"},"schema":{"@context":"https:\/\/schema.org","@graph":[{"@type":"WebPage","@id":"https:\/\/dekodesignsystems.com\/da\/produkt\/peacock-green-pigment\/","url":"https:\/\/dekodesignsystems.com\/da\/produkt\/peacock-green-pigment\/","name":"Peacock green metallic pigment | Deko Design Systems","isPartOf":{"@id":"https:\/\/dekodesignsystems.com\/da\/#website"},"primaryImageOfPage":{"@id":"https:\/\/dekodesignsystems.com\/da\/produkt\/peacock-green-pigment\/#primaryimage"},"image":{"@id":"https:\/\/dekodesignsystems.com\/da\/produkt\/peacock-green-pigment\/#primaryimage"},"thumbnailUrl":"https:\/\/dekodesignsystems.com\/wp-content\/uploads\/2024\/04\/Peacock-Green.jpg","datePublished":"2024-03-11T11:24:48+00:00","dateModified":"2026-02-15T14:43:44+00:00","breadcrumb":{"@id":"https:\/\/dekodesignsystems.com\/da\/produkt\/peacock-green-pigment\/#breadcrumb"},"inLanguage":"da-DK","potentialAction":[{"@type":"ReadAction","target":["https:\/\/dekodesignsystems.com\/da\/produkt\/peacock-green-pigment\/"]}]},{"@type":"ImageObject","inLanguage":"da-DK","@id":"https:\/\/dekodesignsystems.com\/da\/produkt\/peacock-green-pigment\/#primaryimage","url":"https:\/\/dekodesignsystems.com\/wp-content\/uploads\/2024\/04\/Peacock-Green.jpg","contentUrl":"https:\/\/dekodesignsystems.com\/wp-content\/uploads\/2024\/04\/Peacock-Green.jpg","width":2001,"height":2000},{"@type":"BreadcrumbList","@id":"https:\/\/dekodesignsystems.com\/da\/produkt\/peacock-green-pigment\/#breadcrumb","itemListElement":[{"@type":"ListItem","position":1,"name":"Hjem","item":"https:\/\/dekodesignsystems.com\/da\/"},{"@type":"ListItem","position":2,"name":"Shop","item":"https:\/\/dekodesignsystems.com\/da\/butik\/"},{"@type":"ListItem","position":3,"name":"Peacock green metallic pigment"}]},{"@type":"WebSite","@id":"https:\/\/dekodesignsystems.com\/da\/#website","url":"https:\/\/dekodesignsystems.com\/da\/","name":"Deko Design Systems","description":"","publisher":{"@id":"https:\/\/dekodesignsystems.com\/da\/#organization"},"potentialAction":[{"@type":"SearchAction","target":{"@type":"EntryPoint","urlTemplate":"https:\/\/dekodesignsystems.com\/da\/?s={search_term_string}"},"query-input":{"@type":"PropertyValueSpecification","valueRequired":true,"valueName":"search_term_string"}}],"inLanguage":"da-DK"},{"@type":"Organization","@id":"https:\/\/dekodesignsystems.com\/da\/#organization","name":"Deko Design Systems ApS","url":"https:\/\/dekodesignsystems.com\/da\/","logo":{"@type":"ImageObject","inLanguage":"da-DK","@id":"https:\/\/dekodesignsystems.com\/da\/#\/schema\/logo\/image\/","url":"https:\/\/dekodesignsystems.com\/wp-content\/uploads\/2024\/02\/Deko-design-systems.svg","contentUrl":"https:\/\/dekodesignsystems.com\/wp-content\/uploads\/2024\/02\/Deko-design-systems.svg","width":231,"height":102,"caption":"Deko Design Systems ApS"},"image":{"@id":"https:\/\/dekodesignsystems.com\/da\/#\/schema\/logo\/image\/"}}]}},"spectra_custom_meta":{"total_sales":["0"],"_tax_status":["taxable"],"_tax_class":[""],"_manage_stock":["yes"],"_backorders":["no"],"_sold_individually":["no"],"_virtual":["no"],"_downloadable":["no"],"_download_limit":["-1"],"_download_expiry":["-1"],"_stock_status":["instock"],"site-sidebar-layout":["default"],"ast-site-content-layout":["default"],"site-content-style":["default"],"site-sidebar-style":["default"],"theme-transparent-header-meta":["default"],"stick-header-meta":["default"],"_price":[14.99,"56.99"],"_thumbnail_id":["2292"],"wcml_sync_hash":["a:1:{s:15:\"postmeta_fields\";s:32:\"015ad2149553a90e3c0f3c10d697f04f\";}"],"attr_label_translations":["a:0:{}"],"_product_image_gallery":[""],"_stock":["100"],"_last_translation_edit_mode":["translation-editor"],"_wpml_word_count":["314"],"_downloadable_files":[""],"_edit_lock":["1768135008:4"],"_edit_last":["4"],"_is_partner_course":["no"],"_partner_name":[""],"_partner_phone":[""],"_partner_email":[""],"_product_location_label":[""],"_wcml_average_rating":[null],"_wcml_review_count":[null],"_wcml_rating_count":[null],"_wc_average_rating":[0],"_wc_review_count":["0"],"_product_version":["9.7.2"],"the_grid_item_custom_link_target":["_self"],"the_grid_item_col":["1"],"the_grid_item_row":["1"],"the_grid_item_content_color":["dark"],"the_grid_item_overlay_color":["light"],"the_grid_item_video_ratio":["4:3"],"the_grid_item_youtube_ratio":["4:3"],"the_grid_item_vimeo_ratio":["4:3"],"the_grid_item_wistia_ratio":["4:3"],"astra-migrate-meta-layouts":["set"],"_wpml_media_duplicate":["1"],"_wpml_media_featured":["1"],"_product_attributes":["a:1:{s:7:\"pa_size\";a:6:{s:4:\"name\";s:7:\"pa_size\";s:5:\"value\";s:0:\"\";s:8:\"position\";i:0;s:10:\"is_visible\";i:1;s:12:\"is_variation\";i:1;s:11:\"is_taxonomy\";i:1;}}"],"_default_attributes":["a:1:{s:7:\"pa_size\";s:6:\"50g-da\";}"],"_yoast_wpseo_primary_product_brand":[""],"_yoast_wpseo_content_score":["60"],"_yoast_wpseo_estimated-reading-time-minutes":["2"],"_yoast_wpseo_primary_product_cat":["21"],"_uagb_previous_block_counts":["a:90:{s:21:\"uagb\/advanced-heading\";i:0;s:15:\"uagb\/blockquote\";i:0;s:12:\"uagb\/buttons\";i:0;s:18:\"uagb\/buttons-child\";i:0;s:19:\"uagb\/call-to-action\";i:0;s:15:\"uagb\/cf7-styler\";i:0;s:11:\"uagb\/column\";i:0;s:12:\"uagb\/columns\";i:0;s:14:\"uagb\/container\";i:0;s:21:\"uagb\/content-timeline\";i:0;s:27:\"uagb\/content-timeline-child\";i:0;s:14:\"uagb\/countdown\";i:0;s:12:\"uagb\/counter\";i:0;s:8:\"uagb\/faq\";i:0;s:14:\"uagb\/faq-child\";i:0;s:10:\"uagb\/forms\";i:0;s:17:\"uagb\/forms-accept\";i:0;s:19:\"uagb\/forms-checkbox\";i:0;s:15:\"uagb\/forms-date\";i:0;s:16:\"uagb\/forms-email\";i:0;s:17:\"uagb\/forms-hidden\";i:0;s:15:\"uagb\/forms-name\";i:0;s:16:\"uagb\/forms-phone\";i:0;s:16:\"uagb\/forms-radio\";i:0;s:17:\"uagb\/forms-select\";i:0;s:19:\"uagb\/forms-textarea\";i:0;s:17:\"uagb\/forms-toggle\";i:0;s:14:\"uagb\/forms-url\";i:0;s:14:\"uagb\/gf-styler\";i:0;s:15:\"uagb\/google-map\";i:0;s:11:\"uagb\/how-to\";i:0;s:16:\"uagb\/how-to-step\";i:0;s:9:\"uagb\/icon\";i:0;s:14:\"uagb\/icon-list\";i:0;s:20:\"uagb\/icon-list-child\";i:0;s:10:\"uagb\/image\";i:0;s:18:\"uagb\/image-gallery\";i:0;s:13:\"uagb\/info-box\";i:0;s:18:\"uagb\/inline-notice\";i:0;s:11:\"uagb\/lottie\";i:0;s:21:\"uagb\/marketing-button\";i:0;s:10:\"uagb\/modal\";i:0;s:18:\"uagb\/popup-builder\";i:0;s:16:\"uagb\/post-button\";i:0;s:18:\"uagb\/post-carousel\";i:0;s:17:\"uagb\/post-excerpt\";i:0;s:14:\"uagb\/post-grid\";i:0;s:15:\"uagb\/post-image\";i:0;s:17:\"uagb\/post-masonry\";i:0;s:14:\"uagb\/post-meta\";i:0;s:18:\"uagb\/post-taxonomy\";i:0;s:18:\"uagb\/post-timeline\";i:0;s:15:\"uagb\/post-title\";i:0;s:20:\"uagb\/restaurant-menu\";i:0;s:26:\"uagb\/restaurant-menu-child\";i:0;s:11:\"uagb\/review\";i:0;s:12:\"uagb\/section\";i:0;s:14:\"uagb\/separator\";i:0;s:11:\"uagb\/slider\";i:0;s:17:\"uagb\/slider-child\";i:0;s:17:\"uagb\/social-share\";i:0;s:23:\"uagb\/social-share-child\";i:0;s:16:\"uagb\/star-rating\";i:0;s:23:\"uagb\/sure-cart-checkout\";i:0;s:22:\"uagb\/sure-cart-product\";i:0;s:15:\"uagb\/sure-forms\";i:0;s:22:\"uagb\/table-of-contents\";i:0;s:9:\"uagb\/tabs\";i:0;s:15:\"uagb\/tabs-child\";i:0;s:18:\"uagb\/taxonomy-list\";i:0;s:9:\"uagb\/team\";i:0;s:16:\"uagb\/testimonial\";i:0;s:14:\"uagb\/wp-search\";i:0;s:19:\"uagb\/instagram-feed\";i:0;s:10:\"uagb\/login\";i:0;s:17:\"uagb\/loop-builder\";i:0;s:18:\"uagb\/loop-category\";i:0;s:20:\"uagb\/loop-pagination\";i:0;s:15:\"uagb\/loop-reset\";i:0;s:16:\"uagb\/loop-search\";i:0;s:14:\"uagb\/loop-sort\";i:0;s:17:\"uagb\/loop-wrapper\";i:0;s:13:\"uagb\/register\";i:0;s:19:\"uagb\/register-email\";i:0;s:24:\"uagb\/register-first-name\";i:0;s:23:\"uagb\/register-last-name\";i:0;s:22:\"uagb\/register-password\";i:0;s:30:\"uagb\/register-reenter-password\";i:0;s:19:\"uagb\/register-terms\";i:0;s:22:\"uagb\/register-username\";i:0;}"],"_crosssell_ids":["a:1:{i:0;i:719;}"],"_uag_css_file_name":["uag-css-2509.css"],"_uag_page_assets":["a:9:{s:3:\"css\";s:260:\".uag-blocks-common-selector{z-index:var(--z-index-desktop) !important}@media(max-width: 976px){.uag-blocks-common-selector{z-index:var(--z-index-tablet) !important}}@media(max-width: 767px){.uag-blocks-common-selector{z-index:var(--z-index-mobile) !important}}\";s:2:\"js\";s:0:\"\";s:18:\"current_block_list\";a:19:{i:0;s:11:\"core\/search\";i:1;s:10:\"core\/group\";i:2;s:12:\"core\/heading\";i:3;s:17:\"core\/latest-posts\";i:4;s:20:\"core\/latest-comments\";i:5;s:13:\"core\/archives\";i:6;s:15:\"core\/categories\";i:7;s:10:\"core\/image\";i:8;s:14:\"core\/paragraph\";i:9;s:17:\"core\/social-links\";i:10;s:28:\"woocommerce\/customer-account\";i:11;s:12:\"core\/columns\";i:12;s:11:\"core\/column\";i:13;s:12:\"core\/buttons\";i:14;s:11:\"core\/button\";i:18;s:16:\"core\/social-link\";i:19;s:17:\"safe-svg\/svg-icon\";i:20;s:12:\"core\/gallery\";i:21;s:11:\"core\/spacer\";}s:8:\"uag_flag\";b:0;s:11:\"uag_version\";s:10:\"1778744751\";s:6:\"gfonts\";a:0:{}s:10:\"gfonts_url\";s:0:\"\";s:12:\"gfonts_files\";a:0:{}s:14:\"uag_faq_layout\";b:0;}"],"_max_variation_price":[""],"_max_variation_regular_price":[""],"_max_variation_sale_price":[""],"_min_variation_price":[""],"_min_variation_regular_price":[""],"_min_variation_sale_price":[""],"_regular_price":[""],"_sale_price":[""],"_wc_rating_count":[""]},"uagb_featured_image_src":{"full":["https:\/\/dekodesignsystems.com\/wp-content\/uploads\/2024\/04\/Peacock-Green.jpg",2001,2000,false],"thumbnail":["https:\/\/dekodesignsystems.com\/wp-content\/uploads\/2024\/04\/Peacock-Green-150x150.jpg",150,150,true],"medium":["https:\/\/dekodesignsystems.com\/wp-content\/uploads\/2024\/04\/Peacock-Green-300x300.jpg",300,300,true],"medium_large":["https:\/\/dekodesignsystems.com\/wp-content\/uploads\/2024\/04\/Peacock-Green-768x768.jpg",768,768,true],"large":["https:\/\/dekodesignsystems.com\/wp-content\/uploads\/2024\/04\/Peacock-Green-1024x1024.jpg",1024,1024,true],"1536x1536":["https:\/\/dekodesignsystems.com\/wp-content\/uploads\/2024\/04\/Peacock-Green-1536x1536.jpg",1536,1536,true],"2048x2048":["https:\/\/dekodesignsystems.com\/wp-content\/uploads\/2024\/04\/Peacock-Green.jpg",2001,2000,false],"the_grid_size1":["https:\/\/dekodesignsystems.com\/wp-content\/uploads\/2024\/04\/Peacock-Green-500x500.jpg",500,500,true],"the_grid_size2":["https:\/\/dekodesignsystems.com\/wp-content\/uploads\/2024\/04\/Peacock-Green-500x1000.jpg",500,1000,true],"the_grid_size3":["https:\/\/dekodesignsystems.com\/wp-content\/uploads\/2024\/04\/Peacock-Green-1000x500.jpg",1000,500,true],"the_grid_size4":["https:\/\/dekodesignsystems.com\/wp-content\/uploads\/2024\/04\/Peacock-Green-1000x1000.jpg",1000,1000,true],"the_grid_size5":["https:\/\/dekodesignsystems.com\/wp-content\/uploads\/2024\/04\/Peacock-Green-500x500.jpg",500,500,true],"woocommerce_thumbnail":["https:\/\/dekodesignsystems.com\/wp-content\/uploads\/2024\/04\/Peacock-Green-1000x1000.jpg",1000,1000,true],"woocommerce_single":["https:\/\/dekodesignsystems.com\/wp-content\/uploads\/2024\/04\/Peacock-Green.jpg",2000,1999,false],"woocommerce_gallery_thumbnail":["https:\/\/dekodesignsystems.com\/wp-content\/uploads\/2024\/04\/Peacock-Green-500x500.jpg",400,400,true]},"uagb_author_info":{"display_name":"michaelnoe","author_link":"https:\/\/dekodesignsystems.com\/da\/author\/"},"uagb_comment_info":0,"uagb_excerpt":"Peacock Green er en unik og individuel farve. Den er gr\u00f8n med en rig, bl\u00e5 undertone og har en lidt mystisk og majest\u00e6tisk fornemmelse. I et rum skaber det en smuk luksusfornemmelse. N\u00e5r det bruges sammen med Deko MetaFlow PU resin, skal der bruges 15 g pigment til 1 m2 gulvareal.","jetpack_sharing_enabled":true,"_links":{"self":[{"href":"https:\/\/dekodesignsystems.com\/da\/wp-json\/wp\/v2\/product\/2509","targetHints":{"allow":["GET"]}}],"collection":[{"href":"https:\/\/dekodesignsystems.com\/da\/wp-json\/wp\/v2\/product"}],"about":[{"href":"https:\/\/dekodesignsystems.com\/da\/wp-json\/wp\/v2\/types\/product"}],"wp:featuredmedia":[{"embeddable":true,"href":"https:\/\/dekodesignsystems.com\/da\/wp-json\/wp\/v2\/media\/2292"}],"wp:attachment":[{"href":"https:\/\/dekodesignsystems.com\/da\/wp-json\/wp\/v2\/media?parent=2509"}],"wp:term":[{"taxonomy":"product_brand","embeddable":true,"href":"https:\/\/dekodesignsystems.com\/da\/wp-json\/wp\/v2\/product_brand?post=2509"},{"taxonomy":"product_cat","embeddable":true,"href":"https:\/\/dekodesignsystems.com\/da\/wp-json\/wp\/v2\/product_cat?post=2509"},{"taxonomy":"product_tag","embeddable":true,"href":"https:\/\/dekodesignsystems.com\/da\/wp-json\/wp\/v2\/product_tag?post=2509"}],"curies":[{"name":"wp","href":"https:\/\/api.w.org\/{rel}","templated":true}]}}