{"id":20009,"date":"2026-04-24T13:38:52","date_gmt":"2026-04-24T13:38:52","guid":{"rendered":"https:\/\/dekodesignsystems.com\/shop\/26-27-juni-2026-deko-metaacademy-pu-designkursus-2\/"},"modified":"2026-04-24T13:43:10","modified_gmt":"2026-04-24T13:43:10","slug":"26-27-juni-2026-deko-metaacademy-pu-designkursus-2","status":"publish","type":"product","link":"https:\/\/dekodesignsystems.com\/da\/produkt\/26-27-juni-2026-deko-metaacademy-pu-designkursus-2\/","title":{"rendered":"26.-27. juni 2026 - Deko MetaAcademy\u2122 PU-designkursus"},"content":{"rendered":"<p>Begiv dig ud p\u00e5 en kreativ rejse med vores intensive 2-dages Deko Design Systems-partnerworkshop!<\/p>\n<p><strong>Tidsplan:<\/strong><\/p>\n<p>Fordyb dig i en transformerende oplevelse over to hele dage fra 09:00 til 15:00, hvor tiden vil flyve, mens du dykker ned i en verden af professionel gulvbel\u00e6gning.<\/p>\n<p><strong>Sted:<\/strong><\/p>\n<p><strong>Stuckateur Meisterbetrieb Reitsch<\/strong><br \/>\ninfo@stuck-reitsch.de<br \/>\nTlf. +49 178 4909340<br \/>\nSachsstr 24<br \/>\n50259 Pulheim Halle 8<\/p>\n<p><strong>Hvad vi tilbyder:<\/strong><\/p>\n<ul>\n<li><strong>Kulinariske l\u00e6kkerier:<\/strong> Nyd l\u00e6kre frokoster og en j\u00e6vn str\u00f8m af forfriskninger, der holder din energi h\u00f8j og dit fokus skarpt.<\/li>\n<li><strong>F\u00f8rsteklasses materialer:<\/strong> Alle de materialer af h\u00f8j kvalitet, du skal bruge, f\u00f8lger med for at sikre, at du kan g\u00e5 direkte i gang med den praktiske l\u00e6ring uden problemer.<\/li>\n<li><strong>Eksklusiv swag:<\/strong> Vis din deltagelse med stolthed i en eksklusiv Deko Design Systems t-shirt, som du kan beholde.<\/li>\n<li><strong>Ekspertvejledning:<\/strong> Vores erfarne fagfolk vil lede dig gennem vores PU resin-systemer og dele tips og teknikker, som kun insidere kender.<\/li>\n<\/ul>\n<p><strong>Dynamisk kursusoversigt:<\/strong><\/p>\n<ol>\n<li><strong>Dyk ned i vores Deko MetaFlow\u2122 PU Resin System:<\/strong> F\u00e5 ekspertviden om de formuleringer, der f\u00e5r vores produkter til at skille sig ud.<\/li>\n<li><strong>Bliv mester i gulvforberedelse:<\/strong> L\u00e6r hemmelighederne bag perfekt gulvforberedelse til et up\u00e5klagelig finish.<\/li>\n<li><strong>Beherskelse af v\u00e6rkt\u00f8jer:<\/strong> Opdag de vigtigste v\u00e6rkt\u00f8jer til et fejlfrit projekt , og hvordan du bruger dem effektivt.<\/li>\n<li><strong>Sikkerhed f\u00f8rst:<\/strong> Prioriter den personlige sikkerhed med vores omfattende retningslinjer.<\/li>\n<li><strong>Praktisk erfaring:<\/strong> Kom helt t\u00e6t p\u00e5 vores Prime, PU-Design, PU-Seal og en r\u00e6kke metallic-pigmenter.<\/li>\n<li><strong>Skabelse i f\u00e6llesskab:<\/strong> Lav et gulv i fuld skala i et team, hvor du oms\u00e6tter teori til praksis.<\/li>\n<li><strong>Personlige kreationer:<\/strong> Slip din kreativitet l\u00f8s p\u00e5 pr\u00f8veplader, og skab tre skr\u00e6ddersyede designeffekter, som du kan tage med hjem og bruge til at vise dine nye f\u00e6rdigheder.<\/li>\n<\/ol>\n<p><strong>Bare tag dig med!<\/strong><\/p>\n<p>Du beh\u00f8ver ikke at pakke noget som helst - bare tag din entusiasme og kreativitet med. Vi tager os af resten og udstyrer dig med viden og f\u00e6rdigheder til at forvandle ethvert rum med Deko Design Systems.<\/p>\n<p>Ansvarsfraskrivelse<strong>: <\/strong>Deko Design Systems p\u00e5tager sig intet ansvar for kurser, der udbydes af vores partnere. Ovenst\u00e5ende oplysninger er kun vejledende.<\/p>\n","protected":false},"excerpt":{"rendered":"<p>Tag med p\u00e5 dette todages eventyr og l\u00e6r ikke bare en ny f\u00e6rdighed, men bliv en del af et f\u00e6llesskab, der br\u00e6nder for design og ekspertise. Tilmeld dig nu, og tr\u00e6d ind i en verden af professionelle, dekorative gulve!<\/p>\n","protected":false},"featured_media":13428,"template":"","meta":{"_acf_changed":false,"_uag_custom_page_level_css":"","site-sidebar-layout":"default","site-content-layout":"","ast-site-content-layout":"default","site-content-style":"default","site-sidebar-style":"default","ast-global-header-display":"","ast-banner-title-visibility":"","ast-main-header-display":"","ast-hfb-above-header-display":"","ast-hfb-below-header-display":"","ast-hfb-mobile-header-display":"","site-post-title":"","ast-breadcrumbs-content":"","ast-featured-img":"","footer-sml-layout":"","ast-disable-related-posts":"","theme-transparent-header-meta":"default","adv-header-id-meta":"","stick-header-meta":"default","header-above-stick-meta":"","header-main-stick-meta":"","header-below-stick-meta":"","astra-migrate-meta-layouts":"set","ast-page-background-enabled":"default","ast-page-background-meta":{"desktop":{"background-color":"var(--ast-global-color-4)","background-image":"","background-repeat":"repeat","background-position":"center center","background-size":"auto","background-attachment":"scroll","background-type":"","background-media":"","overlay-type":"","overlay-color":"","overlay-opacity":"","overlay-gradient":""},"tablet":{"background-color":"","background-image":"","background-repeat":"repeat","background-position":"center center","background-size":"auto","background-attachment":"scroll","background-type":"","background-media":"","overlay-type":"","overlay-color":"","overlay-opacity":"","overlay-gradient":""},"mobile":{"background-color":"","background-image":"","background-repeat":"repeat","background-position":"center center","background-size":"auto","background-attachment":"scroll","background-type":"","background-media":"","overlay-type":"","overlay-color":"","overlay-opacity":"","overlay-gradient":""}},"ast-content-background-meta":{"desktop":{"background-color":"var(--ast-global-color-5)","background-image":"","background-repeat":"repeat","background-position":"center center","background-size":"auto","background-attachment":"scroll","background-type":"","background-media":"","overlay-type":"","overlay-color":"","overlay-opacity":"","overlay-gradient":""},"tablet":{"background-color":"var(--ast-global-color-5)","background-image":"","background-repeat":"repeat","background-position":"center center","background-size":"auto","background-attachment":"scroll","background-type":"","background-media":"","overlay-type":"","overlay-color":"","overlay-opacity":"","overlay-gradient":""},"mobile":{"background-color":"var(--ast-global-color-5)","background-image":"","background-repeat":"repeat","background-position":"center center","background-size":"auto","background-attachment":"scroll","background-type":"","background-media":"","overlay-type":"","overlay-color":"","overlay-opacity":"","overlay-gradient":""}}},"product_brand":[],"product_cat":[49],"product_tag":[],"class_list":{"0":"post-20009","1":"product","2":"type-product","3":"status-publish","4":"has-post-thumbnail","6":"product_cat-kurser","7":"desktop-align-center","8":"tablet-align-left","9":"mobile-align-left","10":"ast-product-gallery-layout-horizontal-slider","11":"ast-magnify-disabled","12":"ast-product-tabs-layout-accordion","14":"first","15":"instock","16":"taxable","17":"shipping-taxable","18":"purchasable","19":"product-type-simple"},"acf":[],"yoast_head":"<!-- This site is optimized with the Yoast SEO plugin v26.9 - https:\/\/yoast.com\/product\/yoast-seo-wordpress\/ -->\n<title>26.-27. juni 2026 - Deko MetaAcademy\u2122 PU-designkursus | Deko Design Systems<\/title>\n<meta name=\"robots\" content=\"index, follow, max-snippet:-1, max-image-preview:large, max-video-preview:-1\" \/>\n<link rel=\"canonical\" href=\"https:\/\/dekodesignsystems.com\/da\/produkt\/26-27-juni-2026-deko-metaacademy-pu-designkursus-2\/\" \/>\n<meta property=\"og:locale\" content=\"da_DK\" \/>\n<meta property=\"og:type\" content=\"article\" \/>\n<meta property=\"og:title\" content=\"26.-27. juni 2026 - Deko MetaAcademy\u2122 PU-designkursus | Deko Design Systems\" \/>\n<meta property=\"og:description\" content=\"Tag med p\u00e5 dette todages eventyr og l\u00e6r ikke bare en ny f\u00e6rdighed, men bliv en del af et f\u00e6llesskab, der br\u00e6nder for design og ekspertise. Tilmeld dig nu, og tr\u00e6d ind i en verden af professionelle, dekorative gulve!\" \/>\n<meta property=\"og:url\" content=\"https:\/\/dekodesignsystems.com\/da\/produkt\/26-27-juni-2026-deko-metaacademy-pu-designkursus-2\/\" \/>\n<meta property=\"og:site_name\" content=\"Deko Design Systems\" \/>\n<meta property=\"article:modified_time\" content=\"2026-04-24T13:43:10+00:00\" \/>\n<meta property=\"og:image\" content=\"https:\/\/dekodesignsystems.com\/wp-content\/uploads\/2025\/01\/DE-courses-scaled.jpg\" \/>\n\t<meta property=\"og:image:width\" content=\"2560\" \/>\n\t<meta property=\"og:image:height\" content=\"2560\" \/>\n\t<meta property=\"og:image:type\" content=\"image\/jpeg\" \/>\n<meta name=\"twitter:card\" content=\"summary_large_image\" \/>\n<meta name=\"twitter:label1\" content=\"Estimeret l\u00e6setid\" \/>\n\t<meta name=\"twitter:data1\" content=\"2 minut\" \/>\n<script type=\"application\/ld+json\" class=\"yoast-schema-graph\">{\"@context\":\"https:\/\/schema.org\",\"@graph\":[{\"@type\":\"WebPage\",\"@id\":\"https:\/\/dekodesignsystems.com\/da\/produkt\/26-27-juni-2026-deko-metaacademy-pu-designkursus-2\/\",\"url\":\"https:\/\/dekodesignsystems.com\/da\/produkt\/26-27-juni-2026-deko-metaacademy-pu-designkursus-2\/\",\"name\":\"26.-27. juni 2026 - Deko MetaAcademy\u2122 PU-designkursus | Deko Design Systems\",\"isPartOf\":{\"@id\":\"https:\/\/dekodesignsystems.com\/da\/#website\"},\"primaryImageOfPage\":{\"@id\":\"https:\/\/dekodesignsystems.com\/da\/produkt\/26-27-juni-2026-deko-metaacademy-pu-designkursus-2\/#primaryimage\"},\"image\":{\"@id\":\"https:\/\/dekodesignsystems.com\/da\/produkt\/26-27-juni-2026-deko-metaacademy-pu-designkursus-2\/#primaryimage\"},\"thumbnailUrl\":\"https:\/\/dekodesignsystems.com\/wp-content\/uploads\/2025\/01\/DE-courses-scaled.jpg\",\"datePublished\":\"2026-04-24T13:38:52+00:00\",\"dateModified\":\"2026-04-24T13:43:10+00:00\",\"breadcrumb\":{\"@id\":\"https:\/\/dekodesignsystems.com\/da\/produkt\/26-27-juni-2026-deko-metaacademy-pu-designkursus-2\/#breadcrumb\"},\"inLanguage\":\"da-DK\",\"potentialAction\":[{\"@type\":\"ReadAction\",\"target\":[\"https:\/\/dekodesignsystems.com\/da\/produkt\/26-27-juni-2026-deko-metaacademy-pu-designkursus-2\/\"]}]},{\"@type\":\"ImageObject\",\"inLanguage\":\"da-DK\",\"@id\":\"https:\/\/dekodesignsystems.com\/da\/produkt\/26-27-juni-2026-deko-metaacademy-pu-designkursus-2\/#primaryimage\",\"url\":\"https:\/\/dekodesignsystems.com\/wp-content\/uploads\/2025\/01\/DE-courses-scaled.jpg\",\"contentUrl\":\"https:\/\/dekodesignsystems.com\/wp-content\/uploads\/2025\/01\/DE-courses-scaled.jpg\",\"width\":2560,\"height\":2560},{\"@type\":\"BreadcrumbList\",\"@id\":\"https:\/\/dekodesignsystems.com\/da\/produkt\/26-27-juni-2026-deko-metaacademy-pu-designkursus-2\/#breadcrumb\",\"itemListElement\":[{\"@type\":\"ListItem\",\"position\":1,\"name\":\"Hjem\",\"item\":\"https:\/\/dekodesignsystems.com\/da\/\"},{\"@type\":\"ListItem\",\"position\":2,\"name\":\"Shop\",\"item\":\"https:\/\/dekodesignsystems.com\/da\/butik\/\"},{\"@type\":\"ListItem\",\"position\":3,\"name\":\"26.-27. juni 2026 &#8211; Deko MetaAcademy\u2122 PU-designkursus\"}]},{\"@type\":\"WebSite\",\"@id\":\"https:\/\/dekodesignsystems.com\/da\/#website\",\"url\":\"https:\/\/dekodesignsystems.com\/da\/\",\"name\":\"Deko Design Systems\",\"description\":\"\",\"publisher\":{\"@id\":\"https:\/\/dekodesignsystems.com\/da\/#organization\"},\"potentialAction\":[{\"@type\":\"SearchAction\",\"target\":{\"@type\":\"EntryPoint\",\"urlTemplate\":\"https:\/\/dekodesignsystems.com\/da\/?s={search_term_string}\"},\"query-input\":{\"@type\":\"PropertyValueSpecification\",\"valueRequired\":true,\"valueName\":\"search_term_string\"}}],\"inLanguage\":\"da-DK\"},{\"@type\":\"Organization\",\"@id\":\"https:\/\/dekodesignsystems.com\/da\/#organization\",\"name\":\"Deko Design Systems ApS\",\"url\":\"https:\/\/dekodesignsystems.com\/da\/\",\"logo\":{\"@type\":\"ImageObject\",\"inLanguage\":\"da-DK\",\"@id\":\"https:\/\/dekodesignsystems.com\/da\/#\/schema\/logo\/image\/\",\"url\":\"https:\/\/dekodesignsystems.com\/wp-content\/uploads\/2024\/02\/Deko-design-systems.svg\",\"contentUrl\":\"https:\/\/dekodesignsystems.com\/wp-content\/uploads\/2024\/02\/Deko-design-systems.svg\",\"width\":231,\"height\":102,\"caption\":\"Deko Design Systems ApS\"},\"image\":{\"@id\":\"https:\/\/dekodesignsystems.com\/da\/#\/schema\/logo\/image\/\"}}]}<\/script>\n<!-- \/ Yoast SEO plugin. -->","yoast_head_json":{"title":"26.-27. juni 2026 - Deko MetaAcademy\u2122 PU-designkursus | Deko Design Systems","robots":{"index":"index","follow":"follow","max-snippet":"max-snippet:-1","max-image-preview":"max-image-preview:large","max-video-preview":"max-video-preview:-1"},"canonical":"https:\/\/dekodesignsystems.com\/da\/produkt\/26-27-juni-2026-deko-metaacademy-pu-designkursus-2\/","og_locale":"da_DK","og_type":"article","og_title":"26.-27. juni 2026 - Deko MetaAcademy\u2122 PU-designkursus | Deko Design Systems","og_description":"Tag med p\u00e5 dette todages eventyr og l\u00e6r ikke bare en ny f\u00e6rdighed, men bliv en del af et f\u00e6llesskab, der br\u00e6nder for design og ekspertise. Tilmeld dig nu, og tr\u00e6d ind i en verden af professionelle, dekorative gulve!","og_url":"https:\/\/dekodesignsystems.com\/da\/produkt\/26-27-juni-2026-deko-metaacademy-pu-designkursus-2\/","og_site_name":"Deko Design Systems","article_modified_time":"2026-04-24T13:43:10+00:00","og_image":[{"width":2560,"height":2560,"url":"https:\/\/dekodesignsystems.com\/wp-content\/uploads\/2025\/01\/DE-courses-scaled.jpg","type":"image\/jpeg"}],"twitter_card":"summary_large_image","twitter_misc":{"Estimeret l\u00e6setid":"2 minut"},"schema":{"@context":"https:\/\/schema.org","@graph":[{"@type":"WebPage","@id":"https:\/\/dekodesignsystems.com\/da\/produkt\/26-27-juni-2026-deko-metaacademy-pu-designkursus-2\/","url":"https:\/\/dekodesignsystems.com\/da\/produkt\/26-27-juni-2026-deko-metaacademy-pu-designkursus-2\/","name":"26.-27. juni 2026 - Deko MetaAcademy\u2122 PU-designkursus | Deko Design Systems","isPartOf":{"@id":"https:\/\/dekodesignsystems.com\/da\/#website"},"primaryImageOfPage":{"@id":"https:\/\/dekodesignsystems.com\/da\/produkt\/26-27-juni-2026-deko-metaacademy-pu-designkursus-2\/#primaryimage"},"image":{"@id":"https:\/\/dekodesignsystems.com\/da\/produkt\/26-27-juni-2026-deko-metaacademy-pu-designkursus-2\/#primaryimage"},"thumbnailUrl":"https:\/\/dekodesignsystems.com\/wp-content\/uploads\/2025\/01\/DE-courses-scaled.jpg","datePublished":"2026-04-24T13:38:52+00:00","dateModified":"2026-04-24T13:43:10+00:00","breadcrumb":{"@id":"https:\/\/dekodesignsystems.com\/da\/produkt\/26-27-juni-2026-deko-metaacademy-pu-designkursus-2\/#breadcrumb"},"inLanguage":"da-DK","potentialAction":[{"@type":"ReadAction","target":["https:\/\/dekodesignsystems.com\/da\/produkt\/26-27-juni-2026-deko-metaacademy-pu-designkursus-2\/"]}]},{"@type":"ImageObject","inLanguage":"da-DK","@id":"https:\/\/dekodesignsystems.com\/da\/produkt\/26-27-juni-2026-deko-metaacademy-pu-designkursus-2\/#primaryimage","url":"https:\/\/dekodesignsystems.com\/wp-content\/uploads\/2025\/01\/DE-courses-scaled.jpg","contentUrl":"https:\/\/dekodesignsystems.com\/wp-content\/uploads\/2025\/01\/DE-courses-scaled.jpg","width":2560,"height":2560},{"@type":"BreadcrumbList","@id":"https:\/\/dekodesignsystems.com\/da\/produkt\/26-27-juni-2026-deko-metaacademy-pu-designkursus-2\/#breadcrumb","itemListElement":[{"@type":"ListItem","position":1,"name":"Hjem","item":"https:\/\/dekodesignsystems.com\/da\/"},{"@type":"ListItem","position":2,"name":"Shop","item":"https:\/\/dekodesignsystems.com\/da\/butik\/"},{"@type":"ListItem","position":3,"name":"26.-27. juni 2026 &#8211; Deko MetaAcademy\u2122 PU-designkursus"}]},{"@type":"WebSite","@id":"https:\/\/dekodesignsystems.com\/da\/#website","url":"https:\/\/dekodesignsystems.com\/da\/","name":"Deko Design Systems","description":"","publisher":{"@id":"https:\/\/dekodesignsystems.com\/da\/#organization"},"potentialAction":[{"@type":"SearchAction","target":{"@type":"EntryPoint","urlTemplate":"https:\/\/dekodesignsystems.com\/da\/?s={search_term_string}"},"query-input":{"@type":"PropertyValueSpecification","valueRequired":true,"valueName":"search_term_string"}}],"inLanguage":"da-DK"},{"@type":"Organization","@id":"https:\/\/dekodesignsystems.com\/da\/#organization","name":"Deko Design Systems ApS","url":"https:\/\/dekodesignsystems.com\/da\/","logo":{"@type":"ImageObject","inLanguage":"da-DK","@id":"https:\/\/dekodesignsystems.com\/da\/#\/schema\/logo\/image\/","url":"https:\/\/dekodesignsystems.com\/wp-content\/uploads\/2024\/02\/Deko-design-systems.svg","contentUrl":"https:\/\/dekodesignsystems.com\/wp-content\/uploads\/2024\/02\/Deko-design-systems.svg","width":231,"height":102,"caption":"Deko Design Systems ApS"},"image":{"@id":"https:\/\/dekodesignsystems.com\/da\/#\/schema\/logo\/image\/"}}]}},"spectra_custom_meta":{"_uagb_previous_block_counts":["a:90:{s:21:\"uagb\/advanced-heading\";i:0;s:15:\"uagb\/blockquote\";i:0;s:12:\"uagb\/buttons\";i:0;s:18:\"uagb\/buttons-child\";i:0;s:19:\"uagb\/call-to-action\";i:0;s:15:\"uagb\/cf7-styler\";i:0;s:11:\"uagb\/column\";i:0;s:12:\"uagb\/columns\";i:0;s:14:\"uagb\/container\";i:0;s:21:\"uagb\/content-timeline\";i:0;s:27:\"uagb\/content-timeline-child\";i:0;s:14:\"uagb\/countdown\";i:0;s:12:\"uagb\/counter\";i:0;s:8:\"uagb\/faq\";i:0;s:14:\"uagb\/faq-child\";i:0;s:10:\"uagb\/forms\";i:0;s:17:\"uagb\/forms-accept\";i:0;s:19:\"uagb\/forms-checkbox\";i:0;s:15:\"uagb\/forms-date\";i:0;s:16:\"uagb\/forms-email\";i:0;s:17:\"uagb\/forms-hidden\";i:0;s:15:\"uagb\/forms-name\";i:0;s:16:\"uagb\/forms-phone\";i:0;s:16:\"uagb\/forms-radio\";i:0;s:17:\"uagb\/forms-select\";i:0;s:19:\"uagb\/forms-textarea\";i:0;s:17:\"uagb\/forms-toggle\";i:0;s:14:\"uagb\/forms-url\";i:0;s:14:\"uagb\/gf-styler\";i:0;s:15:\"uagb\/google-map\";i:0;s:11:\"uagb\/how-to\";i:0;s:16:\"uagb\/how-to-step\";i:0;s:9:\"uagb\/icon\";i:0;s:14:\"uagb\/icon-list\";i:0;s:20:\"uagb\/icon-list-child\";i:0;s:10:\"uagb\/image\";i:0;s:18:\"uagb\/image-gallery\";i:0;s:13:\"uagb\/info-box\";i:0;s:18:\"uagb\/inline-notice\";i:0;s:11:\"uagb\/lottie\";i:0;s:21:\"uagb\/marketing-button\";i:0;s:10:\"uagb\/modal\";i:0;s:18:\"uagb\/popup-builder\";i:0;s:16:\"uagb\/post-button\";i:0;s:18:\"uagb\/post-carousel\";i:0;s:17:\"uagb\/post-excerpt\";i:0;s:14:\"uagb\/post-grid\";i:0;s:15:\"uagb\/post-image\";i:0;s:17:\"uagb\/post-masonry\";i:0;s:14:\"uagb\/post-meta\";i:0;s:18:\"uagb\/post-taxonomy\";i:0;s:18:\"uagb\/post-timeline\";i:0;s:15:\"uagb\/post-title\";i:0;s:20:\"uagb\/restaurant-menu\";i:0;s:26:\"uagb\/restaurant-menu-child\";i:0;s:11:\"uagb\/review\";i:0;s:12:\"uagb\/section\";i:0;s:14:\"uagb\/separator\";i:0;s:11:\"uagb\/slider\";i:0;s:17:\"uagb\/slider-child\";i:0;s:17:\"uagb\/social-share\";i:0;s:23:\"uagb\/social-share-child\";i:0;s:16:\"uagb\/star-rating\";i:0;s:23:\"uagb\/sure-cart-checkout\";i:0;s:22:\"uagb\/sure-cart-product\";i:0;s:15:\"uagb\/sure-forms\";i:0;s:22:\"uagb\/table-of-contents\";i:0;s:9:\"uagb\/tabs\";i:0;s:15:\"uagb\/tabs-child\";i:0;s:18:\"uagb\/taxonomy-list\";i:0;s:9:\"uagb\/team\";i:0;s:16:\"uagb\/testimonial\";i:0;s:14:\"uagb\/wp-search\";i:0;s:19:\"uagb\/instagram-feed\";i:0;s:10:\"uagb\/login\";i:0;s:17:\"uagb\/loop-builder\";i:0;s:18:\"uagb\/loop-category\";i:0;s:20:\"uagb\/loop-pagination\";i:0;s:15:\"uagb\/loop-reset\";i:0;s:16:\"uagb\/loop-search\";i:0;s:14:\"uagb\/loop-sort\";i:0;s:17:\"uagb\/loop-wrapper\";i:0;s:13:\"uagb\/register\";i:0;s:19:\"uagb\/register-email\";i:0;s:24:\"uagb\/register-first-name\";i:0;s:23:\"uagb\/register-last-name\";i:0;s:22:\"uagb\/register-password\";i:0;s:30:\"uagb\/register-reenter-password\";i:0;s:19:\"uagb\/register-terms\";i:0;s:22:\"uagb\/register-username\";i:0;}"],"_backorders":["no"],"_download_limit":["-1"],"_download_expiry":["-1"],"_downloadable":["no"],"_manage_stock":["no"],"_stock_status":["instock"],"_sold_individually":["no"],"_tax_class":[""],"_tax_status":["taxable"],"_virtual":["no"],"total_sales":["0"],"_regular_price":[830],"_price":[830],"stick-header-meta":["default"],"site-sidebar-layout":["default"],"theme-transparent-header-meta":["default"],"ast-site-content-layout":["default"],"site-content-style":["default"],"site-sidebar-style":["default"],"_crosssell_ids":["a:1:{i:0;i:1554;}"],"_thumbnail_id":["13428"],"_last_translation_edit_mode":["native-editor"],"_wpml_word_count":["409"],"_edit_lock":["1777038055:4"],"_edit_last":["4"],"_is_partner_course":["no"],"_partner_name":[""],"_partner_phone":[""],"_partner_email":[""],"_product_location_label":[""],"_wcml_average_rating":[null],"_wcml_review_count":[null],"_wcml_rating_count":[null],"_stock":[null],"_wc_average_rating":[0],"_wc_review_count":["0"],"_product_version":["10.4.4"],"the_grid_item_custom_link_target":["_self"],"the_grid_item_col":["1"],"the_grid_item_row":["1"],"the_grid_item_content_color":["dark"],"the_grid_item_overlay_color":["light"],"the_grid_item_video_ratio":["4:3"],"the_grid_item_youtube_ratio":["4:3"],"the_grid_item_vimeo_ratio":["4:3"],"the_grid_item_wistia_ratio":["4:3"],"astra-migrate-meta-layouts":["set"],"_product_image_gallery":["11407,11403,10098,11425,19320,19781"],"_yoast_wpseo_primary_product_brand":[""],"_yoast_wpseo_content_score":["60"],"_yoast_wpseo_estimated-reading-time-minutes":["2"],"_uag_page_assets":["a:9:{s:3:\"css\";s:0:\"\";s:2:\"js\";s:0:\"\";s:18:\"current_block_list\";a:19:{i:0;s:11:\"core\/search\";i:1;s:10:\"core\/group\";i:2;s:12:\"core\/heading\";i:3;s:17:\"core\/latest-posts\";i:4;s:20:\"core\/latest-comments\";i:5;s:13:\"core\/archives\";i:6;s:15:\"core\/categories\";i:7;s:10:\"core\/image\";i:8;s:14:\"core\/paragraph\";i:9;s:17:\"core\/social-links\";i:10;s:28:\"woocommerce\/customer-account\";i:11;s:12:\"core\/columns\";i:12;s:11:\"core\/column\";i:13;s:12:\"core\/buttons\";i:14;s:11:\"core\/button\";i:18;s:16:\"core\/social-link\";i:19;s:17:\"safe-svg\/svg-icon\";i:20;s:12:\"core\/gallery\";i:21;s:11:\"core\/spacer\";}s:8:\"uag_flag\";b:0;s:11:\"uag_version\";i:1778053738;s:6:\"gfonts\";a:0:{}s:10:\"gfonts_url\";s:0:\"\";s:12:\"gfonts_files\";a:0:{}s:14:\"uag_faq_layout\";b:0;}"],"_yoast_wpseo_primary_product_cat":["20"],"_max_variation_price":[""],"_max_variation_regular_price":[""],"_max_variation_sale_price":[""],"_min_variation_price":[""],"_min_variation_regular_price":[""],"_min_variation_sale_price":[""],"_sale_price":[""],"_wc_rating_count":[""]},"uagb_featured_image_src":{"full":["https:\/\/dekodesignsystems.com\/wp-content\/uploads\/2025\/01\/DE-courses-scaled.jpg",2560,2560,false],"thumbnail":["https:\/\/dekodesignsystems.com\/wp-content\/uploads\/2025\/01\/DE-courses-150x150.jpg",150,150,true],"medium":["https:\/\/dekodesignsystems.com\/wp-content\/uploads\/2025\/01\/DE-courses-300x300.jpg",300,300,true],"medium_large":["https:\/\/dekodesignsystems.com\/wp-content\/uploads\/2025\/01\/DE-courses-768x768.jpg",768,768,true],"large":["https:\/\/dekodesignsystems.com\/wp-content\/uploads\/2025\/01\/DE-courses-1024x1024.jpg",1024,1024,true],"1536x1536":["https:\/\/dekodesignsystems.com\/wp-content\/uploads\/2025\/01\/DE-courses-1536x1536.jpg",1536,1536,true],"2048x2048":["https:\/\/dekodesignsystems.com\/wp-content\/uploads\/2025\/01\/DE-courses-2048x2048.jpg",2048,2048,true],"the_grid_size1":["https:\/\/dekodesignsystems.com\/wp-content\/uploads\/2025\/01\/DE-courses-500x500.jpg",500,500,true],"the_grid_size2":["https:\/\/dekodesignsystems.com\/wp-content\/uploads\/2025\/01\/DE-courses-500x1000.jpg",500,1000,true],"the_grid_size3":["https:\/\/dekodesignsystems.com\/wp-content\/uploads\/2025\/01\/DE-courses-1000x500.jpg",1000,500,true],"the_grid_size4":["https:\/\/dekodesignsystems.com\/wp-content\/uploads\/2025\/01\/DE-courses-1000x1000.jpg",1000,1000,true],"the_grid_size5":["https:\/\/dekodesignsystems.com\/wp-content\/uploads\/2025\/01\/DE-courses-500x500.jpg",500,500,true],"woocommerce_thumbnail":["https:\/\/dekodesignsystems.com\/wp-content\/uploads\/2025\/01\/DE-courses-1000x1000.jpg",1000,1000,true],"woocommerce_single":["https:\/\/dekodesignsystems.com\/wp-content\/uploads\/2025\/01\/DE-courses-2000x2000.jpg",2000,2000,true],"woocommerce_gallery_thumbnail":["https:\/\/dekodesignsystems.com\/wp-content\/uploads\/2025\/01\/DE-courses-400x400.jpg",400,400,true]},"uagb_author_info":{"display_name":"Shermine","author_link":"https:\/\/dekodesignsystems.com\/da\/author\/"},"uagb_comment_info":0,"uagb_excerpt":"Tag med p\u00e5 dette todages eventyr og l\u00e6r ikke bare en ny f\u00e6rdighed, men bliv en del af et f\u00e6llesskab, der br\u00e6nder for design og ekspertise. Tilmeld dig nu, og tr\u00e6d ind i en verden af professionelle, dekorative gulve!","jetpack_sharing_enabled":true,"_links":{"self":[{"href":"https:\/\/dekodesignsystems.com\/da\/wp-json\/wp\/v2\/product\/20009","targetHints":{"allow":["GET"]}}],"collection":[{"href":"https:\/\/dekodesignsystems.com\/da\/wp-json\/wp\/v2\/product"}],"about":[{"href":"https:\/\/dekodesignsystems.com\/da\/wp-json\/wp\/v2\/types\/product"}],"wp:featuredmedia":[{"embeddable":true,"href":"https:\/\/dekodesignsystems.com\/da\/wp-json\/wp\/v2\/media\/13428"}],"wp:attachment":[{"href":"https:\/\/dekodesignsystems.com\/da\/wp-json\/wp\/v2\/media?parent=20009"}],"wp:term":[{"taxonomy":"product_brand","embeddable":true,"href":"https:\/\/dekodesignsystems.com\/da\/wp-json\/wp\/v2\/product_brand?post=20009"},{"taxonomy":"product_cat","embeddable":true,"href":"https:\/\/dekodesignsystems.com\/da\/wp-json\/wp\/v2\/product_cat?post=20009"},{"taxonomy":"product_tag","embeddable":true,"href":"https:\/\/dekodesignsystems.com\/da\/wp-json\/wp\/v2\/product_tag?post=20009"}],"curies":[{"name":"wp","href":"https:\/\/api.w.org\/{rel}","templated":true}]}}