{"id":4203,"date":"2024-05-24T07:09:35","date_gmt":"2024-05-24T07:09:35","guid":{"rendered":"https:\/\/dekodesignsystems.com\/shop\/deko-hoodie-grau\/"},"modified":"2026-01-14T14:43:54","modified_gmt":"2026-01-14T14:43:54","slug":"deko-hoodie-grau","status":"publish","type":"product","link":"https:\/\/dekodesignsystems.com\/at\/shop\/deko-hoodie-grau\/","title":{"rendered":"Deko Hoodie Grey"},"content":{"rendered":"<p>Machen Sie sich bereit, Ihren Stil mit unserem exklusiven Deko Design Systems Kapuzenpullover zu verbessern! Dieser coole, graue Kapuzenpullover ist die perfekte Mischung aus Komfort und Streetwear-Chic. Er h\u00e4lt Sie kuschelig warm und setzt gleichzeitig ein mutiges Statement. Das auff\u00e4llige blaue Logo und die auff\u00e4lligen Verzierungen heben sich von dem k\u00fchlen grauen Stoff ab und sorgen daf\u00fcr, dass Sie sich von der Masse abheben. Dieser Kapuzenpulli wurde aus hochwertigen Materialien gefertigt und ist so langlebig wie die B\u00f6den, die wir herstellen. Egal, ob Sie beruflich oder privat unterwegs sind, mit diesem unverzichtbaren Kleidungsst\u00fcck repr\u00e4sentieren Sie Ihre bevorzugte Bodenbelagsmarke mit Stil!<\/p>\n","protected":false},"excerpt":{"rendered":"<p>Der graue Kapuzenpullover mit dem Logo von Deko Design Systems auf der Vorderseite und dem Design auf der R\u00fcckseite ist die perfekte Mischung aus Komfort und Streetwear-Chic. Er h\u00e4lt Sie kuschelig warm und setzt gleichzeitig ein mutiges Statement. Egal, ob Sie beruflich oder privat unterwegs sind, mit diesem unverzichtbaren Kleidungsst\u00fcck repr\u00e4sentieren Sie Ihre bevorzugte Bodenbelagsmarke mit Stil!<\/p>\n","protected":false},"featured_media":4508,"template":"","meta":{"_acf_changed":false,"_uag_custom_page_level_css":"","site-sidebar-layout":"default","site-content-layout":"","ast-site-content-layout":"default","site-content-style":"default","site-sidebar-style":"default","ast-global-header-display":"","ast-banner-title-visibility":"","ast-main-header-display":"","ast-hfb-above-header-display":"","ast-hfb-below-header-display":"","ast-hfb-mobile-header-display":"","site-post-title":"","ast-breadcrumbs-content":"","ast-featured-img":"","footer-sml-layout":"","ast-disable-related-posts":"","theme-transparent-header-meta":"default","adv-header-id-meta":"","stick-header-meta":"default","header-above-stick-meta":"","header-main-stick-meta":"","header-below-stick-meta":"","astra-migrate-meta-layouts":"set","ast-page-background-enabled":"default","ast-page-background-meta":{"desktop":{"background-color":"var(--ast-global-color-4)","background-image":"","background-repeat":"repeat","background-position":"center center","background-size":"auto","background-attachment":"scroll","background-type":"","background-media":"","overlay-type":"","overlay-color":"","overlay-opacity":"","overlay-gradient":""},"tablet":{"background-color":"","background-image":"","background-repeat":"repeat","background-position":"center center","background-size":"auto","background-attachment":"scroll","background-type":"","background-media":"","overlay-type":"","overlay-color":"","overlay-opacity":"","overlay-gradient":""},"mobile":{"background-color":"","background-image":"","background-repeat":"repeat","background-position":"center center","background-size":"auto","background-attachment":"scroll","background-type":"","background-media":"","overlay-type":"","overlay-color":"","overlay-opacity":"","overlay-gradient":""}},"ast-content-background-meta":{"desktop":{"background-color":"var(--ast-global-color-5)","background-image":"","background-repeat":"repeat","background-position":"center center","background-size":"auto","background-attachment":"scroll","background-type":"","background-media":"","overlay-type":"","overlay-color":"","overlay-opacity":"","overlay-gradient":""},"tablet":{"background-color":"var(--ast-global-color-5)","background-image":"","background-repeat":"repeat","background-position":"center center","background-size":"auto","background-attachment":"scroll","background-type":"","background-media":"","overlay-type":"","overlay-color":"","overlay-opacity":"","overlay-gradient":""},"mobile":{"background-color":"var(--ast-global-color-5)","background-image":"","background-repeat":"repeat","background-position":"center center","background-size":"auto","background-attachment":"scroll","background-type":"","background-media":"","overlay-type":"","overlay-color":"","overlay-opacity":"","overlay-gradient":""}}},"product_brand":[],"product_cat":[124],"product_tag":[],"class_list":{"0":"post-4203","1":"product","2":"type-product","3":"status-publish","4":"has-post-thumbnail","6":"product_cat-handelswaren","7":"desktop-align-center","8":"tablet-align-left","9":"mobile-align-left","10":"ast-product-gallery-layout-horizontal-slider","11":"ast-magnify-disabled","12":"ast-product-single-variable","13":"ast-product-tabs-layout-accordion","15":"first","16":"instock","17":"taxable","18":"shipping-taxable","19":"purchasable","20":"product-type-variable","21":"has-default-attributes"},"acf":[],"yoast_head":"<!-- This site is optimized with the Yoast SEO plugin v26.9 - https:\/\/yoast.com\/product\/yoast-seo-wordpress\/ -->\n<title>Deko Hoodie Grey | Deko Design Systems<\/title>\n<meta name=\"description\" content=\"Erh\u00f6hen Sie Ihren Stil mit unserem coolen grauen Kapuzenpullover mit dem Logo von Deko Design Systems. Die perfekte Mischung aus Komfort und Streetwear-Chic, die Ihre Lieblingsmarke f\u00fcr Polyurethan-Bodenbel\u00e4ge pr\u00e4sentiert. Langlebig, stilvoll und ein Muss f\u00fcr jede Garderobe!\" \/>\n<meta name=\"robots\" content=\"index, follow, max-snippet:-1, max-image-preview:large, max-video-preview:-1\" \/>\n<link rel=\"canonical\" href=\"https:\/\/dekodesignsystems.com\/at\/shop\/deko-hoodie-grau\/\" \/>\n<meta property=\"og:locale\" content=\"de_DE\" \/>\n<meta property=\"og:type\" content=\"article\" \/>\n<meta property=\"og:title\" content=\"Deko Hoodie Grey | Deko Design Systems\" \/>\n<meta property=\"og:description\" content=\"Erh\u00f6hen Sie Ihren Stil mit unserem coolen grauen Kapuzenpullover mit dem Logo von Deko Design Systems. Die perfekte Mischung aus Komfort und Streetwear-Chic, die Ihre Lieblingsmarke f\u00fcr Polyurethan-Bodenbel\u00e4ge pr\u00e4sentiert. Langlebig, stilvoll und ein Muss f\u00fcr jede Garderobe!\" \/>\n<meta property=\"og:url\" content=\"https:\/\/dekodesignsystems.com\/at\/shop\/deko-hoodie-grau\/\" \/>\n<meta property=\"og:site_name\" content=\"Deko Design Systems\" \/>\n<meta property=\"article:modified_time\" content=\"2026-01-14T14:43:54+00:00\" \/>\n<meta property=\"og:image\" content=\"https:\/\/dekodesignsystems.com\/wp-content\/uploads\/2024\/05\/Hoody-grey-scaled.jpg\" \/>\n\t<meta property=\"og:image:width\" content=\"2560\" \/>\n\t<meta property=\"og:image:height\" content=\"2560\" \/>\n\t<meta property=\"og:image:type\" content=\"image\/jpeg\" \/>\n<meta name=\"twitter:card\" content=\"summary_large_image\" \/>\n<meta name=\"twitter:label1\" content=\"Gesch\u00e4tzte Lesezeit\" \/>\n\t<meta name=\"twitter:data1\" content=\"1 Minute\" \/>\n<script type=\"application\/ld+json\" class=\"yoast-schema-graph\">{\"@context\":\"https:\/\/schema.org\",\"@graph\":[{\"@type\":\"WebPage\",\"@id\":\"https:\/\/dekodesignsystems.com\/at\/shop\/deko-hoodie-grau\/\",\"url\":\"https:\/\/dekodesignsystems.com\/at\/shop\/deko-hoodie-grau\/\",\"name\":\"Deko Hoodie Grey | Deko Design Systems\",\"isPartOf\":{\"@id\":\"https:\/\/dekodesignsystems.com\/at\/#website\"},\"primaryImageOfPage\":{\"@id\":\"https:\/\/dekodesignsystems.com\/at\/shop\/deko-hoodie-grau\/#primaryimage\"},\"image\":{\"@id\":\"https:\/\/dekodesignsystems.com\/at\/shop\/deko-hoodie-grau\/#primaryimage\"},\"thumbnailUrl\":\"https:\/\/dekodesignsystems.com\/wp-content\/uploads\/2024\/05\/Hoody-grey-scaled.jpg\",\"datePublished\":\"2024-05-24T07:09:35+00:00\",\"dateModified\":\"2026-01-14T14:43:54+00:00\",\"description\":\"Erh\u00f6hen Sie Ihren Stil mit unserem coolen grauen Kapuzenpullover mit dem Logo von Deko Design Systems. Die perfekte Mischung aus Komfort und Streetwear-Chic, die Ihre Lieblingsmarke f\u00fcr Polyurethan-Bodenbel\u00e4ge pr\u00e4sentiert. Langlebig, stilvoll und ein Muss f\u00fcr jede Garderobe!\",\"breadcrumb\":{\"@id\":\"https:\/\/dekodesignsystems.com\/at\/shop\/deko-hoodie-grau\/#breadcrumb\"},\"inLanguage\":\"de-AT\",\"potentialAction\":[{\"@type\":\"ReadAction\",\"target\":[\"https:\/\/dekodesignsystems.com\/at\/shop\/deko-hoodie-grau\/\"]}]},{\"@type\":\"ImageObject\",\"inLanguage\":\"de-AT\",\"@id\":\"https:\/\/dekodesignsystems.com\/at\/shop\/deko-hoodie-grau\/#primaryimage\",\"url\":\"https:\/\/dekodesignsystems.com\/wp-content\/uploads\/2024\/05\/Hoody-grey-scaled.jpg\",\"contentUrl\":\"https:\/\/dekodesignsystems.com\/wp-content\/uploads\/2024\/05\/Hoody-grey-scaled.jpg\",\"width\":2560,\"height\":2560},{\"@type\":\"BreadcrumbList\",\"@id\":\"https:\/\/dekodesignsystems.com\/at\/shop\/deko-hoodie-grau\/#breadcrumb\",\"itemListElement\":[{\"@type\":\"ListItem\",\"position\":1,\"name\":\"Startseite\",\"item\":\"https:\/\/dekodesignsystems.com\/at\/\"},{\"@type\":\"ListItem\",\"position\":2,\"name\":\"Shop\",\"item\":\"https:\/\/dekodesignsystems.com\/at\/shop\/\"},{\"@type\":\"ListItem\",\"position\":3,\"name\":\"Deko Hoodie Grey\"}]},{\"@type\":\"WebSite\",\"@id\":\"https:\/\/dekodesignsystems.com\/at\/#website\",\"url\":\"https:\/\/dekodesignsystems.com\/at\/\",\"name\":\"Deko Design Systems\",\"description\":\"\",\"publisher\":{\"@id\":\"https:\/\/dekodesignsystems.com\/at\/#organization\"},\"potentialAction\":[{\"@type\":\"SearchAction\",\"target\":{\"@type\":\"EntryPoint\",\"urlTemplate\":\"https:\/\/dekodesignsystems.com\/at\/?s={search_term_string}\"},\"query-input\":{\"@type\":\"PropertyValueSpecification\",\"valueRequired\":true,\"valueName\":\"search_term_string\"}}],\"inLanguage\":\"de-AT\"},{\"@type\":\"Organization\",\"@id\":\"https:\/\/dekodesignsystems.com\/at\/#organization\",\"name\":\"Deko Design Systems ApS\",\"url\":\"https:\/\/dekodesignsystems.com\/at\/\",\"logo\":{\"@type\":\"ImageObject\",\"inLanguage\":\"de-AT\",\"@id\":\"https:\/\/dekodesignsystems.com\/at\/#\/schema\/logo\/image\/\",\"url\":\"https:\/\/dekodesignsystems.com\/wp-content\/uploads\/2024\/02\/Deko-design-systems.svg\",\"contentUrl\":\"https:\/\/dekodesignsystems.com\/wp-content\/uploads\/2024\/02\/Deko-design-systems.svg\",\"width\":231,\"height\":102,\"caption\":\"Deko Design Systems ApS\"},\"image\":{\"@id\":\"https:\/\/dekodesignsystems.com\/at\/#\/schema\/logo\/image\/\"}}]}<\/script>\n<!-- \/ Yoast SEO plugin. -->","yoast_head_json":{"title":"Deko Hoodie Grey | Deko Design Systems","description":"Erh\u00f6hen Sie Ihren Stil mit unserem coolen grauen Kapuzenpullover mit dem Logo von Deko Design Systems. Die perfekte Mischung aus Komfort und Streetwear-Chic, die Ihre Lieblingsmarke f\u00fcr Polyurethan-Bodenbel\u00e4ge pr\u00e4sentiert. Langlebig, stilvoll und ein Muss f\u00fcr jede Garderobe!","robots":{"index":"index","follow":"follow","max-snippet":"max-snippet:-1","max-image-preview":"max-image-preview:large","max-video-preview":"max-video-preview:-1"},"canonical":"https:\/\/dekodesignsystems.com\/at\/shop\/deko-hoodie-grau\/","og_locale":"de_DE","og_type":"article","og_title":"Deko Hoodie Grey | Deko Design Systems","og_description":"Erh\u00f6hen Sie Ihren Stil mit unserem coolen grauen Kapuzenpullover mit dem Logo von Deko Design Systems. Die perfekte Mischung aus Komfort und Streetwear-Chic, die Ihre Lieblingsmarke f\u00fcr Polyurethan-Bodenbel\u00e4ge pr\u00e4sentiert. Langlebig, stilvoll und ein Muss f\u00fcr jede Garderobe!","og_url":"https:\/\/dekodesignsystems.com\/at\/shop\/deko-hoodie-grau\/","og_site_name":"Deko Design Systems","article_modified_time":"2026-01-14T14:43:54+00:00","og_image":[{"width":2560,"height":2560,"url":"https:\/\/dekodesignsystems.com\/wp-content\/uploads\/2024\/05\/Hoody-grey-scaled.jpg","type":"image\/jpeg"}],"twitter_card":"summary_large_image","twitter_misc":{"Gesch\u00e4tzte Lesezeit":"1 Minute"},"schema":{"@context":"https:\/\/schema.org","@graph":[{"@type":"WebPage","@id":"https:\/\/dekodesignsystems.com\/at\/shop\/deko-hoodie-grau\/","url":"https:\/\/dekodesignsystems.com\/at\/shop\/deko-hoodie-grau\/","name":"Deko Hoodie Grey | Deko Design Systems","isPartOf":{"@id":"https:\/\/dekodesignsystems.com\/at\/#website"},"primaryImageOfPage":{"@id":"https:\/\/dekodesignsystems.com\/at\/shop\/deko-hoodie-grau\/#primaryimage"},"image":{"@id":"https:\/\/dekodesignsystems.com\/at\/shop\/deko-hoodie-grau\/#primaryimage"},"thumbnailUrl":"https:\/\/dekodesignsystems.com\/wp-content\/uploads\/2024\/05\/Hoody-grey-scaled.jpg","datePublished":"2024-05-24T07:09:35+00:00","dateModified":"2026-01-14T14:43:54+00:00","description":"Erh\u00f6hen Sie Ihren Stil mit unserem coolen grauen Kapuzenpullover mit dem Logo von Deko Design Systems. Die perfekte Mischung aus Komfort und Streetwear-Chic, die Ihre Lieblingsmarke f\u00fcr Polyurethan-Bodenbel\u00e4ge pr\u00e4sentiert. Langlebig, stilvoll und ein Muss f\u00fcr jede Garderobe!","breadcrumb":{"@id":"https:\/\/dekodesignsystems.com\/at\/shop\/deko-hoodie-grau\/#breadcrumb"},"inLanguage":"de-AT","potentialAction":[{"@type":"ReadAction","target":["https:\/\/dekodesignsystems.com\/at\/shop\/deko-hoodie-grau\/"]}]},{"@type":"ImageObject","inLanguage":"de-AT","@id":"https:\/\/dekodesignsystems.com\/at\/shop\/deko-hoodie-grau\/#primaryimage","url":"https:\/\/dekodesignsystems.com\/wp-content\/uploads\/2024\/05\/Hoody-grey-scaled.jpg","contentUrl":"https:\/\/dekodesignsystems.com\/wp-content\/uploads\/2024\/05\/Hoody-grey-scaled.jpg","width":2560,"height":2560},{"@type":"BreadcrumbList","@id":"https:\/\/dekodesignsystems.com\/at\/shop\/deko-hoodie-grau\/#breadcrumb","itemListElement":[{"@type":"ListItem","position":1,"name":"Startseite","item":"https:\/\/dekodesignsystems.com\/at\/"},{"@type":"ListItem","position":2,"name":"Shop","item":"https:\/\/dekodesignsystems.com\/at\/shop\/"},{"@type":"ListItem","position":3,"name":"Deko Hoodie Grey"}]},{"@type":"WebSite","@id":"https:\/\/dekodesignsystems.com\/at\/#website","url":"https:\/\/dekodesignsystems.com\/at\/","name":"Deko Design Systems","description":"","publisher":{"@id":"https:\/\/dekodesignsystems.com\/at\/#organization"},"potentialAction":[{"@type":"SearchAction","target":{"@type":"EntryPoint","urlTemplate":"https:\/\/dekodesignsystems.com\/at\/?s={search_term_string}"},"query-input":{"@type":"PropertyValueSpecification","valueRequired":true,"valueName":"search_term_string"}}],"inLanguage":"de-AT"},{"@type":"Organization","@id":"https:\/\/dekodesignsystems.com\/at\/#organization","name":"Deko Design Systems ApS","url":"https:\/\/dekodesignsystems.com\/at\/","logo":{"@type":"ImageObject","inLanguage":"de-AT","@id":"https:\/\/dekodesignsystems.com\/at\/#\/schema\/logo\/image\/","url":"https:\/\/dekodesignsystems.com\/wp-content\/uploads\/2024\/02\/Deko-design-systems.svg","contentUrl":"https:\/\/dekodesignsystems.com\/wp-content\/uploads\/2024\/02\/Deko-design-systems.svg","width":231,"height":102,"caption":"Deko Design Systems ApS"},"image":{"@id":"https:\/\/dekodesignsystems.com\/at\/#\/schema\/logo\/image\/"}}]}},"spectra_custom_meta":{"_yoast_wpseo_primary_product_cat":["124"],"_backorders":["no"],"_download_limit":["-1"],"_download_expiry":["-1"],"_downloadable":["no"],"_stock_status":["instock"],"_sold_individually":["no"],"_tax_class":[""],"_tax_status":["taxable"],"_virtual":["no"],"total_sales":["1"],"stick-header-meta":["default"],"site-sidebar-layout":["default"],"theme-transparent-header-meta":["default"],"ast-site-content-layout":["default"],"site-content-style":["default"],"site-sidebar-style":["default"],"_yoast_wpseo_metadesc":["Erh\u00f6hen Sie Ihren Stil mit unserem coolen grauen Kapuzenpullover mit dem Logo von Deko Design Systems. Die perfekte Mischung aus Komfort und Streetwear-Chic, die Ihre Lieblingsmarke f\u00fcr Polyurethan-Bodenbel\u00e4ge pr\u00e4sentiert. Langlebig, stilvoll und ein Muss f\u00fcr jede Garderobe!"],"wcml_sync_hash":["a:1:{s:15:\"postmeta_fields\";s:32:\"a54c0ae92af160d7392b4b53d36bdbfc\";}"],"attr_label_translations":["a:0:{}"],"_product_image_gallery":["4517"],"_stock":[null],"_upsell_ids":["a:0:{}"],"_crosssell_ids":["a:0:{}"],"_children":["a:0:{}"],"_manage_stock":["no"],"_thumbnail_id":["4508"],"_wpml_word_count":["196"],"_price":["60"],"_downloadable_files":[""],"_edit_lock":["1768401836:4"],"_edit_last":["4"],"_is_partner_course":["no"],"_partner_name":[""],"_partner_phone":[""],"_partner_email":[""],"_product_location_label":[""],"_wcml_average_rating":[null],"_wcml_review_count":[null],"_wcml_rating_count":[null],"_wc_average_rating":[0],"_wc_review_count":["0"],"_product_version":["9.7.2"],"the_grid_item_custom_link_target":["_self"],"the_grid_item_col":["1"],"the_grid_item_row":["1"],"the_grid_item_content_color":["dark"],"the_grid_item_overlay_color":["light"],"the_grid_item_video_ratio":["4:3"],"the_grid_item_youtube_ratio":["4:3"],"the_grid_item_vimeo_ratio":["4:3"],"the_grid_item_wistia_ratio":["4:3"],"astra-migrate-meta-layouts":["set"],"_wpml_media_duplicate":["1"],"_wpml_media_featured":["1"],"_last_translation_edit_mode":["native-editor"],"_yoast_wpseo_primary_product_brand":[""],"_product_attributes":["a:1:{s:7:\"pa_size\";a:6:{s:4:\"name\";s:7:\"pa_size\";s:5:\"value\";s:0:\"\";s:8:\"position\";i:0;s:10:\"is_visible\";i:1;s:12:\"is_variation\";i:1;s:11:\"is_taxonomy\";i:1;}}"],"_default_attributes":["a:1:{s:7:\"pa_size\";s:4:\"m-at\";}"],"_uag_page_assets":["a:9:{s:3:\"css\";s:263:\".uag-blocks-common-selector{z-index:var(--z-index-desktop) !important}@media (max-width: 976px){.uag-blocks-common-selector{z-index:var(--z-index-tablet) !important}}@media (max-width: 767px){.uag-blocks-common-selector{z-index:var(--z-index-mobile) !important}}\n\";s:2:\"js\";s:0:\"\";s:18:\"current_block_list\";a:19:{i:0;s:11:\"core\/search\";i:1;s:10:\"core\/group\";i:2;s:12:\"core\/heading\";i:3;s:17:\"core\/latest-posts\";i:4;s:20:\"core\/latest-comments\";i:5;s:13:\"core\/archives\";i:6;s:15:\"core\/categories\";i:7;s:10:\"core\/image\";i:8;s:14:\"core\/paragraph\";i:9;s:17:\"core\/social-links\";i:10;s:28:\"woocommerce\/customer-account\";i:11;s:12:\"core\/columns\";i:12;s:11:\"core\/column\";i:13;s:12:\"core\/buttons\";i:14;s:11:\"core\/button\";i:18;s:16:\"core\/social-link\";i:19;s:17:\"safe-svg\/svg-icon\";i:20;s:12:\"core\/gallery\";i:21;s:11:\"core\/spacer\";}s:8:\"uag_flag\";b:0;s:11:\"uag_version\";s:10:\"1778058952\";s:6:\"gfonts\";a:0:{}s:10:\"gfonts_url\";s:0:\"\";s:12:\"gfonts_files\";a:0:{}s:14:\"uag_faq_layout\";b:0;}"],"_yoast_wpseo_content_score":["90"],"_yoast_wpseo_estimated-reading-time-minutes":["1"],"_uag_css_file_name":["uag-css-4203.css"],"_max_variation_price":[""],"_max_variation_regular_price":[""],"_max_variation_sale_price":[""],"_min_variation_price":[""],"_min_variation_regular_price":[""],"_min_variation_sale_price":[""],"_regular_price":[""],"_sale_price":[""],"_wc_rating_count":[""]},"uagb_featured_image_src":{"full":["https:\/\/dekodesignsystems.com\/wp-content\/uploads\/2024\/05\/Hoody-grey-scaled.jpg",2560,2560,false],"thumbnail":["https:\/\/dekodesignsystems.com\/wp-content\/uploads\/2024\/05\/Hoody-grey-150x150.jpg",150,150,true],"medium":["https:\/\/dekodesignsystems.com\/wp-content\/uploads\/2024\/05\/Hoody-grey-300x300.jpg",300,300,true],"medium_large":["https:\/\/dekodesignsystems.com\/wp-content\/uploads\/2024\/05\/Hoody-grey-768x768.jpg",768,768,true],"large":["https:\/\/dekodesignsystems.com\/wp-content\/uploads\/2024\/05\/Hoody-grey-1024x1024.jpg",1024,1024,true],"1536x1536":["https:\/\/dekodesignsystems.com\/wp-content\/uploads\/2024\/05\/Hoody-grey-1536x1536.jpg",1536,1536,true],"2048x2048":["https:\/\/dekodesignsystems.com\/wp-content\/uploads\/2024\/05\/Hoody-grey-2048x2048.jpg",2048,2048,true],"the_grid_size1":["https:\/\/dekodesignsystems.com\/wp-content\/uploads\/2024\/05\/Hoody-grey-500x500.jpg",500,500,true],"the_grid_size2":["https:\/\/dekodesignsystems.com\/wp-content\/uploads\/2024\/05\/Hoody-grey-500x1000.jpg",500,1000,true],"the_grid_size3":["https:\/\/dekodesignsystems.com\/wp-content\/uploads\/2024\/05\/Hoody-grey-1000x500.jpg",1000,500,true],"the_grid_size4":["https:\/\/dekodesignsystems.com\/wp-content\/uploads\/2024\/05\/Hoody-grey-1000x1000.jpg",1000,1000,true],"the_grid_size5":["https:\/\/dekodesignsystems.com\/wp-content\/uploads\/2024\/05\/Hoody-grey-500x500.jpg",500,500,true],"woocommerce_thumbnail":["https:\/\/dekodesignsystems.com\/wp-content\/uploads\/2024\/05\/Hoody-grey-scaled-1000x1000.jpg",1000,1000,true],"woocommerce_single":["https:\/\/dekodesignsystems.com\/wp-content\/uploads\/2024\/05\/Hoody-grey-scaled-2000x2000.jpg",2000,2000,true],"woocommerce_gallery_thumbnail":["https:\/\/dekodesignsystems.com\/wp-content\/uploads\/2024\/05\/Hoody-grey-scaled-400x400.jpg",400,400,true]},"uagb_author_info":{"display_name":"Shermine","author_link":"https:\/\/dekodesignsystems.com\/at\/author\/"},"uagb_comment_info":0,"uagb_excerpt":"Der graue Kapuzenpullover mit dem Logo von Deko Design Systems auf der Vorderseite und dem Design auf der R\u00fcckseite ist die perfekte Mischung aus Komfort und Streetwear-Chic. Er h\u00e4lt Sie kuschelig warm und setzt gleichzeitig ein mutiges Statement. Egal, ob Sie beruflich oder privat unterwegs sind, mit diesem unverzichtbaren Kleidungsst\u00fcck repr\u00e4sentieren Sie Ihre bevorzugte Bodenbelagsmarke&hellip;","jetpack_sharing_enabled":true,"_links":{"self":[{"href":"https:\/\/dekodesignsystems.com\/at\/wp-json\/wp\/v2\/product\/4203","targetHints":{"allow":["GET"]}}],"collection":[{"href":"https:\/\/dekodesignsystems.com\/at\/wp-json\/wp\/v2\/product"}],"about":[{"href":"https:\/\/dekodesignsystems.com\/at\/wp-json\/wp\/v2\/types\/product"}],"wp:featuredmedia":[{"embeddable":true,"href":"https:\/\/dekodesignsystems.com\/at\/wp-json\/wp\/v2\/media\/4508"}],"wp:attachment":[{"href":"https:\/\/dekodesignsystems.com\/at\/wp-json\/wp\/v2\/media?parent=4203"}],"wp:term":[{"taxonomy":"product_brand","embeddable":true,"href":"https:\/\/dekodesignsystems.com\/at\/wp-json\/wp\/v2\/product_brand?post=4203"},{"taxonomy":"product_cat","embeddable":true,"href":"https:\/\/dekodesignsystems.com\/at\/wp-json\/wp\/v2\/product_cat?post=4203"},{"taxonomy":"product_tag","embeddable":true,"href":"https:\/\/dekodesignsystems.com\/at\/wp-json\/wp\/v2\/product_tag?post=4203"}],"curies":[{"name":"wp","href":"https:\/\/api.w.org\/{rel}","templated":true}]}}