{"id":2524,"date":"2024-03-11T11:24:48","date_gmt":"2024-03-11T11:24:48","guid":{"rendered":"https:\/\/dekodesignsystems.com\/shop\/satin-grey-pigment\/"},"modified":"2026-02-15T15:06:19","modified_gmt":"2026-02-15T15:06:19","slug":"satin-grey-pigment","status":"publish","type":"product","link":"https:\/\/dekodesignsystems.com\/at\/shop\/satin-grey-pigment\/","title":{"rendered":"Satin Grey Metallic Pigment"},"content":{"rendered":"<p>Verwandeln Sie Ihre B\u00f6den mit unserem <strong>Satin Grey Metallic Pigment<\/strong>, der perfekten L\u00f6sung f\u00fcr die Herstellung eleganter metallischer Polyurethanb\u00f6den. Dieses Pigment hat einen raffinierten satingrauen Farbton und bietet eine elegante und moderne \u00c4sthetik, die jedes Designschema erg\u00e4nzt. Sein subtiler metallischer Glanz sorgt f\u00fcr ein luxuri\u00f6ses Finish, das das Gesamtambiente Ihres Raumes aufwertet.<\/p>\n<p>Unser Satin Grey Metallic Pigment wurde f\u00fcr einfaches Mischen entwickelt und l\u00e4sst sich nahtlos in unsere Polyurethan-Bodenbelagssysteme integrieren, so dass ein gleichm\u00e4\u00dfiger Auftrag gew\u00e4hrleistet ist. Er ist langlebig und verschlei\u00dffest und damit die ideale Wahl f\u00fcr stark frequentierte Bereiche im gewerblichen und privaten Bereich.<\/p>\n<p>Dieses Pigment ist ungiftig und kann daher unbedenklich in Wohnungen, Schulen und am Arbeitsplatz verwendet werden. Es wird in einem praktischen wiederverschlie\u00dfbaren Beh\u00e4lter geliefert, der dazu beitr\u00e4gt, die Qualit\u00e4t und Wirksamkeit des Pigments zwischen den Anwendungen zu erhalten.<\/p>\n<p>Egal, ob Sie ein Bodenbelagsprofi oder ein engagierter Heimwerker sind, unser Satin Grey Metallic Pigment bietet eine stilvolle, dauerhafte L\u00f6sung, um Ihre B\u00f6den mit einem Hauch von Klasse und Raffinesse zu versch\u00f6nern.<\/p>\n<p>Kompatibel mit Epoxid, Polyurethan (PU), Acryl, Mikrozement. Bei Verwendung mit Deko MetaFlow PU-Harz werden 15 g Pigment f\u00fcr 1 m\u00b2 Bodenfl\u00e4che ben\u00f6tigt. Kann f\u00fcr dekorative Metallb\u00f6den, Flusstische, K\u00fcchenarbeitsplatten und Hobby-Kunstwerke wie Gem\u00e4lde, Uhren, Schmuckk\u00e4stchen usw. verwendet werden.<\/p>\n","protected":false},"excerpt":{"rendered":"<p>Dieses Metallic-Pigment in Satin Grey hat einen raffinierten satingrauen Farbton und bietet eine elegante und moderne \u00c4sthetik, die jedes Designkonzept erg\u00e4nzt. Sein subtiler metallischer Glanz sorgt f\u00fcr ein luxuri\u00f6ses Finish, das das Gesamtambiente Ihres Raumes aufwertet. Bei Verwendung mit Deko MetaFlow PU-Harz werden 15 g Pigment f\u00fcr 1 m\u00b2 Bodenfl\u00e4che ben\u00f6tigt.<\/p>\n","protected":false},"featured_media":2302,"template":"","meta":{"_acf_changed":false,"_uag_custom_page_level_css":"","site-sidebar-layout":"default","site-content-layout":"","ast-site-content-layout":"default","site-content-style":"default","site-sidebar-style":"default","ast-global-header-display":"","ast-banner-title-visibility":"","ast-main-header-display":"","ast-hfb-above-header-display":"","ast-hfb-below-header-display":"","ast-hfb-mobile-header-display":"","site-post-title":"","ast-breadcrumbs-content":"","ast-featured-img":"","footer-sml-layout":"","ast-disable-related-posts":"","theme-transparent-header-meta":"default","adv-header-id-meta":"","stick-header-meta":"default","header-above-stick-meta":"","header-main-stick-meta":"","header-below-stick-meta":"","astra-migrate-meta-layouts":"set","ast-page-background-enabled":"default","ast-page-background-meta":{"desktop":{"background-color":"var(--ast-global-color-4)","background-image":"","background-repeat":"repeat","background-position":"center center","background-size":"auto","background-attachment":"scroll","background-type":"","background-media":"","overlay-type":"","overlay-color":"","overlay-opacity":"","overlay-gradient":""},"tablet":{"background-color":"","background-image":"","background-repeat":"repeat","background-position":"center center","background-size":"auto","background-attachment":"scroll","background-type":"","background-media":"","overlay-type":"","overlay-color":"","overlay-opacity":"","overlay-gradient":""},"mobile":{"background-color":"","background-image":"","background-repeat":"repeat","background-position":"center center","background-size":"auto","background-attachment":"scroll","background-type":"","background-media":"","overlay-type":"","overlay-color":"","overlay-opacity":"","overlay-gradient":""}},"ast-content-background-meta":{"desktop":{"background-color":"var(--ast-global-color-5)","background-image":"","background-repeat":"repeat","background-position":"center center","background-size":"auto","background-attachment":"scroll","background-type":"","background-media":"","overlay-type":"","overlay-color":"","overlay-opacity":"","overlay-gradient":""},"tablet":{"background-color":"var(--ast-global-color-5)","background-image":"","background-repeat":"repeat","background-position":"center center","background-size":"auto","background-attachment":"scroll","background-type":"","background-media":"","overlay-type":"","overlay-color":"","overlay-opacity":"","overlay-gradient":""},"mobile":{"background-color":"var(--ast-global-color-5)","background-image":"","background-repeat":"repeat","background-position":"center center","background-size":"auto","background-attachment":"scroll","background-type":"","background-media":"","overlay-type":"","overlay-color":"","overlay-opacity":"","overlay-gradient":""}}},"product_brand":[],"product_cat":[94],"product_tag":[],"class_list":{"0":"post-2524","1":"product","2":"type-product","3":"status-publish","4":"has-post-thumbnail","6":"product_cat-pigments-at","7":"desktop-align-center","8":"tablet-align-left","9":"mobile-align-left","10":"ast-product-gallery-layout-horizontal-slider","11":"ast-product-gallery-with-no-image","12":"ast-magnify-disabled","13":"ast-product-single-variable","14":"ast-product-tabs-layout-accordion","16":"first","17":"instock","18":"taxable","19":"shipping-taxable","20":"purchasable","21":"product-type-variable","22":"has-default-attributes"},"acf":[],"yoast_head":"<!-- This site is optimized with the Yoast SEO plugin v26.9 - https:\/\/yoast.com\/product\/yoast-seo-wordpress\/ -->\n<title>Satin Grey Metallic Pigment | Deko Design Systems<\/title>\n<meta name=\"robots\" content=\"index, follow, max-snippet:-1, max-image-preview:large, max-video-preview:-1\" \/>\n<link rel=\"canonical\" href=\"https:\/\/dekodesignsystems.com\/at\/shop\/satin-grey-pigment\/\" \/>\n<meta property=\"og:locale\" content=\"de_DE\" \/>\n<meta property=\"og:type\" content=\"article\" \/>\n<meta property=\"og:title\" content=\"Satin Grey Metallic Pigment | Deko Design Systems\" \/>\n<meta property=\"og:description\" content=\"Dieses Metallic-Pigment in Satin Grey hat einen raffinierten satingrauen Farbton und bietet eine elegante und moderne \u00c4sthetik, die jedes Designkonzept erg\u00e4nzt. Sein subtiler metallischer Glanz sorgt f\u00fcr ein luxuri\u00f6ses Finish, das das Gesamtambiente Ihres Raumes aufwertet. Bei Verwendung mit Deko MetaFlow PU-Harz werden 15 g Pigment f\u00fcr 1 m\u00b2 Bodenfl\u00e4che ben\u00f6tigt.\" \/>\n<meta property=\"og:url\" content=\"https:\/\/dekodesignsystems.com\/at\/shop\/satin-grey-pigment\/\" \/>\n<meta property=\"og:site_name\" content=\"Deko Design Systems\" \/>\n<meta property=\"article:modified_time\" content=\"2026-02-15T15:06:19+00:00\" \/>\n<meta property=\"og:image\" content=\"https:\/\/dekodesignsystems.com\/wp-content\/uploads\/2024\/04\/Satin-Grey.jpg\" \/>\n\t<meta property=\"og:image:width\" content=\"2000\" \/>\n\t<meta property=\"og:image:height\" content=\"2000\" \/>\n\t<meta property=\"og:image:type\" content=\"image\/jpeg\" \/>\n<meta name=\"twitter:card\" content=\"summary_large_image\" \/>\n<meta name=\"twitter:label1\" content=\"Gesch\u00e4tzte Lesezeit\" \/>\n\t<meta name=\"twitter:data1\" content=\"2 Minuten\" \/>\n<script type=\"application\/ld+json\" class=\"yoast-schema-graph\">{\"@context\":\"https:\/\/schema.org\",\"@graph\":[{\"@type\":\"WebPage\",\"@id\":\"https:\/\/dekodesignsystems.com\/at\/shop\/satin-grey-pigment\/\",\"url\":\"https:\/\/dekodesignsystems.com\/at\/shop\/satin-grey-pigment\/\",\"name\":\"Satin Grey Metallic Pigment | Deko Design Systems\",\"isPartOf\":{\"@id\":\"https:\/\/dekodesignsystems.com\/at\/#website\"},\"primaryImageOfPage\":{\"@id\":\"https:\/\/dekodesignsystems.com\/at\/shop\/satin-grey-pigment\/#primaryimage\"},\"image\":{\"@id\":\"https:\/\/dekodesignsystems.com\/at\/shop\/satin-grey-pigment\/#primaryimage\"},\"thumbnailUrl\":\"https:\/\/dekodesignsystems.com\/wp-content\/uploads\/2024\/04\/Satin-Grey.jpg\",\"datePublished\":\"2024-03-11T11:24:48+00:00\",\"dateModified\":\"2026-02-15T15:06:19+00:00\",\"breadcrumb\":{\"@id\":\"https:\/\/dekodesignsystems.com\/at\/shop\/satin-grey-pigment\/#breadcrumb\"},\"inLanguage\":\"de-AT\",\"potentialAction\":[{\"@type\":\"ReadAction\",\"target\":[\"https:\/\/dekodesignsystems.com\/at\/shop\/satin-grey-pigment\/\"]}]},{\"@type\":\"ImageObject\",\"inLanguage\":\"de-AT\",\"@id\":\"https:\/\/dekodesignsystems.com\/at\/shop\/satin-grey-pigment\/#primaryimage\",\"url\":\"https:\/\/dekodesignsystems.com\/wp-content\/uploads\/2024\/04\/Satin-Grey.jpg\",\"contentUrl\":\"https:\/\/dekodesignsystems.com\/wp-content\/uploads\/2024\/04\/Satin-Grey.jpg\",\"width\":2000,\"height\":2000},{\"@type\":\"BreadcrumbList\",\"@id\":\"https:\/\/dekodesignsystems.com\/at\/shop\/satin-grey-pigment\/#breadcrumb\",\"itemListElement\":[{\"@type\":\"ListItem\",\"position\":1,\"name\":\"Startseite\",\"item\":\"https:\/\/dekodesignsystems.com\/at\/\"},{\"@type\":\"ListItem\",\"position\":2,\"name\":\"Shop\",\"item\":\"https:\/\/dekodesignsystems.com\/at\/shop\/\"},{\"@type\":\"ListItem\",\"position\":3,\"name\":\"Satin Grey Metallic Pigment\"}]},{\"@type\":\"WebSite\",\"@id\":\"https:\/\/dekodesignsystems.com\/at\/#website\",\"url\":\"https:\/\/dekodesignsystems.com\/at\/\",\"name\":\"Deko Design Systems\",\"description\":\"\",\"publisher\":{\"@id\":\"https:\/\/dekodesignsystems.com\/at\/#organization\"},\"potentialAction\":[{\"@type\":\"SearchAction\",\"target\":{\"@type\":\"EntryPoint\",\"urlTemplate\":\"https:\/\/dekodesignsystems.com\/at\/?s={search_term_string}\"},\"query-input\":{\"@type\":\"PropertyValueSpecification\",\"valueRequired\":true,\"valueName\":\"search_term_string\"}}],\"inLanguage\":\"de-AT\"},{\"@type\":\"Organization\",\"@id\":\"https:\/\/dekodesignsystems.com\/at\/#organization\",\"name\":\"Deko Design Systems ApS\",\"url\":\"https:\/\/dekodesignsystems.com\/at\/\",\"logo\":{\"@type\":\"ImageObject\",\"inLanguage\":\"de-AT\",\"@id\":\"https:\/\/dekodesignsystems.com\/at\/#\/schema\/logo\/image\/\",\"url\":\"https:\/\/dekodesignsystems.com\/wp-content\/uploads\/2024\/02\/Deko-design-systems.svg\",\"contentUrl\":\"https:\/\/dekodesignsystems.com\/wp-content\/uploads\/2024\/02\/Deko-design-systems.svg\",\"width\":231,\"height\":102,\"caption\":\"Deko Design Systems ApS\"},\"image\":{\"@id\":\"https:\/\/dekodesignsystems.com\/at\/#\/schema\/logo\/image\/\"}}]}<\/script>\n<!-- \/ Yoast SEO plugin. -->","yoast_head_json":{"title":"Satin Grey Metallic Pigment | Deko Design Systems","robots":{"index":"index","follow":"follow","max-snippet":"max-snippet:-1","max-image-preview":"max-image-preview:large","max-video-preview":"max-video-preview:-1"},"canonical":"https:\/\/dekodesignsystems.com\/at\/shop\/satin-grey-pigment\/","og_locale":"de_DE","og_type":"article","og_title":"Satin Grey Metallic Pigment | Deko Design Systems","og_description":"Dieses Metallic-Pigment in Satin Grey hat einen raffinierten satingrauen Farbton und bietet eine elegante und moderne \u00c4sthetik, die jedes Designkonzept erg\u00e4nzt. Sein subtiler metallischer Glanz sorgt f\u00fcr ein luxuri\u00f6ses Finish, das das Gesamtambiente Ihres Raumes aufwertet. Bei Verwendung mit Deko MetaFlow PU-Harz werden 15 g Pigment f\u00fcr 1 m\u00b2 Bodenfl\u00e4che ben\u00f6tigt.","og_url":"https:\/\/dekodesignsystems.com\/at\/shop\/satin-grey-pigment\/","og_site_name":"Deko Design Systems","article_modified_time":"2026-02-15T15:06:19+00:00","og_image":[{"width":2000,"height":2000,"url":"https:\/\/dekodesignsystems.com\/wp-content\/uploads\/2024\/04\/Satin-Grey.jpg","type":"image\/jpeg"}],"twitter_card":"summary_large_image","twitter_misc":{"Gesch\u00e4tzte Lesezeit":"2 Minuten"},"schema":{"@context":"https:\/\/schema.org","@graph":[{"@type":"WebPage","@id":"https:\/\/dekodesignsystems.com\/at\/shop\/satin-grey-pigment\/","url":"https:\/\/dekodesignsystems.com\/at\/shop\/satin-grey-pigment\/","name":"Satin Grey Metallic Pigment | Deko Design Systems","isPartOf":{"@id":"https:\/\/dekodesignsystems.com\/at\/#website"},"primaryImageOfPage":{"@id":"https:\/\/dekodesignsystems.com\/at\/shop\/satin-grey-pigment\/#primaryimage"},"image":{"@id":"https:\/\/dekodesignsystems.com\/at\/shop\/satin-grey-pigment\/#primaryimage"},"thumbnailUrl":"https:\/\/dekodesignsystems.com\/wp-content\/uploads\/2024\/04\/Satin-Grey.jpg","datePublished":"2024-03-11T11:24:48+00:00","dateModified":"2026-02-15T15:06:19+00:00","breadcrumb":{"@id":"https:\/\/dekodesignsystems.com\/at\/shop\/satin-grey-pigment\/#breadcrumb"},"inLanguage":"de-AT","potentialAction":[{"@type":"ReadAction","target":["https:\/\/dekodesignsystems.com\/at\/shop\/satin-grey-pigment\/"]}]},{"@type":"ImageObject","inLanguage":"de-AT","@id":"https:\/\/dekodesignsystems.com\/at\/shop\/satin-grey-pigment\/#primaryimage","url":"https:\/\/dekodesignsystems.com\/wp-content\/uploads\/2024\/04\/Satin-Grey.jpg","contentUrl":"https:\/\/dekodesignsystems.com\/wp-content\/uploads\/2024\/04\/Satin-Grey.jpg","width":2000,"height":2000},{"@type":"BreadcrumbList","@id":"https:\/\/dekodesignsystems.com\/at\/shop\/satin-grey-pigment\/#breadcrumb","itemListElement":[{"@type":"ListItem","position":1,"name":"Startseite","item":"https:\/\/dekodesignsystems.com\/at\/"},{"@type":"ListItem","position":2,"name":"Shop","item":"https:\/\/dekodesignsystems.com\/at\/shop\/"},{"@type":"ListItem","position":3,"name":"Satin Grey Metallic Pigment"}]},{"@type":"WebSite","@id":"https:\/\/dekodesignsystems.com\/at\/#website","url":"https:\/\/dekodesignsystems.com\/at\/","name":"Deko Design Systems","description":"","publisher":{"@id":"https:\/\/dekodesignsystems.com\/at\/#organization"},"potentialAction":[{"@type":"SearchAction","target":{"@type":"EntryPoint","urlTemplate":"https:\/\/dekodesignsystems.com\/at\/?s={search_term_string}"},"query-input":{"@type":"PropertyValueSpecification","valueRequired":true,"valueName":"search_term_string"}}],"inLanguage":"de-AT"},{"@type":"Organization","@id":"https:\/\/dekodesignsystems.com\/at\/#organization","name":"Deko Design Systems ApS","url":"https:\/\/dekodesignsystems.com\/at\/","logo":{"@type":"ImageObject","inLanguage":"de-AT","@id":"https:\/\/dekodesignsystems.com\/at\/#\/schema\/logo\/image\/","url":"https:\/\/dekodesignsystems.com\/wp-content\/uploads\/2024\/02\/Deko-design-systems.svg","contentUrl":"https:\/\/dekodesignsystems.com\/wp-content\/uploads\/2024\/02\/Deko-design-systems.svg","width":231,"height":102,"caption":"Deko Design Systems ApS"},"image":{"@id":"https:\/\/dekodesignsystems.com\/at\/#\/schema\/logo\/image\/"}}]}},"spectra_custom_meta":{"_sku":["DSA-50G"],"total_sales":["1"],"_tax_status":["taxable"],"_tax_class":[""],"_manage_stock":["yes"],"_backorders":["no"],"_sold_individually":["no"],"_virtual":["no"],"_downloadable":["no"],"_download_limit":["-1"],"_download_expiry":["-1"],"_stock_status":["instock"],"site-sidebar-layout":["default"],"ast-site-content-layout":["default"],"site-content-style":["default"],"site-sidebar-style":["default"],"theme-transparent-header-meta":["default"],"stick-header-meta":["default"],"_price":["14.99","56.99"],"_thumbnail_id":["2302"],"wcml_sync_hash":["a:1:{s:15:\"postmeta_fields\";s:32:\"a4910c10963a9bea7584605c4b2a0978\";}"],"attr_label_translations":["a:0:{}"],"_product_image_gallery":[""],"_stock":["100"],"_last_translation_edit_mode":["translation-editor"],"_wpml_word_count":["342"],"_downloadable_files":[""],"_edit_lock":["1768139588:4"],"_edit_last":["4"],"_is_partner_course":["no"],"_partner_name":[""],"_partner_phone":[""],"_partner_email":[""],"_product_location_label":[""],"_wcml_average_rating":[null],"_wcml_review_count":[null],"_wcml_rating_count":[null],"_wc_average_rating":[0],"_wc_review_count":["0"],"_product_version":["9.7.2"],"the_grid_item_custom_link_target":["_self"],"the_grid_item_col":["1"],"the_grid_item_row":["1"],"the_grid_item_content_color":["dark"],"the_grid_item_overlay_color":["light"],"the_grid_item_video_ratio":["4:3"],"the_grid_item_youtube_ratio":["4:3"],"the_grid_item_vimeo_ratio":["4:3"],"the_grid_item_wistia_ratio":["4:3"],"astra-migrate-meta-layouts":["set"],"_wpml_media_duplicate":["1"],"_wpml_media_featured":["1"],"_product_attributes":["a:1:{s:7:\"pa_size\";a:6:{s:4:\"name\";s:7:\"pa_size\";s:5:\"value\";s:0:\"\";s:8:\"position\";i:0;s:10:\"is_visible\";i:1;s:12:\"is_variation\";i:1;s:11:\"is_taxonomy\";i:1;}}"],"_default_attributes":["a:1:{s:7:\"pa_size\";s:6:\"50g-at\";}"],"_yoast_wpseo_primary_product_brand":[""],"_yoast_wpseo_content_score":["60"],"_yoast_wpseo_estimated-reading-time-minutes":["2"],"_yoast_wpseo_primary_product_cat":["21"],"_uagb_previous_block_counts":["a:90:{s:21:\"uagb\/advanced-heading\";i:0;s:15:\"uagb\/blockquote\";i:0;s:12:\"uagb\/buttons\";i:0;s:18:\"uagb\/buttons-child\";i:0;s:19:\"uagb\/call-to-action\";i:0;s:15:\"uagb\/cf7-styler\";i:0;s:11:\"uagb\/column\";i:0;s:12:\"uagb\/columns\";i:0;s:14:\"uagb\/container\";i:0;s:21:\"uagb\/content-timeline\";i:0;s:27:\"uagb\/content-timeline-child\";i:0;s:14:\"uagb\/countdown\";i:0;s:12:\"uagb\/counter\";i:0;s:8:\"uagb\/faq\";i:0;s:14:\"uagb\/faq-child\";i:0;s:10:\"uagb\/forms\";i:0;s:17:\"uagb\/forms-accept\";i:0;s:19:\"uagb\/forms-checkbox\";i:0;s:15:\"uagb\/forms-date\";i:0;s:16:\"uagb\/forms-email\";i:0;s:17:\"uagb\/forms-hidden\";i:0;s:15:\"uagb\/forms-name\";i:0;s:16:\"uagb\/forms-phone\";i:0;s:16:\"uagb\/forms-radio\";i:0;s:17:\"uagb\/forms-select\";i:0;s:19:\"uagb\/forms-textarea\";i:0;s:17:\"uagb\/forms-toggle\";i:0;s:14:\"uagb\/forms-url\";i:0;s:14:\"uagb\/gf-styler\";i:0;s:15:\"uagb\/google-map\";i:0;s:11:\"uagb\/how-to\";i:0;s:16:\"uagb\/how-to-step\";i:0;s:9:\"uagb\/icon\";i:0;s:14:\"uagb\/icon-list\";i:0;s:20:\"uagb\/icon-list-child\";i:0;s:10:\"uagb\/image\";i:0;s:18:\"uagb\/image-gallery\";i:0;s:13:\"uagb\/info-box\";i:0;s:18:\"uagb\/inline-notice\";i:0;s:11:\"uagb\/lottie\";i:0;s:21:\"uagb\/marketing-button\";i:0;s:10:\"uagb\/modal\";i:0;s:18:\"uagb\/popup-builder\";i:0;s:16:\"uagb\/post-button\";i:0;s:18:\"uagb\/post-carousel\";i:0;s:17:\"uagb\/post-excerpt\";i:0;s:14:\"uagb\/post-grid\";i:0;s:15:\"uagb\/post-image\";i:0;s:17:\"uagb\/post-masonry\";i:0;s:14:\"uagb\/post-meta\";i:0;s:18:\"uagb\/post-taxonomy\";i:0;s:18:\"uagb\/post-timeline\";i:0;s:15:\"uagb\/post-title\";i:0;s:20:\"uagb\/restaurant-menu\";i:0;s:26:\"uagb\/restaurant-menu-child\";i:0;s:11:\"uagb\/review\";i:0;s:12:\"uagb\/section\";i:0;s:14:\"uagb\/separator\";i:0;s:11:\"uagb\/slider\";i:0;s:17:\"uagb\/slider-child\";i:0;s:17:\"uagb\/social-share\";i:0;s:23:\"uagb\/social-share-child\";i:0;s:16:\"uagb\/star-rating\";i:0;s:23:\"uagb\/sure-cart-checkout\";i:0;s:22:\"uagb\/sure-cart-product\";i:0;s:15:\"uagb\/sure-forms\";i:0;s:22:\"uagb\/table-of-contents\";i:0;s:9:\"uagb\/tabs\";i:0;s:15:\"uagb\/tabs-child\";i:0;s:18:\"uagb\/taxonomy-list\";i:0;s:9:\"uagb\/team\";i:0;s:16:\"uagb\/testimonial\";i:0;s:14:\"uagb\/wp-search\";i:0;s:19:\"uagb\/instagram-feed\";i:0;s:10:\"uagb\/login\";i:0;s:17:\"uagb\/loop-builder\";i:0;s:18:\"uagb\/loop-category\";i:0;s:20:\"uagb\/loop-pagination\";i:0;s:15:\"uagb\/loop-reset\";i:0;s:16:\"uagb\/loop-search\";i:0;s:14:\"uagb\/loop-sort\";i:0;s:17:\"uagb\/loop-wrapper\";i:0;s:13:\"uagb\/register\";i:0;s:19:\"uagb\/register-email\";i:0;s:24:\"uagb\/register-first-name\";i:0;s:23:\"uagb\/register-last-name\";i:0;s:22:\"uagb\/register-password\";i:0;s:30:\"uagb\/register-reenter-password\";i:0;s:19:\"uagb\/register-terms\";i:0;s:22:\"uagb\/register-username\";i:0;}"],"_crosssell_ids":["a:1:{i:0;i:719;}"],"_uag_page_assets":["a:9:{s:3:\"css\";s:263:\".uag-blocks-common-selector{z-index:var(--z-index-desktop) !important}@media (max-width: 976px){.uag-blocks-common-selector{z-index:var(--z-index-tablet) !important}}@media (max-width: 767px){.uag-blocks-common-selector{z-index:var(--z-index-mobile) !important}}\n\";s:2:\"js\";s:0:\"\";s:18:\"current_block_list\";a:19:{i:0;s:11:\"core\/search\";i:1;s:10:\"core\/group\";i:2;s:12:\"core\/heading\";i:3;s:17:\"core\/latest-posts\";i:4;s:20:\"core\/latest-comments\";i:5;s:13:\"core\/archives\";i:6;s:15:\"core\/categories\";i:7;s:10:\"core\/image\";i:8;s:14:\"core\/paragraph\";i:9;s:17:\"core\/social-links\";i:10;s:28:\"woocommerce\/customer-account\";i:11;s:12:\"core\/columns\";i:12;s:11:\"core\/column\";i:13;s:12:\"core\/buttons\";i:14;s:11:\"core\/button\";i:18;s:16:\"core\/social-link\";i:19;s:17:\"safe-svg\/svg-icon\";i:20;s:12:\"core\/gallery\";i:21;s:11:\"core\/spacer\";}s:8:\"uag_flag\";b:0;s:11:\"uag_version\";i:1778083269;s:6:\"gfonts\";a:0:{}s:10:\"gfonts_url\";s:0:\"\";s:12:\"gfonts_files\";a:0:{}s:14:\"uag_faq_layout\";b:0;}"],"_uag_css_file_name":["uag-css-2524.css"],"_max_variation_price":[""],"_max_variation_regular_price":[""],"_max_variation_sale_price":[""],"_min_variation_price":[""],"_min_variation_regular_price":[""],"_min_variation_sale_price":[""],"_regular_price":[""],"_sale_price":[""],"_wc_rating_count":[""]},"uagb_featured_image_src":{"full":["https:\/\/dekodesignsystems.com\/wp-content\/uploads\/2024\/04\/Satin-Grey.jpg",2000,2000,false],"thumbnail":["https:\/\/dekodesignsystems.com\/wp-content\/uploads\/2024\/04\/Satin-Grey-150x150.jpg",150,150,true],"medium":["https:\/\/dekodesignsystems.com\/wp-content\/uploads\/2024\/04\/Satin-Grey-300x300.jpg",300,300,true],"medium_large":["https:\/\/dekodesignsystems.com\/wp-content\/uploads\/2024\/04\/Satin-Grey-768x768.jpg",768,768,true],"large":["https:\/\/dekodesignsystems.com\/wp-content\/uploads\/2024\/04\/Satin-Grey-1024x1024.jpg",1024,1024,true],"1536x1536":["https:\/\/dekodesignsystems.com\/wp-content\/uploads\/2024\/04\/Satin-Grey-1536x1536.jpg",1536,1536,true],"2048x2048":["https:\/\/dekodesignsystems.com\/wp-content\/uploads\/2024\/04\/Satin-Grey.jpg",2000,2000,false],"the_grid_size1":["https:\/\/dekodesignsystems.com\/wp-content\/uploads\/2024\/04\/Satin-Grey-500x500.jpg",500,500,true],"the_grid_size2":["https:\/\/dekodesignsystems.com\/wp-content\/uploads\/2024\/04\/Satin-Grey-500x1000.jpg",500,1000,true],"the_grid_size3":["https:\/\/dekodesignsystems.com\/wp-content\/uploads\/2024\/04\/Satin-Grey-1000x500.jpg",1000,500,true],"the_grid_size4":["https:\/\/dekodesignsystems.com\/wp-content\/uploads\/2024\/04\/Satin-Grey-1000x1000.jpg",1000,1000,true],"the_grid_size5":["https:\/\/dekodesignsystems.com\/wp-content\/uploads\/2024\/04\/Satin-Grey-500x500.jpg",500,500,true],"woocommerce_thumbnail":["https:\/\/dekodesignsystems.com\/wp-content\/uploads\/2024\/04\/Satin-Grey-1000x1000.jpg",1000,1000,true],"woocommerce_single":["https:\/\/dekodesignsystems.com\/wp-content\/uploads\/2024\/04\/Satin-Grey.jpg",2000,2000,false],"woocommerce_gallery_thumbnail":["https:\/\/dekodesignsystems.com\/wp-content\/uploads\/2024\/04\/Satin-Grey-500x500.jpg",400,400,true]},"uagb_author_info":{"display_name":"michaelnoe","author_link":"https:\/\/dekodesignsystems.com\/at\/author\/"},"uagb_comment_info":0,"uagb_excerpt":"Dieses Metallic-Pigment in Satin Grey hat einen raffinierten satingrauen Farbton und bietet eine elegante und moderne \u00c4sthetik, die jedes Designkonzept erg\u00e4nzt. Sein subtiler metallischer Glanz sorgt f\u00fcr ein luxuri\u00f6ses Finish, das das Gesamtambiente Ihres Raumes aufwertet. Bei Verwendung mit Deko MetaFlow PU-Harz werden 15 g Pigment f\u00fcr 1 m\u00b2 Bodenfl\u00e4che ben\u00f6tigt.","jetpack_sharing_enabled":true,"_links":{"self":[{"href":"https:\/\/dekodesignsystems.com\/at\/wp-json\/wp\/v2\/product\/2524","targetHints":{"allow":["GET"]}}],"collection":[{"href":"https:\/\/dekodesignsystems.com\/at\/wp-json\/wp\/v2\/product"}],"about":[{"href":"https:\/\/dekodesignsystems.com\/at\/wp-json\/wp\/v2\/types\/product"}],"wp:featuredmedia":[{"embeddable":true,"href":"https:\/\/dekodesignsystems.com\/at\/wp-json\/wp\/v2\/media\/2302"}],"wp:attachment":[{"href":"https:\/\/dekodesignsystems.com\/at\/wp-json\/wp\/v2\/media?parent=2524"}],"wp:term":[{"taxonomy":"product_brand","embeddable":true,"href":"https:\/\/dekodesignsystems.com\/at\/wp-json\/wp\/v2\/product_brand?post=2524"},{"taxonomy":"product_cat","embeddable":true,"href":"https:\/\/dekodesignsystems.com\/at\/wp-json\/wp\/v2\/product_cat?post=2524"},{"taxonomy":"product_tag","embeddable":true,"href":"https:\/\/dekodesignsystems.com\/at\/wp-json\/wp\/v2\/product_tag?post=2524"}],"curies":[{"name":"wp","href":"https:\/\/api.w.org\/{rel}","templated":true}]}}