{"id":1735,"date":"2024-04-13T18:51:30","date_gmt":"2024-04-13T18:51:30","guid":{"rendered":"https:\/\/dekodesignsystems.com\/personliche-datenschutzrichtlinie\/"},"modified":"2025-02-03T17:57:09","modified_gmt":"2025-02-03T17:57:09","slug":"personal-data-policy","status":"publish","type":"page","link":"https:\/\/dekodesignsystems.com\/at\/personal-data-policy\/","title":{"rendered":"Richtlinie f\u00fcr pers\u00f6nliche Daten"},"content":{"rendered":"\n<p><strong>Richtlinie f\u00fcr pers\u00f6nliche Daten<\/strong><\/p>\n\n<p>Damit Sie einen Vertrag mit uns abschlie\u00dfen und auf unserer Website einkaufen k\u00f6nnen, ben\u00f6tigen wir die folgenden Informationen \u00fcber Sie:<\/p>\n\n<p>Name<br\/>Adresse<br\/>Telefonnummer<br\/>E-Mail-Adresse<br\/>Informationen \u00fcber das, was Sie gekauft haben<\/p>\n\n<p>Wir verarbeiten Ihre personenbezogenen Daten, um Ihnen das Produkt liefern zu k\u00f6nnen und um Anfragen zu Ihrem Kauf bearbeiten zu k\u00f6nnen. Die Verarbeitung erfolgt gem\u00e4\u00df den Regeln in unserer Datenschutzerkl\u00e4rung f\u00fcr Deko Design Systems ApS. Hier k\u00f6nnen Sie mehr dar\u00fcber lesen, wie Ihre Daten verarbeitet werden, wann sie gel\u00f6scht werden und welche Rechte Sie als registrierter Benutzer haben.  <\/p>\n\n<p><strong>Beschwerdeoptionen - \u00dcbersicht und Links:<\/strong><\/p>\n\n<p>Wenn Sie eine Beschwerde \u00fcber ein in unserem Webshop gekauftes Produkt haben, k\u00f6nnen Sie eine Beschwerde an folgende Adresse schicken: Zentrum f\u00fcr Beschwerdel\u00f6sung der d\u00e4nischen Wettbewerbs- und Verbraucherschutzbeh\u00f6rde<\/p>\n\n<p>Carl Jacobsens Vej 35<\/p>\n\n<p>2500 Valby<\/p>\n\n<p>Link: <a href=\"http:\/\/www.forbrug.dk\">www.forbrug.dk<\/a><\/p>\n\n<p>Wenn Sie Ihren Wohnsitz in einem anderen EU-Land haben, k\u00f6nnen Sie Ihre Beschwerde auf der Online-Beschwerdeplattform der EU-Kommission einreichen. Die Plattform finden Sie hier: <a href=\"http:\/\/ec.europa.eu\/consumers\/odr\/\">http:\/\/ec.europa.eu\/consumers\/odr\/<\/a> Wenn Sie hier eine Beschwerde einreichen, m\u00fcssen Sie unsere E-Mail-Adresse angeben: info@dekodesignsystems.com <\/p>\n\n<p><strong>Richtlinie f\u00fcr pers\u00f6nliche Daten bei Deko Design Systems ApS<\/strong><\/p>\n\n<p>Wir erheben personenbezogene Daten nur in den F\u00e4llen, in denen dies f\u00fcr uns relevant ist, und wir erheben personenbezogene Daten nur, wenn sie f\u00fcr Ihre T\u00e4tigkeit bei Deko Design Systems ApS relevant sind.<\/p>\n\n<p>Bei der Erhebung, Verarbeitung und Nutzung Ihrer personenbezogenen Daten halten wir uns stets an alle einschl\u00e4gigen gesetzlichen Bestimmungen.<\/p>\n\n<p>Wir werden Ihre pers\u00f6nlichen Daten nur so lange aufbewahren, wie wir entweder gesetzlich dazu verpflichtet sind oder solange sie f\u00fcr den Zweck, f\u00fcr den sie erhoben wurden, relevant sind.<\/p>\n\n<p><strong>Informationen, die wir sammeln<\/strong><\/p>\n\n<p>Wenn Sie ein Produkt oder eine Dienstleistung von uns kaufen und erhalten m\u00f6chten, m\u00fcssen wir bestimmte pers\u00f6nliche Daten erfassen, um die Transaktion abzuschlie\u00dfen und Ihnen unsere Dienstleistungen anbieten zu k\u00f6nnen. Wir k\u00f6nnen Cookies verwenden, um den Inhalt Ihres Warenkorbs zu verfolgen, w\u00e4hrend Sie unseren Webshop nutzen.   <\/p>\n\n<p>Wir k\u00f6nnen Informationen wie Name, E-Mail-Adresse, Postanschrift, Lieferanschrift (falls abweichend von der Postanschrift), Telefonnummer und Zahlungsdaten erhalten.<\/p>\n\n<p>Deko design Systems ApS sammelt und verarbeitet Ihre pers\u00f6nlichen Daten, wenn Sie Folgendes tun:<\/p>\n\n<ul class=\"wp-block-list\">\n<li>Besuchen Sie unsere Website<\/li>\n\n\n\n<li>F\u00fchren Sie einen Kauf unserer Produkte durch<\/li>\n\n\n\n<li>Ein Konto erstellen<\/li>\n\n\n\n<li>Senden Sie uns Fragen, Beschwerden oder Feedback<\/li>\n<\/ul>\n\n<p><strong>Der Data Controller<\/strong><\/p>\n\n<p>Der f\u00fcr die Erhebung, Verarbeitung und Nutzung Ihrer personenbezogenen Daten auf <a href=\"http:\/\/www.dekodesignsystems.com\">www.dekodesignsystems.com<\/a> Verantwortliche ist Deko Design Systems ApS, B\u00f8geskovvej 140, 5540 Ullerslev, F\u00fcnen D\u00e4nemark,  [44573199]<\/p>\n\n<p><strong>Sammlungsprinzipien und -zwecke<\/strong><\/p>\n\n<p>Wir erfassen Ihre allgemeinen Kontaktinformationen wie Name und Adresse, um das Produkt oder die Dienstleistung, die Sie bei uns gekauft haben, zu liefern. Wir erfassen Ihre E-Mail-Adresse, um Ihnen eine Auftragsbest\u00e4tigung und eine Lieferbest\u00e4tigung zu schicken. <\/p>\n\n<p>Wenn Sie f\u00fcr Ihr Produkt oder Ihre Dienstleistung bezahlen, erfassen wir Ihren Namen, Ihre Kartendaten und Ihre IP-Adresse. Die im Zusammenhang mit der Zahlungstransaktion erhobenen Daten werden nur f\u00fcr die Zahlungsabwicklung und die Erf\u00fcllung des geschlossenen Vertrags verwendet und gespeichert. Bei Zahlungen werden einige Ihrer Daten an QuickPay, PayPal, Google Pay, Apple Pay weitergegeben, darunter auch Informationen, die f\u00fcr den Abschluss oder die Unterst\u00fctzung der Zahlung erforderlich sind, wie z.B. der Gesamtkaufbetrag und die Rechnungsdaten.  <\/p>\n\n<p>Wenn Sie die f\u00fcr den Kauf eines Produkts erforderlichen pers\u00f6nlichen Daten nicht bereitstellen m\u00f6chten, k\u00f6nnen Sie leider keine Produkte auf unserer Website kaufen.<\/p>\n\n<p>Ihre Daten (mit Ausnahme Ihrer E-Mail-Adresse, wenn Sie deren Verarbeitung zum Zwecke des Erhalts von Angeboten zugestimmt haben) werden 5 Jahre, nachdem Sie Ihren Artikel oder Ihre Dienstleistung erhalten haben, gel\u00f6scht.<\/p>\n\n<p><strong>Andere Empf\u00e4nger von pers\u00f6nlichen Daten<\/strong><\/p>\n\n<p>Wir verkaufen Ihre pers\u00f6nlichen Daten nicht an Dritte und wir \u00fcbermitteln Ihre pers\u00f6nlichen Daten nicht an Drittl\u00e4nder.  <\/p>\n\n<p>Wir haben unsere Website unter Simply.com und ein Zahlungssystem \u00fcber QuickPay, PayPal, das als unser Datenverarbeiter fungiert. Alle pers\u00f6nlichen Daten, die Sie auf unserer Website angeben, werden in den Rechenzentren von Simply.com gespeichert. <\/p>\n\n<p>Wir nutzen externe Unternehmen als Lieferanten, um unsere Dienstleistungen bestm\u00f6glich zu erbringen. Diese externen Lieferanten sind Datenverarbeiter und verarbeiten in bestimmten F\u00e4llen personenbezogene Daten im Zusammenhang mit der Erbringung ihrer Dienstleistungen f\u00fcr uns. Unsere Datenverarbeiter verarbeiten personenbezogene Daten nur nach unseren Anweisungen und in \u00dcbereinstimmung mit den gesetzlichen Anforderungen an Datenverarbeiter.  <\/p>\n\n<p>Wir haben mit unseren Datenverarbeitern Vertr\u00e4ge \u00fcber die Datenverarbeitung abgeschlossen. Dies ist unsere Garantie daf\u00fcr, dass sie die geltenden Vorschriften zum Schutz Ihrer personenbezogenen Daten einhalten.<\/p>\n\n<p><strong>Ihre Rechte<\/strong><\/p>\n\n<p>Als registrierte Person haben Sie eine Reihe von Rechten, deren Einhaltung wir jederzeit sicherstellen m\u00fcssen. Sie haben das Recht, Folgendes von uns zu verlangen: <\/p>\n\n<ul class=\"wp-block-list\">\n<li>Um auf Ihre pers\u00f6nlichen Daten zuzugreifen und sie zu korrigieren\/\u00e4ndern<\/li>\n\n\n\n<li>Um pers\u00f6nliche Daten l\u00f6schen zu lassen<\/li>\n<\/ul>\n\n<p>Sie haben auch das Recht, der Verarbeitung Ihrer personenbezogenen Daten zu widersprechen, und Sie haben das Recht, eine Beschwerde bei einer Datenschutzbeh\u00f6rde einzureichen.<\/p>\n\n<p>Wenn Sie nicht mehr m\u00f6chten, dass wir Ihre personenbezogenen Daten verarbeiten oder dass wir die Verarbeitung Ihrer personenbezogenen Daten einschr\u00e4nken, k\u00f6nnen Sie uns auch eine Anfrage an unsere E-Mail-Adresse <a href=\"mailto:info@dekodesignsystems.com\">info@dekodesignsystems.com<\/a> schicken.<\/p>\n","protected":false},"excerpt":{"rendered":"<p>Richtlinie f\u00fcr pers\u00f6nliche Daten Damit Sie einen Vertrag mit uns abschlie\u00dfen und auf unserer Website einkaufen k\u00f6nnen, ben\u00f6tigen wir die [&hellip;]<\/p>\n","protected":false},"author":1,"featured_media":0,"parent":0,"menu_order":0,"comment_status":"closed","ping_status":"closed","template":"","meta":{"_acf_changed":false,"_uag_custom_page_level_css":"","site-sidebar-layout":"default","site-content-layout":"","ast-site-content-layout":"default","site-content-style":"default","site-sidebar-style":"default","ast-global-header-display":"","ast-banner-title-visibility":"","ast-main-header-display":"","ast-hfb-above-header-display":"","ast-hfb-below-header-display":"","ast-hfb-mobile-header-display":"","site-post-title":"","ast-breadcrumbs-content":"","ast-featured-img":"","footer-sml-layout":"","ast-disable-related-posts":"","theme-transparent-header-meta":"","adv-header-id-meta":"","stick-header-meta":"","header-above-stick-meta":"","header-main-stick-meta":"","header-below-stick-meta":"","astra-migrate-meta-layouts":"default","ast-page-background-enabled":"default","ast-page-background-meta":{"desktop":{"background-color":"var(--ast-global-color-4)","background-image":"","background-repeat":"repeat","background-position":"center center","background-size":"auto","background-attachment":"scroll","background-type":"","background-media":"","overlay-type":"","overlay-color":"","overlay-opacity":"","overlay-gradient":""},"tablet":{"background-color":"","background-image":"","background-repeat":"repeat","background-position":"center center","background-size":"auto","background-attachment":"scroll","background-type":"","background-media":"","overlay-type":"","overlay-color":"","overlay-opacity":"","overlay-gradient":""},"mobile":{"background-color":"","background-image":"","background-repeat":"repeat","background-position":"center center","background-size":"auto","background-attachment":"scroll","background-type":"","background-media":"","overlay-type":"","overlay-color":"","overlay-opacity":"","overlay-gradient":""}},"ast-content-background-meta":{"desktop":{"background-color":"var(--ast-global-color-5)","background-image":"","background-repeat":"repeat","background-position":"center center","background-size":"auto","background-attachment":"scroll","background-type":"","background-media":"","overlay-type":"","overlay-color":"","overlay-opacity":"","overlay-gradient":""},"tablet":{"background-color":"var(--ast-global-color-5)","background-image":"","background-repeat":"repeat","background-position":"center center","background-size":"auto","background-attachment":"scroll","background-type":"","background-media":"","overlay-type":"","overlay-color":"","overlay-opacity":"","overlay-gradient":""},"mobile":{"background-color":"var(--ast-global-color-5)","background-image":"","background-repeat":"repeat","background-position":"center center","background-size":"auto","background-attachment":"scroll","background-type":"","background-media":"","overlay-type":"","overlay-color":"","overlay-opacity":"","overlay-gradient":""}},"footnotes":""},"class_list":["post-1735","page","type-page","status-publish","hentry"],"acf":[],"yoast_head":"<!-- This site is optimized with the Yoast SEO plugin v26.9 - https:\/\/yoast.com\/product\/yoast-seo-wordpress\/ -->\n<title>Richtlinie f\u00fcr pers\u00f6nliche Daten | Deko Design Systems<\/title>\n<meta name=\"robots\" content=\"noindex, follow\" \/>\n<meta property=\"og:locale\" content=\"de_DE\" \/>\n<meta property=\"og:type\" content=\"article\" \/>\n<meta property=\"og:title\" content=\"Richtlinie f\u00fcr pers\u00f6nliche Daten | Deko Design Systems\" \/>\n<meta property=\"og:description\" content=\"Richtlinie f\u00fcr pers\u00f6nliche Daten Damit Sie einen Vertrag mit uns abschlie\u00dfen und auf unserer Website einkaufen k\u00f6nnen, ben\u00f6tigen wir die [&hellip;]\" \/>\n<meta property=\"og:url\" content=\"https:\/\/dekodesignsystems.com\/at\/personal-data-policy\/\" \/>\n<meta property=\"og:site_name\" content=\"Deko Design Systems\" \/>\n<meta property=\"article:modified_time\" content=\"2025-02-03T17:57:09+00:00\" \/>\n<meta name=\"twitter:card\" content=\"summary_large_image\" \/>\n<meta name=\"twitter:label1\" content=\"Gesch\u00e4tzte Lesezeit\" \/>\n\t<meta name=\"twitter:data1\" content=\"4 Minuten\" \/>\n<script type=\"application\/ld+json\" class=\"yoast-schema-graph\">{\"@context\":\"https:\/\/schema.org\",\"@graph\":[{\"@type\":\"WebPage\",\"@id\":\"https:\/\/dekodesignsystems.com\/at\/personal-data-policy\/\",\"url\":\"https:\/\/dekodesignsystems.com\/at\/personal-data-policy\/\",\"name\":\"Richtlinie f\u00fcr pers\u00f6nliche Daten | Deko Design Systems\",\"isPartOf\":{\"@id\":\"https:\/\/dekodesignsystems.com\/at\/#website\"},\"datePublished\":\"2024-04-13T18:51:30+00:00\",\"dateModified\":\"2025-02-03T17:57:09+00:00\",\"breadcrumb\":{\"@id\":\"https:\/\/dekodesignsystems.com\/at\/personal-data-policy\/#breadcrumb\"},\"inLanguage\":\"de-AT\",\"potentialAction\":[{\"@type\":\"ReadAction\",\"target\":[\"https:\/\/dekodesignsystems.com\/at\/personal-data-policy\/\"]}]},{\"@type\":\"BreadcrumbList\",\"@id\":\"https:\/\/dekodesignsystems.com\/at\/personal-data-policy\/#breadcrumb\",\"itemListElement\":[{\"@type\":\"ListItem\",\"position\":1,\"name\":\"Startseite\",\"item\":\"https:\/\/dekodesignsystems.com\/at\/\"},{\"@type\":\"ListItem\",\"position\":2,\"name\":\"Richtlinie f\u00fcr pers\u00f6nliche Daten\"}]},{\"@type\":\"WebSite\",\"@id\":\"https:\/\/dekodesignsystems.com\/at\/#website\",\"url\":\"https:\/\/dekodesignsystems.com\/at\/\",\"name\":\"Deko Design Systems\",\"description\":\"\",\"publisher\":{\"@id\":\"https:\/\/dekodesignsystems.com\/at\/#organization\"},\"potentialAction\":[{\"@type\":\"SearchAction\",\"target\":{\"@type\":\"EntryPoint\",\"urlTemplate\":\"https:\/\/dekodesignsystems.com\/at\/?s={search_term_string}\"},\"query-input\":{\"@type\":\"PropertyValueSpecification\",\"valueRequired\":true,\"valueName\":\"search_term_string\"}}],\"inLanguage\":\"de-AT\"},{\"@type\":\"Organization\",\"@id\":\"https:\/\/dekodesignsystems.com\/at\/#organization\",\"name\":\"Deko Design Systems ApS\",\"url\":\"https:\/\/dekodesignsystems.com\/at\/\",\"logo\":{\"@type\":\"ImageObject\",\"inLanguage\":\"de-AT\",\"@id\":\"https:\/\/dekodesignsystems.com\/at\/#\/schema\/logo\/image\/\",\"url\":\"https:\/\/dekodesignsystems.com\/wp-content\/uploads\/2024\/02\/Deko-design-systems.svg\",\"contentUrl\":\"https:\/\/dekodesignsystems.com\/wp-content\/uploads\/2024\/02\/Deko-design-systems.svg\",\"width\":231,\"height\":102,\"caption\":\"Deko Design Systems ApS\"},\"image\":{\"@id\":\"https:\/\/dekodesignsystems.com\/at\/#\/schema\/logo\/image\/\"}}]}<\/script>\n<!-- \/ Yoast SEO plugin. -->","yoast_head_json":{"title":"Richtlinie f\u00fcr pers\u00f6nliche Daten | Deko Design Systems","robots":{"index":"noindex","follow":"follow"},"og_locale":"de_DE","og_type":"article","og_title":"Richtlinie f\u00fcr pers\u00f6nliche Daten | Deko Design Systems","og_description":"Richtlinie f\u00fcr pers\u00f6nliche Daten Damit Sie einen Vertrag mit uns abschlie\u00dfen und auf unserer Website einkaufen k\u00f6nnen, ben\u00f6tigen wir die [&hellip;]","og_url":"https:\/\/dekodesignsystems.com\/at\/personal-data-policy\/","og_site_name":"Deko Design Systems","article_modified_time":"2025-02-03T17:57:09+00:00","twitter_card":"summary_large_image","twitter_misc":{"Gesch\u00e4tzte Lesezeit":"4 Minuten"},"schema":{"@context":"https:\/\/schema.org","@graph":[{"@type":"WebPage","@id":"https:\/\/dekodesignsystems.com\/at\/personal-data-policy\/","url":"https:\/\/dekodesignsystems.com\/at\/personal-data-policy\/","name":"Richtlinie f\u00fcr pers\u00f6nliche Daten | Deko Design Systems","isPartOf":{"@id":"https:\/\/dekodesignsystems.com\/at\/#website"},"datePublished":"2024-04-13T18:51:30+00:00","dateModified":"2025-02-03T17:57:09+00:00","breadcrumb":{"@id":"https:\/\/dekodesignsystems.com\/at\/personal-data-policy\/#breadcrumb"},"inLanguage":"de-AT","potentialAction":[{"@type":"ReadAction","target":["https:\/\/dekodesignsystems.com\/at\/personal-data-policy\/"]}]},{"@type":"BreadcrumbList","@id":"https:\/\/dekodesignsystems.com\/at\/personal-data-policy\/#breadcrumb","itemListElement":[{"@type":"ListItem","position":1,"name":"Startseite","item":"https:\/\/dekodesignsystems.com\/at\/"},{"@type":"ListItem","position":2,"name":"Richtlinie f\u00fcr pers\u00f6nliche Daten"}]},{"@type":"WebSite","@id":"https:\/\/dekodesignsystems.com\/at\/#website","url":"https:\/\/dekodesignsystems.com\/at\/","name":"Deko Design Systems","description":"","publisher":{"@id":"https:\/\/dekodesignsystems.com\/at\/#organization"},"potentialAction":[{"@type":"SearchAction","target":{"@type":"EntryPoint","urlTemplate":"https:\/\/dekodesignsystems.com\/at\/?s={search_term_string}"},"query-input":{"@type":"PropertyValueSpecification","valueRequired":true,"valueName":"search_term_string"}}],"inLanguage":"de-AT"},{"@type":"Organization","@id":"https:\/\/dekodesignsystems.com\/at\/#organization","name":"Deko Design Systems ApS","url":"https:\/\/dekodesignsystems.com\/at\/","logo":{"@type":"ImageObject","inLanguage":"de-AT","@id":"https:\/\/dekodesignsystems.com\/at\/#\/schema\/logo\/image\/","url":"https:\/\/dekodesignsystems.com\/wp-content\/uploads\/2024\/02\/Deko-design-systems.svg","contentUrl":"https:\/\/dekodesignsystems.com\/wp-content\/uploads\/2024\/02\/Deko-design-systems.svg","width":231,"height":102,"caption":"Deko Design Systems ApS"},"image":{"@id":"https:\/\/dekodesignsystems.com\/at\/#\/schema\/logo\/image\/"}}]}},"spectra_custom_meta":{"_edit_lock":["1719938468:1"],"_edit_last":["1"],"_wp_page_template":[""],"the_grid_item_custom_link_target":["_self"],"the_grid_item_col":["1"],"the_grid_item_row":["1"],"the_grid_item_content_color":["dark"],"the_grid_item_overlay_color":["light"],"the_grid_item_video_ratio":["4:3"],"the_grid_item_youtube_ratio":["4:3"],"the_grid_item_vimeo_ratio":["4:3"],"the_grid_item_wistia_ratio":["4:3"],"_wpml_media_duplicate":["1"],"_wpml_media_featured":["1"],"_yoast_wpseo_estimated-reading-time-minutes":["4"],"_yoast_wpseo_wordproof_timestamp":[""],"_wpml_location_migration_done":["1"],"_yoast_wpseo_content_score":["30"],"_wpml_word_count":["1031"],"_last_editor_used_jetpack":["block-editor"],"_last_translation_edit_mode":["translation-editor"],"_yoast_wpseo_meta-robots-noindex":["1"],"_uagb_previous_block_counts":["a:90:{s:21:\"uagb\/advanced-heading\";i:0;s:15:\"uagb\/blockquote\";i:0;s:12:\"uagb\/buttons\";i:0;s:18:\"uagb\/buttons-child\";i:0;s:19:\"uagb\/call-to-action\";i:0;s:15:\"uagb\/cf7-styler\";i:0;s:11:\"uagb\/column\";i:0;s:12:\"uagb\/columns\";i:0;s:14:\"uagb\/container\";i:0;s:21:\"uagb\/content-timeline\";i:0;s:27:\"uagb\/content-timeline-child\";i:0;s:14:\"uagb\/countdown\";i:0;s:12:\"uagb\/counter\";i:0;s:8:\"uagb\/faq\";i:0;s:14:\"uagb\/faq-child\";i:0;s:10:\"uagb\/forms\";i:0;s:17:\"uagb\/forms-accept\";i:0;s:19:\"uagb\/forms-checkbox\";i:0;s:15:\"uagb\/forms-date\";i:0;s:16:\"uagb\/forms-email\";i:0;s:17:\"uagb\/forms-hidden\";i:0;s:15:\"uagb\/forms-name\";i:0;s:16:\"uagb\/forms-phone\";i:0;s:16:\"uagb\/forms-radio\";i:0;s:17:\"uagb\/forms-select\";i:0;s:19:\"uagb\/forms-textarea\";i:0;s:17:\"uagb\/forms-toggle\";i:0;s:14:\"uagb\/forms-url\";i:0;s:14:\"uagb\/gf-styler\";i:0;s:15:\"uagb\/google-map\";i:0;s:11:\"uagb\/how-to\";i:0;s:16:\"uagb\/how-to-step\";i:0;s:9:\"uagb\/icon\";i:0;s:14:\"uagb\/icon-list\";i:0;s:20:\"uagb\/icon-list-child\";i:0;s:10:\"uagb\/image\";i:0;s:18:\"uagb\/image-gallery\";i:0;s:13:\"uagb\/info-box\";i:0;s:18:\"uagb\/inline-notice\";i:0;s:11:\"uagb\/lottie\";i:0;s:21:\"uagb\/marketing-button\";i:0;s:10:\"uagb\/modal\";i:0;s:18:\"uagb\/popup-builder\";i:0;s:16:\"uagb\/post-button\";i:0;s:18:\"uagb\/post-carousel\";i:0;s:17:\"uagb\/post-excerpt\";i:0;s:14:\"uagb\/post-grid\";i:0;s:15:\"uagb\/post-image\";i:0;s:17:\"uagb\/post-masonry\";i:0;s:14:\"uagb\/post-meta\";i:0;s:18:\"uagb\/post-taxonomy\";i:0;s:18:\"uagb\/post-timeline\";i:0;s:15:\"uagb\/post-title\";i:0;s:20:\"uagb\/restaurant-menu\";i:0;s:26:\"uagb\/restaurant-menu-child\";i:0;s:11:\"uagb\/review\";i:0;s:12:\"uagb\/section\";i:0;s:14:\"uagb\/separator\";i:0;s:11:\"uagb\/slider\";i:0;s:17:\"uagb\/slider-child\";i:0;s:17:\"uagb\/social-share\";i:0;s:23:\"uagb\/social-share-child\";i:0;s:16:\"uagb\/star-rating\";i:0;s:23:\"uagb\/sure-cart-checkout\";i:0;s:22:\"uagb\/sure-cart-product\";i:0;s:15:\"uagb\/sure-forms\";i:0;s:22:\"uagb\/table-of-contents\";i:0;s:9:\"uagb\/tabs\";i:0;s:15:\"uagb\/tabs-child\";i:0;s:18:\"uagb\/taxonomy-list\";i:0;s:9:\"uagb\/team\";i:0;s:16:\"uagb\/testimonial\";i:0;s:14:\"uagb\/wp-search\";i:0;s:19:\"uagb\/instagram-feed\";i:0;s:10:\"uagb\/login\";i:0;s:17:\"uagb\/loop-builder\";i:0;s:18:\"uagb\/loop-category\";i:0;s:20:\"uagb\/loop-pagination\";i:0;s:15:\"uagb\/loop-reset\";i:0;s:16:\"uagb\/loop-search\";i:0;s:14:\"uagb\/loop-sort\";i:0;s:17:\"uagb\/loop-wrapper\";i:0;s:13:\"uagb\/register\";i:0;s:19:\"uagb\/register-email\";i:0;s:24:\"uagb\/register-first-name\";i:0;s:23:\"uagb\/register-last-name\";i:0;s:22:\"uagb\/register-password\";i:0;s:30:\"uagb\/register-reenter-password\";i:0;s:19:\"uagb\/register-terms\";i:0;s:22:\"uagb\/register-username\";i:0;}"],"_uag_css_file_name":["uag-css-1735.css"],"_uag_page_assets":["a:9:{s:3:\"css\";s:260:\".uag-blocks-common-selector{z-index:var(--z-index-desktop) !important}@media(max-width: 976px){.uag-blocks-common-selector{z-index:var(--z-index-tablet) !important}}@media(max-width: 767px){.uag-blocks-common-selector{z-index:var(--z-index-mobile) !important}}\";s:2:\"js\";s:0:\"\";s:18:\"current_block_list\";a:21:{i:0;s:14:\"core\/paragraph\";i:1;s:9:\"core\/list\";i:2;s:14:\"core\/list-item\";i:3;s:11:\"core\/search\";i:4;s:10:\"core\/group\";i:5;s:12:\"core\/heading\";i:6;s:17:\"core\/latest-posts\";i:7;s:20:\"core\/latest-comments\";i:8;s:13:\"core\/archives\";i:9;s:15:\"core\/categories\";i:10;s:10:\"core\/image\";i:11;s:17:\"core\/social-links\";i:12;s:28:\"woocommerce\/customer-account\";i:13;s:12:\"core\/columns\";i:14;s:11:\"core\/column\";i:15;s:12:\"core\/buttons\";i:16;s:11:\"core\/button\";i:20;s:16:\"core\/social-link\";i:21;s:17:\"safe-svg\/svg-icon\";i:22;s:12:\"core\/gallery\";i:23;s:11:\"core\/spacer\";}s:8:\"uag_flag\";b:0;s:11:\"uag_version\";i:1778143574;s:6:\"gfonts\";a:0:{}s:10:\"gfonts_url\";s:0:\"\";s:12:\"gfonts_files\";a:0:{}s:14:\"uag_faq_layout\";b:0;}"]},"uagb_featured_image_src":{"full":false,"thumbnail":false,"medium":false,"medium_large":false,"large":false,"1536x1536":false,"2048x2048":false,"the_grid_size1":false,"the_grid_size2":false,"the_grid_size3":false,"the_grid_size4":false,"the_grid_size5":false,"woocommerce_thumbnail":false,"woocommerce_single":false,"woocommerce_gallery_thumbnail":false},"uagb_author_info":{"display_name":"michaelnoe","author_link":"https:\/\/dekodesignsystems.com\/at\/author\/michaelnoe\/"},"uagb_comment_info":0,"uagb_excerpt":"Richtlinie f\u00fcr pers\u00f6nliche Daten Damit Sie einen Vertrag mit uns abschlie\u00dfen und auf unserer Website einkaufen k\u00f6nnen, ben\u00f6tigen wir die [&hellip;]","jetpack_sharing_enabled":true,"_links":{"self":[{"href":"https:\/\/dekodesignsystems.com\/at\/wp-json\/wp\/v2\/pages\/1735","targetHints":{"allow":["GET"]}}],"collection":[{"href":"https:\/\/dekodesignsystems.com\/at\/wp-json\/wp\/v2\/pages"}],"about":[{"href":"https:\/\/dekodesignsystems.com\/at\/wp-json\/wp\/v2\/types\/page"}],"author":[{"embeddable":true,"href":"https:\/\/dekodesignsystems.com\/at\/wp-json\/wp\/v2\/users\/1"}],"replies":[{"embeddable":true,"href":"https:\/\/dekodesignsystems.com\/at\/wp-json\/wp\/v2\/comments?post=1735"}],"version-history":[{"count":6,"href":"https:\/\/dekodesignsystems.com\/at\/wp-json\/wp\/v2\/pages\/1735\/revisions"}],"predecessor-version":[{"id":12951,"href":"https:\/\/dekodesignsystems.com\/at\/wp-json\/wp\/v2\/pages\/1735\/revisions\/12951"}],"wp:attachment":[{"href":"https:\/\/dekodesignsystems.com\/at\/wp-json\/wp\/v2\/media?parent=1735"}],"curies":[{"name":"wp","href":"https:\/\/api.w.org\/{rel}","templated":true}]}}